{"id":245204,"date":"2026-01-02T23:10:16","date_gmt":"2026-01-02T20:10:16","guid":{"rendered":"https:\/\/baldumarket.lt\/product\/umywalka-meblowa-dwukomorowa-ceramiczna-120-cm-fly-120d-e-8073-120d-bialy-polysk\/"},"modified":"2026-02-11T18:33:17","modified_gmt":"2026-02-11T15:33:17","slug":"umywalka-meblowa-dwukomorowa-ceramiczna-120-cm-fly-120d-e-8073-120d-bialy-polysk","status":"publish","type":"product","link":"https:\/\/baldumarket.lt\/lt\/product\/umywalka-meblowa-dwukomorowa-ceramiczna-120-cm-fly-120d-e-8073-120d-bialy-polysk\/","title":{"rendered":"Bald\u0173 praustuvas, dviej\u0173 kamer\u0173, keraminis, 120 cm, FLY 120D, E-8073-120D, blizgi balta spalva"},"content":{"rendered":"<p>Dviej\u0173 duben\u0173 keraminis bald\u0173 praustuvas 120 cm FLY 120D E-8073-120D Blizgi balta Matmenys: Plotis (cm): 121 Gylis (cm): 46 Auk\u0161tis (cm): 15,5 Svoris (kg): 24,5 Techniniai duomenys: Praustuvo med\u017eiaga: keramika Praustuvo spalva: Blizgi balta Mai\u0161ytuvo angos skersmuo: 3,5 cm Kra\u0161to auk\u0161tis: 1,8 cm I\u0161leidimo angos skersmuo: 4,5 cm Persipylimo anga: Taip Pridedama \u201eClick-Clack\u201c jungtis: Ne Praustuvo tvirtinimo b\u016bdas: \u012emontuojamas<\/p>","protected":false},"excerpt":{"rendered":"<p>Plotis (cm): 121<br \/>\n\u016agis (cm): 15,5<br \/>\nGylis (cm): 46<\/p>","protected":false},"featured_media":245205,"comment_status":"open","ping_status":"open","template":"","meta":[],"product_brand":[],"product_cat":[9117,2015,9185],"product_tag":[],"class_list":{"0":"post-245204","1":"product","2":"type-product","3":"status-publish","4":"has-post-thumbnail","6":"product_cat-bathroom","7":"product_cat-comad","8":"product_cat-washbasin-comad","10":"first","11":"instock","12":"purchasable","13":"product-type-simple"},"_links":{"self":[{"href":"https:\/\/baldumarket.lt\/lt\/wp-json\/wp\/v2\/product\/245204","targetHints":{"allow":["GET"]}}],"collection":[{"href":"https:\/\/baldumarket.lt\/lt\/wp-json\/wp\/v2\/product"}],"about":[{"href":"https:\/\/baldumarket.lt\/lt\/wp-json\/wp\/v2\/types\/product"}],"replies":[{"embeddable":true,"href":"https:\/\/baldumarket.lt\/lt\/wp-json\/wp\/v2\/comments?post=245204"}],"wp:featuredmedia":[{"embeddable":true,"href":"https:\/\/baldumarket.lt\/lt\/wp-json\/wp\/v2\/media\/245205"}],"wp:attachment":[{"href":"https:\/\/baldumarket.lt\/lt\/wp-json\/wp\/v2\/media?parent=245204"}],"wp:term":[{"taxonomy":"product_brand","embeddable":true,"href":"https:\/\/baldumarket.lt\/lt\/wp-json\/wp\/v2\/product_brand?post=245204"},{"taxonomy":"product_cat","embeddable":true,"href":"https:\/\/baldumarket.lt\/lt\/wp-json\/wp\/v2\/product_cat?post=245204"},{"taxonomy":"product_tag","embeddable":true,"href":"https:\/\/baldumarket.lt\/lt\/wp-json\/wp\/v2\/product_tag?post=245204"}],"curies":[{"name":"wp","href":"https:\/\/api.w.org\/{rel}","templated":true}]}}