{"id":245197,"date":"2026-01-02T23:10:13","date_gmt":"2026-01-02T20:10:13","guid":{"rendered":"https:\/\/baldumarket.lt\/product\/umywalka-meblowa-ceramiczna-um-cfp-lava-60d-bialy-polysk\/"},"modified":"2026-02-11T18:33:17","modified_gmt":"2026-02-11T15:33:17","slug":"umywalka-meblowa-ceramiczna-um-cfp-lava-60d-bialy-polysk","status":"publish","type":"product","link":"https:\/\/baldumarket.lt\/lt\/product\/umywalka-meblowa-ceramiczna-um-cfp-lava-60d-bialy-polysk\/","title":{"rendered":"Keraminis bald\u0173 praustuvas UM-CFP LAVA 60D baltas blizgus"},"content":{"rendered":"<p>Keraminis bald\u0173 praustuvas UM-CFP LAVA 60D Blizgi balta Keraminis praustuvas 60 cm plo\u010dio Matmenys: Plotis (cm): 61 Gylis (cm): 46 Auk\u0161tis (cm): 14 Svoris (kg): 5 Techniniai duomenys: Praustuvo med\u017eiaga: keramika Praustuvo spalva: Blizgi balta Mai\u0161ytuvo angos skersmuo: 3,5 cm Kra\u0161to auk\u0161tis: 14,5 cm I\u0161leidimo angos skersmuo: 4,5 cm Persipylimo anga: Ne Pridedamas \u201eClick-Clack\u201c: Ne Praustuvo tvirtinimo b\u016bdas: Statyti ant stalvir\u0161io Transportavimas: siunta Praustuvas pagamintas i\u0161 auk\u0161\u010diausios kokyb\u0117s keramikos, yra lengvas ir patvarus. Praustuvas turi standartin\u0119 mai\u0161ytuvo ang\u0105 ir sifon\u0105.<\/p>","protected":false},"excerpt":{"rendered":"<p>Plotis (cm): 61<br \/>\n\u016agis (cm): 14<br \/>\nGylis (cm): 46<\/p>","protected":false},"featured_media":244920,"comment_status":"open","ping_status":"open","template":"","meta":[],"product_brand":[],"product_cat":[9117,2015,9185],"product_tag":[],"class_list":{"0":"post-245197","1":"product","2":"type-product","3":"status-publish","4":"has-post-thumbnail","6":"product_cat-bathroom","7":"product_cat-comad","8":"product_cat-washbasin-comad","10":"first","11":"instock","12":"purchasable","13":"product-type-simple"},"_links":{"self":[{"href":"https:\/\/baldumarket.lt\/lt\/wp-json\/wp\/v2\/product\/245197","targetHints":{"allow":["GET"]}}],"collection":[{"href":"https:\/\/baldumarket.lt\/lt\/wp-json\/wp\/v2\/product"}],"about":[{"href":"https:\/\/baldumarket.lt\/lt\/wp-json\/wp\/v2\/types\/product"}],"replies":[{"embeddable":true,"href":"https:\/\/baldumarket.lt\/lt\/wp-json\/wp\/v2\/comments?post=245197"}],"wp:featuredmedia":[{"embeddable":true,"href":"https:\/\/baldumarket.lt\/lt\/wp-json\/wp\/v2\/media\/244920"}],"wp:attachment":[{"href":"https:\/\/baldumarket.lt\/lt\/wp-json\/wp\/v2\/media?parent=245197"}],"wp:term":[{"taxonomy":"product_brand","embeddable":true,"href":"https:\/\/baldumarket.lt\/lt\/wp-json\/wp\/v2\/product_brand?post=245197"},{"taxonomy":"product_cat","embeddable":true,"href":"https:\/\/baldumarket.lt\/lt\/wp-json\/wp\/v2\/product_cat?post=245197"},{"taxonomy":"product_tag","embeddable":true,"href":"https:\/\/baldumarket.lt\/lt\/wp-json\/wp\/v2\/product_tag?post=245197"}],"curies":[{"name":"wp","href":"https:\/\/api.w.org\/{rel}","templated":true}]}}