{"id":245191,"date":"2026-01-02T23:10:10","date_gmt":"2026-01-02T20:10:10","guid":{"rendered":"https:\/\/baldumarket.lt\/product\/umywalka-meblowa-ceramiczna-dwukomorowa-120-cm-sky-1-black-matt-120d-e-8099-120d-czarny-mat\/"},"modified":"2026-02-11T18:33:17","modified_gmt":"2026-02-11T15:33:17","slug":"umywalka-meblowa-ceramiczna-dwukomorowa-120-cm-sky-1-black-matt-120d-e-8099-120d-czarny-mat","status":"publish","type":"product","link":"https:\/\/baldumarket.lt\/lt\/product\/umywalka-meblowa-ceramiczna-dwukomorowa-120-cm-sky-1-black-matt-120d-e-8099-120d-czarny-mat\/","title":{"rendered":"Keraminis bald\u0173 praustuvas, dvigubas dubuo, 120 cm, SKY 1 BLACK MATT, 120D, E-8099-120D, matin\u0117 juoda"},"content":{"rendered":"<p>Keraminis baldinis praustuvas, dvigubas dubuo, 120 cm, SKY 1 BLACK MATT 120D E-8099-120D matin\u0117s juodos spalvos. Keraminis baldinis praustuvas, dvigubas dubuo, 120 cm, SKY 1 BLACK MATT 120D E-8099-120D, matin\u0117s juodos spalvos. Matmenys: Plotis (cm): 121 Gylis (cm): 46 Auk\u0161tis (cm): 17 Techniniai duomenys: Svoris (kg): 33 Praustuvo med\u017eiaga: keramika Praustuvo spalva: matin\u0117 juoda Kra\u0161to auk\u0161tis (cm): 1,5 Mai\u0161ytuvo angos skersmuo (cm): 3,5 I\u0161leidimo angos skersmuo (cm): 4,5 Keraminis baldinis praustuvas, dvigubas dubuo, 120 cm, SKY 1 BLACK MATT 120D E-8099-120D, matin\u0117s juodos spalvos. Matin\u0117s juodos spalvos.<\/p>","protected":false},"excerpt":{"rendered":"<p>Plotis (cm): 121<br \/>\nGylis (cm): 46<br \/>\n\u016agis (cm): 17<\/p>","protected":false},"featured_media":245192,"comment_status":"open","ping_status":"open","template":"","meta":[],"product_brand":[],"product_cat":[9117,2015,9185],"product_tag":[],"class_list":{"0":"post-245191","1":"product","2":"type-product","3":"status-publish","4":"has-post-thumbnail","6":"product_cat-bathroom","7":"product_cat-comad","8":"product_cat-washbasin-comad","10":"first","11":"instock","12":"purchasable","13":"product-type-simple"},"_links":{"self":[{"href":"https:\/\/baldumarket.lt\/lt\/wp-json\/wp\/v2\/product\/245191","targetHints":{"allow":["GET"]}}],"collection":[{"href":"https:\/\/baldumarket.lt\/lt\/wp-json\/wp\/v2\/product"}],"about":[{"href":"https:\/\/baldumarket.lt\/lt\/wp-json\/wp\/v2\/types\/product"}],"replies":[{"embeddable":true,"href":"https:\/\/baldumarket.lt\/lt\/wp-json\/wp\/v2\/comments?post=245191"}],"wp:featuredmedia":[{"embeddable":true,"href":"https:\/\/baldumarket.lt\/lt\/wp-json\/wp\/v2\/media\/245192"}],"wp:attachment":[{"href":"https:\/\/baldumarket.lt\/lt\/wp-json\/wp\/v2\/media?parent=245191"}],"wp:term":[{"taxonomy":"product_brand","embeddable":true,"href":"https:\/\/baldumarket.lt\/lt\/wp-json\/wp\/v2\/product_brand?post=245191"},{"taxonomy":"product_cat","embeddable":true,"href":"https:\/\/baldumarket.lt\/lt\/wp-json\/wp\/v2\/product_cat?post=245191"},{"taxonomy":"product_tag","embeddable":true,"href":"https:\/\/baldumarket.lt\/lt\/wp-json\/wp\/v2\/product_tag?post=245191"}],"curies":[{"name":"wp","href":"https:\/\/api.w.org\/{rel}","templated":true}]}}