{"id":245168,"date":"2026-01-02T23:10:00","date_gmt":"2026-01-02T20:10:00","guid":{"rendered":"https:\/\/baldumarket.lt\/product\/umywalka-meblowa-ceramiczna-80-cm-fly-e-8073-80-bialy-polysk\/"},"modified":"2026-02-11T18:33:17","modified_gmt":"2026-02-11T15:33:17","slug":"umywalka-meblowa-ceramiczna-80-cm-fly-e-8073-80-bialy-polysk","status":"publish","type":"product","link":"https:\/\/baldumarket.lt\/lt\/product\/umywalka-meblowa-ceramiczna-80-cm-fly-e-8073-80-bialy-polysk\/","title":{"rendered":"Keraminis praustuvas baldams, 80 cm, FLY E-8073-80, baltas blizgus"},"content":{"rendered":"<p>Keraminis baldinis praustuvas, 80 cm FLY E-8073-80 blizgios baltos spalvos. Keraminis baldinis praustuvas, 80 cm plo\u010dio, modelis FLY E-8073-80, blizgios baltos spalvos. Matmenys: Plotis (cm): 81 Gylis (cm): 46 Auk\u0161tis (cm): 15,5 Techniniai duomenys: Spalva: Blizgi balta Praustuvo med\u017eiaga: Keramika Persipylimo anga: Taip Yra \u201eClick-Clack\u201c mechanizmai: Ne Mai\u0161ytuvo angos skersmuo: 3,5 cm I\u0161leidimo angos skersmuo: 4,5 cm Kra\u0161to auk\u0161tis: 1,8 cm Dubens plotis: 65 cm Dubens ilgis: 26 cm Dubens gylis: 15,5 cm Praustuvo montavimo b\u016bdas: \u012emontuojamas. Keraminis baldinis praustuvas, 80 cm plo\u010dio, modelis FLY E-8073-80, baltos spalvos.<\/p>","protected":false},"excerpt":{"rendered":"<p>Plotis (cm): 81<br \/>\n\u016agis (cm): 15,5<br \/>\nGylis (cm): 46<\/p>","protected":false},"featured_media":245169,"comment_status":"open","ping_status":"open","template":"","meta":[],"product_brand":[],"product_cat":[9117,2015,9185],"product_tag":[],"class_list":{"0":"post-245168","1":"product","2":"type-product","3":"status-publish","4":"has-post-thumbnail","6":"product_cat-bathroom","7":"product_cat-comad","8":"product_cat-washbasin-comad","10":"first","11":"instock","12":"purchasable","13":"product-type-simple"},"_links":{"self":[{"href":"https:\/\/baldumarket.lt\/lt\/wp-json\/wp\/v2\/product\/245168","targetHints":{"allow":["GET"]}}],"collection":[{"href":"https:\/\/baldumarket.lt\/lt\/wp-json\/wp\/v2\/product"}],"about":[{"href":"https:\/\/baldumarket.lt\/lt\/wp-json\/wp\/v2\/types\/product"}],"replies":[{"embeddable":true,"href":"https:\/\/baldumarket.lt\/lt\/wp-json\/wp\/v2\/comments?post=245168"}],"wp:featuredmedia":[{"embeddable":true,"href":"https:\/\/baldumarket.lt\/lt\/wp-json\/wp\/v2\/media\/245169"}],"wp:attachment":[{"href":"https:\/\/baldumarket.lt\/lt\/wp-json\/wp\/v2\/media?parent=245168"}],"wp:term":[{"taxonomy":"product_brand","embeddable":true,"href":"https:\/\/baldumarket.lt\/lt\/wp-json\/wp\/v2\/product_brand?post=245168"},{"taxonomy":"product_cat","embeddable":true,"href":"https:\/\/baldumarket.lt\/lt\/wp-json\/wp\/v2\/product_cat?post=245168"},{"taxonomy":"product_tag","embeddable":true,"href":"https:\/\/baldumarket.lt\/lt\/wp-json\/wp\/v2\/product_tag?post=245168"}],"curies":[{"name":"wp","href":"https:\/\/api.w.org\/{rel}","templated":true}]}}