{"id":245164,"date":"2026-01-02T23:09:58","date_gmt":"2026-01-02T20:09:58","guid":{"rendered":"https:\/\/baldumarket.lt\/product\/umywalka-meblowa-ceramiczna-70-cm-sky-70-8099-bialy-polysk\/"},"modified":"2026-02-11T18:33:17","modified_gmt":"2026-02-11T15:33:17","slug":"umywalka-meblowa-ceramiczna-70-cm-sky-70-8099-bialy-polysk","status":"publish","type":"product","link":"https:\/\/baldumarket.lt\/lt\/product\/umywalka-meblowa-ceramiczna-70-cm-sky-70-8099-bialy-polysk\/","title":{"rendered":"Keraminis bald\u0173 praustuvas 70 cm SKY 70-8099 baltas blizgus"},"content":{"rendered":"<p>Keraminis bald\u0173 praustuvas 70 cm SKY 70-8099 Blizgios baltos spalvos Matmenys: Plotis (cm): 71 Gylis (cm): 46 Auk\u0161tis (cm): 17 Techniniai duomenys: Svoris (kg): 14 Praustuvo med\u017eiaga: keramika Praustuvo spalva: Blizgi balta Kra\u0161to auk\u0161tis: 1,5 cm I\u0161leidimo angos skersmuo: 4,5 cm Persipylimo anga: Taip \u012etraukta \u201eclick-clack\u201c jungtis: Ne Praustuvo montavimo b\u016bdas: \u012emontuojamas<\/p>","protected":false},"excerpt":{"rendered":"<p>Plotis (cm): 71<br \/>\n\u016agis (cm): 17<br \/>\nGylis (cm): 46<\/p>","protected":false},"featured_media":245165,"comment_status":"open","ping_status":"open","template":"","meta":[],"product_brand":[],"product_cat":[9117,2015,9185],"product_tag":[],"class_list":{"0":"post-245164","1":"product","2":"type-product","3":"status-publish","4":"has-post-thumbnail","6":"product_cat-bathroom","7":"product_cat-comad","8":"product_cat-washbasin-comad","10":"first","11":"instock","12":"purchasable","13":"product-type-simple"},"_links":{"self":[{"href":"https:\/\/baldumarket.lt\/lt\/wp-json\/wp\/v2\/product\/245164","targetHints":{"allow":["GET"]}}],"collection":[{"href":"https:\/\/baldumarket.lt\/lt\/wp-json\/wp\/v2\/product"}],"about":[{"href":"https:\/\/baldumarket.lt\/lt\/wp-json\/wp\/v2\/types\/product"}],"replies":[{"embeddable":true,"href":"https:\/\/baldumarket.lt\/lt\/wp-json\/wp\/v2\/comments?post=245164"}],"wp:featuredmedia":[{"embeddable":true,"href":"https:\/\/baldumarket.lt\/lt\/wp-json\/wp\/v2\/media\/245165"}],"wp:attachment":[{"href":"https:\/\/baldumarket.lt\/lt\/wp-json\/wp\/v2\/media?parent=245164"}],"wp:term":[{"taxonomy":"product_brand","embeddable":true,"href":"https:\/\/baldumarket.lt\/lt\/wp-json\/wp\/v2\/product_brand?post=245164"},{"taxonomy":"product_cat","embeddable":true,"href":"https:\/\/baldumarket.lt\/lt\/wp-json\/wp\/v2\/product_cat?post=245164"},{"taxonomy":"product_tag","embeddable":true,"href":"https:\/\/baldumarket.lt\/lt\/wp-json\/wp\/v2\/product_tag?post=245164"}],"curies":[{"name":"wp","href":"https:\/\/api.w.org\/{rel}","templated":true}]}}