{"id":245160,"date":"2026-01-02T23:09:57","date_gmt":"2026-01-02T20:09:57","guid":{"rendered":"https:\/\/baldumarket.lt\/product\/umywalka-meblowa-ceramiczna-60-cm-un-rita-gw-60-bialy-polysk\/"},"modified":"2026-02-11T18:33:17","modified_gmt":"2026-02-11T15:33:17","slug":"umywalka-meblowa-ceramiczna-60-cm-un-rita-gw-60-bialy-polysk","status":"publish","type":"product","link":"https:\/\/baldumarket.lt\/lt\/product\/umywalka-meblowa-ceramiczna-60-cm-un-rita-gw-60-bialy-polysk\/","title":{"rendered":"Keraminis bald\u0173 praustuvas, 60 cm, UN-RITA-GW-60, blizgi balta spalva"},"content":{"rendered":"<p>Keraminis bald\u0173 praustuvas 60 cm UN-RITA-GW-60 blizgios baltos spalvos. \u0160is 60 cm plo\u010dio sta\u010diakampis stalvir\u0161io praustuvas pagamintas i\u0161 auk\u0161tos kokyb\u0117s baltos keramikos. Jis yra blizgios apdailos. Matmenys: Plotis (cm): 60 Gylis (cm): 40 Auk\u0161tis (cm): 17 Techniniai duomenys: Svoris (kg): 13 Praustuvo med\u017eiaga: Keramika Praustuvo spalva: Blizgi balta Kra\u0161to auk\u0161tis: 7,5 cm I\u0161leidimo angos skersmuo: 4,5 cm Persipylimo anga: Taip \u012etraukta \u201eclick-clack\u201c jungtis: Ne Praustuvo montavimo b\u016bdas: \u012emontuojamas<\/p>","protected":false},"excerpt":{"rendered":"<p>Plotis (cm): 60<br \/>\n\u016agis (cm): 17<br \/>\nGylis (cm): 40<\/p>","protected":false},"featured_media":245161,"comment_status":"open","ping_status":"open","template":"","meta":[],"product_brand":[],"product_cat":[9117,2015,9185],"product_tag":[],"class_list":{"0":"post-245160","1":"product","2":"type-product","3":"status-publish","4":"has-post-thumbnail","6":"product_cat-bathroom","7":"product_cat-comad","8":"product_cat-washbasin-comad","10":"first","11":"instock","12":"purchasable","13":"product-type-simple"},"_links":{"self":[{"href":"https:\/\/baldumarket.lt\/lt\/wp-json\/wp\/v2\/product\/245160","targetHints":{"allow":["GET"]}}],"collection":[{"href":"https:\/\/baldumarket.lt\/lt\/wp-json\/wp\/v2\/product"}],"about":[{"href":"https:\/\/baldumarket.lt\/lt\/wp-json\/wp\/v2\/types\/product"}],"replies":[{"embeddable":true,"href":"https:\/\/baldumarket.lt\/lt\/wp-json\/wp\/v2\/comments?post=245160"}],"wp:featuredmedia":[{"embeddable":true,"href":"https:\/\/baldumarket.lt\/lt\/wp-json\/wp\/v2\/media\/245161"}],"wp:attachment":[{"href":"https:\/\/baldumarket.lt\/lt\/wp-json\/wp\/v2\/media?parent=245160"}],"wp:term":[{"taxonomy":"product_brand","embeddable":true,"href":"https:\/\/baldumarket.lt\/lt\/wp-json\/wp\/v2\/product_brand?post=245160"},{"taxonomy":"product_cat","embeddable":true,"href":"https:\/\/baldumarket.lt\/lt\/wp-json\/wp\/v2\/product_cat?post=245160"},{"taxonomy":"product_tag","embeddable":true,"href":"https:\/\/baldumarket.lt\/lt\/wp-json\/wp\/v2\/product_tag?post=245160"}],"curies":[{"name":"wp","href":"https:\/\/api.w.org\/{rel}","templated":true}]}}