{"id":245144,"date":"2026-01-02T23:09:50","date_gmt":"2026-01-02T20:09:50","guid":{"rendered":"https:\/\/baldumarket.lt\/product\/umywalka-meblowa-ceramiczna-60-cm-fly-e-8073-60-bialy-polysk\/"},"modified":"2026-02-11T18:33:18","modified_gmt":"2026-02-11T15:33:18","slug":"umywalka-meblowa-ceramiczna-60-cm-fly-e-8073-60-bialy-polysk","status":"publish","type":"product","link":"https:\/\/baldumarket.lt\/lt\/product\/umywalka-meblowa-ceramiczna-60-cm-fly-e-8073-60-bialy-polysk\/","title":{"rendered":"Keraminis praustuvas baldams, 60 cm, FLY E-8073-60, blizgi balta"},"content":{"rendered":"<p>Keraminis baldinis praustuvas, 60 cm plo\u010dio, modelis FLY E-8073-60, blizgios baltos spalvos. Keraminis baldinis praustuvas, 60 cm plo\u010dio, modelis FLY E-8073-60, blizgios baltos spalvos. Matmenys: Plotis (cm): 61 Gylis (cm): 46 Auk\u0161tis (cm): 15,5 Techniniai duomenys: Praustuvo med\u017eiaga: keramika Praustuvo spalva: blizgi balta Mai\u0161ytuvo angos skersmuo: 3,5 cm Kra\u0161to auk\u0161tis: 1,8 cm I\u0161leidimo angos skersmuo: 4,5 cm Persipylimo anga: Taip \u012etraukta \u201eclick-clack\u201c: Ne Praustuvo montavimo b\u016bdas: \u012eleid\u017eiamas \u012f spintel\u0119 Keraminis baldinis praustuvas, 60 cm plo\u010dio, modelis FLY E-8073-60, blizgios baltos spalvos.<\/p>","protected":false},"excerpt":{"rendered":"<p>Plotis (cm): 61<br \/>\n\u016agis (cm): 15,5<br \/>\nGylis (cm): 46<\/p>","protected":false},"featured_media":245145,"comment_status":"open","ping_status":"open","template":"","meta":[],"product_brand":[],"product_cat":[9117,2015,9185],"product_tag":[],"class_list":{"0":"post-245144","1":"product","2":"type-product","3":"status-publish","4":"has-post-thumbnail","6":"product_cat-bathroom","7":"product_cat-comad","8":"product_cat-washbasin-comad","10":"first","11":"instock","12":"purchasable","13":"product-type-simple"},"_links":{"self":[{"href":"https:\/\/baldumarket.lt\/lt\/wp-json\/wp\/v2\/product\/245144","targetHints":{"allow":["GET"]}}],"collection":[{"href":"https:\/\/baldumarket.lt\/lt\/wp-json\/wp\/v2\/product"}],"about":[{"href":"https:\/\/baldumarket.lt\/lt\/wp-json\/wp\/v2\/types\/product"}],"replies":[{"embeddable":true,"href":"https:\/\/baldumarket.lt\/lt\/wp-json\/wp\/v2\/comments?post=245144"}],"wp:featuredmedia":[{"embeddable":true,"href":"https:\/\/baldumarket.lt\/lt\/wp-json\/wp\/v2\/media\/245145"}],"wp:attachment":[{"href":"https:\/\/baldumarket.lt\/lt\/wp-json\/wp\/v2\/media?parent=245144"}],"wp:term":[{"taxonomy":"product_brand","embeddable":true,"href":"https:\/\/baldumarket.lt\/lt\/wp-json\/wp\/v2\/product_brand?post=245144"},{"taxonomy":"product_cat","embeddable":true,"href":"https:\/\/baldumarket.lt\/lt\/wp-json\/wp\/v2\/product_cat?post=245144"},{"taxonomy":"product_tag","embeddable":true,"href":"https:\/\/baldumarket.lt\/lt\/wp-json\/wp\/v2\/product_tag?post=245144"}],"curies":[{"name":"wp","href":"https:\/\/api.w.org\/{rel}","templated":true}]}}