{"id":245140,"date":"2026-01-02T23:09:48","date_gmt":"2026-01-02T20:09:48","guid":{"rendered":"https:\/\/baldumarket.lt\/product\/umywalka-meblowa-ceramiczna-50-cm-un-rita-gw-50-bialy-polysk\/"},"modified":"2026-02-11T18:33:18","modified_gmt":"2026-02-11T15:33:18","slug":"umywalka-meblowa-ceramiczna-50-cm-un-rita-gw-50-bialy-polysk","status":"publish","type":"product","link":"https:\/\/baldumarket.lt\/lt\/product\/umywalka-meblowa-ceramiczna-50-cm-un-rita-gw-50-bialy-polysk\/","title":{"rendered":"Keraminis bald\u0173 praustuvas, 50 cm, UN-RITA-GW-50, blizgi balta spalva"},"content":{"rendered":"<p>Keraminis bald\u0173 praustuvas 50 cm UN-RITA-GW-50 blizgios baltos spalvos. \u0160is 50 cm plo\u010dio sta\u010diakampis stalvir\u0161io praustuvas pagamintas i\u0161 auk\u0161tos kokyb\u0117s baltos keramikos. Jis yra blizgios apdailos. Matmenys: Plotis (cm): 50 Gylis (cm): 40 Auk\u0161tis (cm): 17 Techniniai duomenys: Svoris (kg): 11 Praustuvo med\u017eiaga: Keramika Praustuvo spalva: Blizgi balta Kra\u0161to auk\u0161tis: 7,5 cm I\u0161leidimo angos skersmuo: 4,5 cm Mai\u0161ytuvo angos skersmuo: 3,5 cm Persipylimo anga: Taip \u012etraukta \u201eClick-Clack\u201c: Ne Praustuvo montavimo b\u016bdas: \u012emontuojamas<\/p>","protected":false},"excerpt":{"rendered":"<p>Plotis (cm): 50<br \/>\n\u016agis (cm): 17<br \/>\nGylis (cm): 40<\/p>","protected":false},"featured_media":245141,"comment_status":"open","ping_status":"open","template":"","meta":[],"product_brand":[],"product_cat":[9117,2015,9185],"product_tag":[],"class_list":{"0":"post-245140","1":"product","2":"type-product","3":"status-publish","4":"has-post-thumbnail","6":"product_cat-bathroom","7":"product_cat-comad","8":"product_cat-washbasin-comad","10":"first","11":"instock","12":"purchasable","13":"product-type-simple"},"_links":{"self":[{"href":"https:\/\/baldumarket.lt\/lt\/wp-json\/wp\/v2\/product\/245140","targetHints":{"allow":["GET"]}}],"collection":[{"href":"https:\/\/baldumarket.lt\/lt\/wp-json\/wp\/v2\/product"}],"about":[{"href":"https:\/\/baldumarket.lt\/lt\/wp-json\/wp\/v2\/types\/product"}],"replies":[{"embeddable":true,"href":"https:\/\/baldumarket.lt\/lt\/wp-json\/wp\/v2\/comments?post=245140"}],"wp:featuredmedia":[{"embeddable":true,"href":"https:\/\/baldumarket.lt\/lt\/wp-json\/wp\/v2\/media\/245141"}],"wp:attachment":[{"href":"https:\/\/baldumarket.lt\/lt\/wp-json\/wp\/v2\/media?parent=245140"}],"wp:term":[{"taxonomy":"product_brand","embeddable":true,"href":"https:\/\/baldumarket.lt\/lt\/wp-json\/wp\/v2\/product_brand?post=245140"},{"taxonomy":"product_cat","embeddable":true,"href":"https:\/\/baldumarket.lt\/lt\/wp-json\/wp\/v2\/product_cat?post=245140"},{"taxonomy":"product_tag","embeddable":true,"href":"https:\/\/baldumarket.lt\/lt\/wp-json\/wp\/v2\/product_tag?post=245140"}],"curies":[{"name":"wp","href":"https:\/\/api.w.org\/{rel}","templated":true}]}}