{"id":245137,"date":"2026-01-02T23:09:46","date_gmt":"2026-01-02T20:09:46","guid":{"rendered":"https:\/\/baldumarket.lt\/product\/umywalka-meblowa-ceramiczna-50-cm-sky-3-e-8099-3-50-bialy-polysk\/"},"modified":"2026-02-11T18:33:18","modified_gmt":"2026-02-11T15:33:18","slug":"umywalka-meblowa-ceramiczna-50-cm-sky-3-e-8099-3-50-bialy-polysk","status":"publish","type":"product","link":"https:\/\/baldumarket.lt\/lt\/product\/umywalka-meblowa-ceramiczna-50-cm-sky-3-e-8099-3-50-bialy-polysk\/","title":{"rendered":"Keraminis praustuvas baldams, 50 cm, SKY 3 E-8099-3-50, blizgi balta"},"content":{"rendered":"<p>Keraminis baldinis praustuvas 50 cm SKY 3 E-8099-3-50 blizgios baltos spalvos. Keraminis baldinis praustuvas 50 cm SKY 3 E-8099-3-50 blizgios baltos spalvos. Matmenys: Plotis (cm): 51 Gylis (cm): 40 Auk\u0161tis (cm): 15 Techniniai duomenys: Svoris (kg): 8 Praustuvo med\u017eiaga: keramika Praustuvo spalva: blizgi balta Kra\u0161to auk\u0161tis: 1,5 cm I\u0161leidimo angos skersmuo: 4,5 cm Persipylimo anga: Yra \u012etraukta \u201eclick-clack\u201c jungtis: Ne Praustuvo montavimo b\u016bdas: \u012eleid\u017eiamas \u012f spintel\u0119 Keraminis baldinis praustuvas 50 cm SKY 3 E-8099-3-50 blizgios baltos spalvos.<\/p>","protected":false},"excerpt":{"rendered":"<p>Plotis (cm): 51<br \/>\n\u016agis (cm): 15<br \/>\nGylis (cm): 40<\/p>","protected":false},"featured_media":244881,"comment_status":"open","ping_status":"open","template":"","meta":[],"product_brand":[],"product_cat":[9117,2015,9185],"product_tag":[],"class_list":{"0":"post-245137","1":"product","2":"type-product","3":"status-publish","4":"has-post-thumbnail","6":"product_cat-bathroom","7":"product_cat-comad","8":"product_cat-washbasin-comad","10":"first","11":"instock","12":"purchasable","13":"product-type-simple"},"_links":{"self":[{"href":"https:\/\/baldumarket.lt\/lt\/wp-json\/wp\/v2\/product\/245137","targetHints":{"allow":["GET"]}}],"collection":[{"href":"https:\/\/baldumarket.lt\/lt\/wp-json\/wp\/v2\/product"}],"about":[{"href":"https:\/\/baldumarket.lt\/lt\/wp-json\/wp\/v2\/types\/product"}],"replies":[{"embeddable":true,"href":"https:\/\/baldumarket.lt\/lt\/wp-json\/wp\/v2\/comments?post=245137"}],"wp:featuredmedia":[{"embeddable":true,"href":"https:\/\/baldumarket.lt\/lt\/wp-json\/wp\/v2\/media\/244881"}],"wp:attachment":[{"href":"https:\/\/baldumarket.lt\/lt\/wp-json\/wp\/v2\/media?parent=245137"}],"wp:term":[{"taxonomy":"product_brand","embeddable":true,"href":"https:\/\/baldumarket.lt\/lt\/wp-json\/wp\/v2\/product_brand?post=245137"},{"taxonomy":"product_cat","embeddable":true,"href":"https:\/\/baldumarket.lt\/lt\/wp-json\/wp\/v2\/product_cat?post=245137"},{"taxonomy":"product_tag","embeddable":true,"href":"https:\/\/baldumarket.lt\/lt\/wp-json\/wp\/v2\/product_tag?post=245137"}],"curies":[{"name":"wp","href":"https:\/\/api.w.org\/{rel}","templated":true}]}}