{"id":245130,"date":"2026-01-02T23:09:43","date_gmt":"2026-01-02T20:09:43","guid":{"rendered":"https:\/\/baldumarket.lt\/product\/umywalka-meblowa-ceramiczna-120-cm-sky-1-black-matt-120-e-8099-120-czarny-mat\/"},"modified":"2026-02-11T18:33:18","modified_gmt":"2026-02-11T15:33:18","slug":"umywalka-meblowa-ceramiczna-120-cm-sky-1-black-matt-120-e-8099-120-czarny-mat","status":"publish","type":"product","link":"https:\/\/baldumarket.lt\/lt\/product\/umywalka-meblowa-ceramiczna-120-cm-sky-1-black-matt-120-e-8099-120-czarny-mat\/","title":{"rendered":"Keraminis bald\u0173 praustuvas 120 cm SKY 1 BLACK MATT 120 E-8099-120 Juoda matin\u0117"},"content":{"rendered":"<p>Keraminis baldinis praustuvas 120 cm SKY 1 BLACK MATT 120 E-8099-120 matin\u0117 juoda Keraminis baldinis praustuvas 120 cm SKY 1 BLACK MATT 120 E-8099-120 matin\u0117s juodos spalvos. Matmenys: Plotis (cm): 121 Gylis (cm): 46 Auk\u0161tis (cm): 17 Techniniai duomenys: Svoris (kg): 30 Praustuvo med\u017eiaga: keramika Praustuvo spalva: matin\u0117 juoda Kra\u0161to auk\u0161tis: 1,5 cm I\u0161leidimo angos skersmuo: 4,5 cm Persipylimo anga: yra \u012etraukta \u201eclick-clack\u201c: ne Praustuvo montavimo b\u016bdas: \u012fmontuojamas \u012f spintel\u0119 Keraminis baldinis praustuvas 120 cm SKY 1 BLACK MATT 120 E-8099-120 matin\u0117s juodos spalvos.<\/p>","protected":false},"excerpt":{"rendered":"<p>Plotis (cm): 121<br \/>\n\u016agis (cm): 17<br \/>\nGylis (cm): 46<\/p>","protected":false},"featured_media":245131,"comment_status":"open","ping_status":"open","template":"","meta":[],"product_brand":[],"product_cat":[9117,2015,9185],"product_tag":[],"class_list":{"0":"post-245130","1":"product","2":"type-product","3":"status-publish","4":"has-post-thumbnail","6":"product_cat-bathroom","7":"product_cat-comad","8":"product_cat-washbasin-comad","10":"first","11":"instock","12":"purchasable","13":"product-type-simple"},"_links":{"self":[{"href":"https:\/\/baldumarket.lt\/lt\/wp-json\/wp\/v2\/product\/245130","targetHints":{"allow":["GET"]}}],"collection":[{"href":"https:\/\/baldumarket.lt\/lt\/wp-json\/wp\/v2\/product"}],"about":[{"href":"https:\/\/baldumarket.lt\/lt\/wp-json\/wp\/v2\/types\/product"}],"replies":[{"embeddable":true,"href":"https:\/\/baldumarket.lt\/lt\/wp-json\/wp\/v2\/comments?post=245130"}],"wp:featuredmedia":[{"embeddable":true,"href":"https:\/\/baldumarket.lt\/lt\/wp-json\/wp\/v2\/media\/245131"}],"wp:attachment":[{"href":"https:\/\/baldumarket.lt\/lt\/wp-json\/wp\/v2\/media?parent=245130"}],"wp:term":[{"taxonomy":"product_brand","embeddable":true,"href":"https:\/\/baldumarket.lt\/lt\/wp-json\/wp\/v2\/product_brand?post=245130"},{"taxonomy":"product_cat","embeddable":true,"href":"https:\/\/baldumarket.lt\/lt\/wp-json\/wp\/v2\/product_cat?post=245130"},{"taxonomy":"product_tag","embeddable":true,"href":"https:\/\/baldumarket.lt\/lt\/wp-json\/wp\/v2\/product_tag?post=245130"}],"curies":[{"name":"wp","href":"https:\/\/api.w.org\/{rel}","templated":true}]}}