{"id":245114,"date":"2026-01-02T23:09:37","date_gmt":"2026-01-02T20:09:37","guid":{"rendered":"https:\/\/baldumarket.lt\/product\/umywalka-meblowa-ceramiczna-120-cm-dwukomorowa-sky-1-120d-matt-white-e-8099-120d-bialy-mat\/"},"modified":"2026-02-11T18:33:18","modified_gmt":"2026-02-11T15:33:18","slug":"umywalka-meblowa-ceramiczna-120-cm-dwukomorowa-sky-1-120d-matt-white-e-8099-120d-bialy-mat","status":"publish","type":"product","link":"https:\/\/baldumarket.lt\/lt\/product\/umywalka-meblowa-ceramiczna-120-cm-dwukomorowa-sky-1-120d-matt-white-e-8099-120d-bialy-mat\/","title":{"rendered":"Keraminis praustuvas baldams, 120 cm, dvigubas dubuo, SKY 1, 120D matin\u0117 balta, E-8099-120D matin\u0117 balta"},"content":{"rendered":"<p>Keraminis baldinis praustuvas 120 cm Dvigubas dubuo SKY 1 120D MATT WHITE E-8099-120D matin\u0117 baltaKeraminis baldinis praustuvas SKY 1 120D MATT WHITE E-8099-120D matin\u0117 baltaMatmenys:Plotis (cm): 121Gylis (cm): 46Auk\u0161tis (cm): 17Techniniai duomenys:Svoris (kg): 20Praustuvo med\u017eiaga: keramikaPraustuvo spalva: matin\u0117 baltaKra\u0161to auk\u0161tis: 1,5 cmDrena\u017eo angos skersmuo: 4,5 cmPersipylimo anga: yraClick-Clack \u012ftraukta: nePraustuvo montavimo b\u016bdas: \u012fmontuojamas \u012f spintel\u0119Keraminis baldinis praustuvas SKY 1 120D MATT WHITE E-8099-120D matin\u0117 balta.<\/p>","protected":false},"excerpt":{"rendered":"<p>Plotis (cm): 121<br \/>\n\u016agis (cm): 17<br \/>\nGylis (cm): 46<\/p>","protected":false},"featured_media":245115,"comment_status":"open","ping_status":"open","template":"","meta":[],"product_brand":[],"product_cat":[9117,2015,9185],"product_tag":[],"class_list":{"0":"post-245114","1":"product","2":"type-product","3":"status-publish","4":"has-post-thumbnail","6":"product_cat-bathroom","7":"product_cat-comad","8":"product_cat-washbasin-comad","10":"first","11":"instock","12":"purchasable","13":"product-type-simple"},"_links":{"self":[{"href":"https:\/\/baldumarket.lt\/lt\/wp-json\/wp\/v2\/product\/245114","targetHints":{"allow":["GET"]}}],"collection":[{"href":"https:\/\/baldumarket.lt\/lt\/wp-json\/wp\/v2\/product"}],"about":[{"href":"https:\/\/baldumarket.lt\/lt\/wp-json\/wp\/v2\/types\/product"}],"replies":[{"embeddable":true,"href":"https:\/\/baldumarket.lt\/lt\/wp-json\/wp\/v2\/comments?post=245114"}],"wp:featuredmedia":[{"embeddable":true,"href":"https:\/\/baldumarket.lt\/lt\/wp-json\/wp\/v2\/media\/245115"}],"wp:attachment":[{"href":"https:\/\/baldumarket.lt\/lt\/wp-json\/wp\/v2\/media?parent=245114"}],"wp:term":[{"taxonomy":"product_brand","embeddable":true,"href":"https:\/\/baldumarket.lt\/lt\/wp-json\/wp\/v2\/product_brand?post=245114"},{"taxonomy":"product_cat","embeddable":true,"href":"https:\/\/baldumarket.lt\/lt\/wp-json\/wp\/v2\/product_cat?post=245114"},{"taxonomy":"product_tag","embeddable":true,"href":"https:\/\/baldumarket.lt\/lt\/wp-json\/wp\/v2\/product_tag?post=245114"}],"curies":[{"name":"wp","href":"https:\/\/api.w.org\/{rel}","templated":true}]}}