{"id":245110,"date":"2026-01-02T23:09:35","date_gmt":"2026-01-02T20:09:35","guid":{"rendered":"https:\/\/baldumarket.lt\/product\/umywalka-meblowa-ceramiczna-100-cm-prawa-go-2-100cm-r-dp-e-8095-100r-bialy-polysk\/"},"modified":"2026-02-11T18:33:18","modified_gmt":"2026-02-11T15:33:18","slug":"umywalka-meblowa-ceramiczna-100-cm-prawa-go-2-100cm-r-dp-e-8095-100r-bialy-polysk","status":"publish","type":"product","link":"https:\/\/baldumarket.lt\/lt\/product\/umywalka-meblowa-ceramiczna-100-cm-prawa-go-2-100cm-r-dp-e-8095-100r-bialy-polysk\/","title":{"rendered":"Keraminis bald\u0173 praustuvas 100 cm, de\u0161ininis, GO 2, 100CM, R, DP E-8095-100R, blizgi balta spalva"},"content":{"rendered":"<p>Keraminis baldinis praustuvas 100 cm de\u0161ininis GO 2 100CM R DP E-8095-100R blizgios baltos spalvos. Keraminis baldinis praustuvas 100 cm de\u0161ininis GO 2 100CM R DP E-8095-100R blizgios baltos spalvos. Matmenys: Plotis (cm): 101 Gylis (cm): 46 Auk\u0161tis (cm): 17 Techniniai duomenys: Svoris (kg): 20 Praustuvo med\u017eiaga: keramika Praustuvo spalva: blizgi balta Persipylimo anga: taip \u012etrauktas \u201eclick-clack\u201c: ne Praustuvo montavimo b\u016bdas: \u012fleid\u017eiamas \u012f spintel\u0119 Keraminis baldinis praustuvas 100 cm de\u0161ininis GO 2 100CM R DP E-8095-100R blizgios baltos spalvos.<\/p>","protected":false},"excerpt":{"rendered":"<p>Plotis (cm): 101<br \/>\n\u016agis (cm): 17<br \/>\nGylis (cm): 46<\/p>","protected":false},"featured_media":245111,"comment_status":"open","ping_status":"open","template":"","meta":[],"product_brand":[],"product_cat":[9117,2015,9185],"product_tag":[],"class_list":{"0":"post-245110","1":"product","2":"type-product","3":"status-publish","4":"has-post-thumbnail","6":"product_cat-bathroom","7":"product_cat-comad","8":"product_cat-washbasin-comad","10":"first","11":"instock","12":"purchasable","13":"product-type-simple"},"_links":{"self":[{"href":"https:\/\/baldumarket.lt\/lt\/wp-json\/wp\/v2\/product\/245110","targetHints":{"allow":["GET"]}}],"collection":[{"href":"https:\/\/baldumarket.lt\/lt\/wp-json\/wp\/v2\/product"}],"about":[{"href":"https:\/\/baldumarket.lt\/lt\/wp-json\/wp\/v2\/types\/product"}],"replies":[{"embeddable":true,"href":"https:\/\/baldumarket.lt\/lt\/wp-json\/wp\/v2\/comments?post=245110"}],"wp:featuredmedia":[{"embeddable":true,"href":"https:\/\/baldumarket.lt\/lt\/wp-json\/wp\/v2\/media\/245111"}],"wp:attachment":[{"href":"https:\/\/baldumarket.lt\/lt\/wp-json\/wp\/v2\/media?parent=245110"}],"wp:term":[{"taxonomy":"product_brand","embeddable":true,"href":"https:\/\/baldumarket.lt\/lt\/wp-json\/wp\/v2\/product_brand?post=245110"},{"taxonomy":"product_cat","embeddable":true,"href":"https:\/\/baldumarket.lt\/lt\/wp-json\/wp\/v2\/product_cat?post=245110"},{"taxonomy":"product_tag","embeddable":true,"href":"https:\/\/baldumarket.lt\/lt\/wp-json\/wp\/v2\/product_tag?post=245110"}],"curies":[{"name":"wp","href":"https:\/\/api.w.org\/{rel}","templated":true}]}}