{"id":245106,"date":"2026-01-02T23:09:33","date_gmt":"2026-01-02T20:09:33","guid":{"rendered":"https:\/\/baldumarket.lt\/product\/umywalka-meblowa-ceramiczna-100-cm-lewa-go-2-100cm-l-dp-e-8095-100l-bialy-polysk\/"},"modified":"2026-02-11T18:33:19","modified_gmt":"2026-02-11T15:33:19","slug":"umywalka-meblowa-ceramiczna-100-cm-lewa-go-2-100cm-l-dp-e-8095-100l-bialy-polysk","status":"publish","type":"product","link":"https:\/\/baldumarket.lt\/lt\/product\/umywalka-meblowa-ceramiczna-100-cm-lewa-go-2-100cm-l-dp-e-8095-100l-bialy-polysk\/","title":{"rendered":"Keraminis bald\u0173 praustuvas 100 cm kairinis GO 2 100CM L DP E-8095-100L blizgi balta"},"content":{"rendered":"<p>Keraminis baldinis praustuvas 100 cm kairinis GO 2 100CM L DP E-8095-100L blizgios baltos spalvos. Keraminis baldinis praustuvas 100 cm kairinis GO 2 100CM L DP E-8095-100L blizgios baltos spalvos. Matmenys: Plotis (cm): 101 Gylis (cm): 46 Auk\u0161tis (cm): 17 Techniniai duomenys: Svoris (kg): 20 Praustuvo med\u017eiaga: keramika Praustuvo spalva: Blizgi balta Persipylimo anga: Taip Yra \u201eClick-Clack\u201c mechanizmo: Ne Praustuvo montavimo b\u016bdas: \u012eleid\u017eiamas \u012f spintel\u0119 Keraminis baldinis praustuvas 100 cm kairinis GO 2 100CM L DP E-8095-100L blizgios baltos spalvos.<\/p>","protected":false},"excerpt":{"rendered":"<p>Plotis (cm): 101<br \/>\n\u016agis (cm): 17<br \/>\nGylis (cm): 46<\/p>","protected":false},"featured_media":245107,"comment_status":"open","ping_status":"open","template":"","meta":[],"product_brand":[],"product_cat":[9117,2015,9185],"product_tag":[],"class_list":{"0":"post-245106","1":"product","2":"type-product","3":"status-publish","4":"has-post-thumbnail","6":"product_cat-bathroom","7":"product_cat-comad","8":"product_cat-washbasin-comad","10":"first","11":"instock","12":"purchasable","13":"product-type-simple"},"_links":{"self":[{"href":"https:\/\/baldumarket.lt\/lt\/wp-json\/wp\/v2\/product\/245106","targetHints":{"allow":["GET"]}}],"collection":[{"href":"https:\/\/baldumarket.lt\/lt\/wp-json\/wp\/v2\/product"}],"about":[{"href":"https:\/\/baldumarket.lt\/lt\/wp-json\/wp\/v2\/types\/product"}],"replies":[{"embeddable":true,"href":"https:\/\/baldumarket.lt\/lt\/wp-json\/wp\/v2\/comments?post=245106"}],"wp:featuredmedia":[{"embeddable":true,"href":"https:\/\/baldumarket.lt\/lt\/wp-json\/wp\/v2\/media\/245107"}],"wp:attachment":[{"href":"https:\/\/baldumarket.lt\/lt\/wp-json\/wp\/v2\/media?parent=245106"}],"wp:term":[{"taxonomy":"product_brand","embeddable":true,"href":"https:\/\/baldumarket.lt\/lt\/wp-json\/wp\/v2\/product_brand?post=245106"},{"taxonomy":"product_cat","embeddable":true,"href":"https:\/\/baldumarket.lt\/lt\/wp-json\/wp\/v2\/product_cat?post=245106"},{"taxonomy":"product_tag","embeddable":true,"href":"https:\/\/baldumarket.lt\/lt\/wp-json\/wp\/v2\/product_tag?post=245106"}],"curies":[{"name":"wp","href":"https:\/\/api.w.org\/{rel}","templated":true}]}}