{"id":245104,"date":"2026-01-02T23:09:32","date_gmt":"2026-01-02T20:09:32","guid":{"rendered":"https:\/\/baldumarket.lt\/product\/umywalka-meblowa-80-cm-pure-white-gloss-um-80-46-bialy-polysk\/"},"modified":"2026-02-11T18:33:19","modified_gmt":"2026-02-11T15:33:19","slug":"umywalka-meblowa-80-cm-pure-white-gloss-um-80-46-bialy-polysk","status":"publish","type":"product","link":"https:\/\/baldumarket.lt\/lt\/product\/umywalka-meblowa-80-cm-pure-white-gloss-um-80-46-bialy-polysk\/","title":{"rendered":"Baldinis praustuvas 80 cm, TYROS BALTOS BLYKS\u0116S UM 80-46 Baltos blizgios spalvos"},"content":{"rendered":"<p>Baldinis praustuvas 80 cm PURE WHITE GLOSS UM 80-46, baltas blizgus. Baldinis praustuvas, 80 cm plo\u010dio, modelis PURE WHITE GLOSS UM 80-46, blizgios baltos spalvos. Matmenys: Plotis (cm): 80 Gylis (cm): 46 Auk\u0161tis (cm): 12 Techniniai duomenys: Spalva: Balta blizgi Praustuvo med\u017eiaga: Konglomeratas Persipylimo anga: Yra Yra \u201eClick-Clack\u201c mechanizmai: Ne Mai\u0161ytuvo angos skersmuo: 3,5 cm I\u0161leidimo angos skersmuo: 4,4 cm Kra\u0161to auk\u0161tis: 1,2 cm Dubens plotis: 45 cm Dubens ilgis: 27 cm Dubens gylis: 10 cm Praustuvo montavimo b\u016bdas: \u012emontuojamas \u012f spintel\u0119. Baldinis praustuvas, 80 cm plo\u010dio, modelis PURE WHITE GLOSS UM 80-46, blizgios baltos spalvos.<\/p>","protected":false},"excerpt":{"rendered":"<p>Plotis (cm): 80<br \/>\n\u016agis (cm): 12<br \/>\nGylis (cm): 46<\/p>","protected":false},"featured_media":245105,"comment_status":"open","ping_status":"open","template":"","meta":[],"product_brand":[],"product_cat":[9117,2015,9185],"product_tag":[],"class_list":{"0":"post-245104","1":"product","2":"type-product","3":"status-publish","4":"has-post-thumbnail","6":"product_cat-bathroom","7":"product_cat-comad","8":"product_cat-washbasin-comad","10":"first","11":"instock","12":"purchasable","13":"product-type-simple"},"_links":{"self":[{"href":"https:\/\/baldumarket.lt\/lt\/wp-json\/wp\/v2\/product\/245104","targetHints":{"allow":["GET"]}}],"collection":[{"href":"https:\/\/baldumarket.lt\/lt\/wp-json\/wp\/v2\/product"}],"about":[{"href":"https:\/\/baldumarket.lt\/lt\/wp-json\/wp\/v2\/types\/product"}],"replies":[{"embeddable":true,"href":"https:\/\/baldumarket.lt\/lt\/wp-json\/wp\/v2\/comments?post=245104"}],"wp:featuredmedia":[{"embeddable":true,"href":"https:\/\/baldumarket.lt\/lt\/wp-json\/wp\/v2\/media\/245105"}],"wp:attachment":[{"href":"https:\/\/baldumarket.lt\/lt\/wp-json\/wp\/v2\/media?parent=245104"}],"wp:term":[{"taxonomy":"product_brand","embeddable":true,"href":"https:\/\/baldumarket.lt\/lt\/wp-json\/wp\/v2\/product_brand?post=245104"},{"taxonomy":"product_cat","embeddable":true,"href":"https:\/\/baldumarket.lt\/lt\/wp-json\/wp\/v2\/product_cat?post=245104"},{"taxonomy":"product_tag","embeddable":true,"href":"https:\/\/baldumarket.lt\/lt\/wp-json\/wp\/v2\/product_tag?post=245104"}],"curies":[{"name":"wp","href":"https:\/\/api.w.org\/{rel}","templated":true}]}}