{"id":245092,"date":"2026-01-02T23:09:23","date_gmt":"2026-01-02T20:09:23","guid":{"rendered":"https:\/\/baldumarket.lt\/product\/umywalka-ceramiczna-retro-80-cm\/"},"modified":"2026-02-11T18:33:19","modified_gmt":"2026-02-11T15:33:19","slug":"umywalka-ceramiczna-retro-80-cm","status":"publish","type":"product","link":"https:\/\/baldumarket.lt\/lt\/product\/umywalka-ceramiczna-retro-80-cm\/","title":{"rendered":"Retro keraminis praustuvas 80 cm"},"content":{"rendered":"<p>\u0160is 80 cm plo\u010dio keraminis praustuvas pasi\u017eymi retro stiliumi ir yra pagamintas i\u0161 auk\u0161\u010diausios kokyb\u0117s santechnikos. Praustuvas turi standartin\u0119 mai\u0161ytuvo ang\u0105 ir perpildymo ang\u0105.<\/p>","protected":false},"excerpt":{"rendered":"<p>Plotis (cm): 81<br \/>\nGylis (cm): 46<br \/>\n\u016agis (cm): 21<\/p>","protected":false},"featured_media":245093,"comment_status":"open","ping_status":"open","template":"","meta":[],"product_brand":[],"product_cat":[9117,2015,9185],"product_tag":[],"class_list":{"0":"post-245092","1":"product","2":"type-product","3":"status-publish","4":"has-post-thumbnail","6":"product_cat-bathroom","7":"product_cat-comad","8":"product_cat-washbasin-comad","10":"first","11":"instock","12":"purchasable","13":"product-type-simple"},"_links":{"self":[{"href":"https:\/\/baldumarket.lt\/lt\/wp-json\/wp\/v2\/product\/245092","targetHints":{"allow":["GET"]}}],"collection":[{"href":"https:\/\/baldumarket.lt\/lt\/wp-json\/wp\/v2\/product"}],"about":[{"href":"https:\/\/baldumarket.lt\/lt\/wp-json\/wp\/v2\/types\/product"}],"replies":[{"embeddable":true,"href":"https:\/\/baldumarket.lt\/lt\/wp-json\/wp\/v2\/comments?post=245092"}],"wp:featuredmedia":[{"embeddable":true,"href":"https:\/\/baldumarket.lt\/lt\/wp-json\/wp\/v2\/media\/245093"}],"wp:attachment":[{"href":"https:\/\/baldumarket.lt\/lt\/wp-json\/wp\/v2\/media?parent=245092"}],"wp:term":[{"taxonomy":"product_brand","embeddable":true,"href":"https:\/\/baldumarket.lt\/lt\/wp-json\/wp\/v2\/product_brand?post=245092"},{"taxonomy":"product_cat","embeddable":true,"href":"https:\/\/baldumarket.lt\/lt\/wp-json\/wp\/v2\/product_cat?post=245092"},{"taxonomy":"product_tag","embeddable":true,"href":"https:\/\/baldumarket.lt\/lt\/wp-json\/wp\/v2\/product_tag?post=245092"}],"curies":[{"name":"wp","href":"https:\/\/api.w.org\/{rel}","templated":true}]}}