{"id":24509,"date":"2025-11-14T15:53:19","date_gmt":"2025-11-14T12:53:19","guid":{"rendered":"https:\/\/baldumarket.lt\/product\/rosano-180x200-stelaz-drew\/"},"modified":"2026-03-24T16:43:43","modified_gmt":"2026-03-24T13:43:43","slug":"rosano-180x200-stelaz-drew","status":"publish","type":"product","link":"https:\/\/baldumarket.lt\/lt\/product\/rosano-180x200-stelaz-drew\/","title":{"rendered":"Rosano 180\u00d7200 + medinis r\u0117mas"},"content":{"rendered":"<p>Trumpai apib\u016bdindami m\u016bs\u0173 \u201eRosano\u201c lov\u0105, galime pasakyti, kad ji yra labai patogi, funkcionali, klasikinio stiliaus ir kartu gra\u017eiai pagaminta. \u0160is erdvus baldas su miegamuoju pavir\u0161iumi \u2013 keturi\u0173 dyd\u017ei\u0173: 140, 160, 180 ir 200 x 200 cm \u2013 yra puiki vieta tiek miegui, tiek paprastam poilsiui dienos metu. Si\u016blome tiek medinius, tiek metalinius r\u0117mus. Pastarieji turi dujin\u012f keltuv\u0105, tod\u0117l lov\u0105 lengva pakelti. Lovos dizainas puikiai dera prie bet kokio miegamojo stiliaus. \u201eRosano\u201c \u2013 tai grynas komfortas ir klas\u0117. Verta tur\u0117ti lov\u0105, kuri pateisint\u0173 visus j\u016bs\u0173 l\u016bkes\u010dius.<\/p>","protected":false},"excerpt":{"rendered":"<p>Trumpai apib\u016bdindami m\u016bs\u0173 \u201eRosano\u201c lov\u0105, galime pasakyti, kad ji yra labai patogi, funkcionali, klasikinio stiliaus ir kartu gra\u017eiai pagaminta. \u0160is erdvus baldas su miegam\u0105ja dalimi \u2013 keturi\u0173 dyd\u017ei\u0173: 140, 160, 180 ir 200 x 200 cm \u2013 yra puiki vieta tiek miegui, tiek paprastam poilsiui dienos metu. Mes si\u016blome tiek [\u2026]<\/p>","protected":false},"featured_media":24506,"comment_status":"open","ping_status":"open","template":"","meta":[],"product_brand":[],"product_cat":[505,1972,2012,9173],"product_tag":[],"class_list":{"0":"post-24509","1":"product","2":"type-product","3":"status-publish","4":"has-post-thumbnail","6":"product_cat-bedroom-beds","7":"product_cat-beds-180x200","8":"product_cat-eltap","9":"product_cat-lozka-eltap","11":"first","12":"instock","13":"purchasable","14":"product-type-variable","15":"wvs-archive-product-wrapper"},"_links":{"self":[{"href":"https:\/\/baldumarket.lt\/lt\/wp-json\/wp\/v2\/product\/24509","targetHints":{"allow":["GET"]}}],"collection":[{"href":"https:\/\/baldumarket.lt\/lt\/wp-json\/wp\/v2\/product"}],"about":[{"href":"https:\/\/baldumarket.lt\/lt\/wp-json\/wp\/v2\/types\/product"}],"replies":[{"embeddable":true,"href":"https:\/\/baldumarket.lt\/lt\/wp-json\/wp\/v2\/comments?post=24509"}],"wp:featuredmedia":[{"embeddable":true,"href":"https:\/\/baldumarket.lt\/lt\/wp-json\/wp\/v2\/media\/24506"}],"wp:attachment":[{"href":"https:\/\/baldumarket.lt\/lt\/wp-json\/wp\/v2\/media?parent=24509"}],"wp:term":[{"taxonomy":"product_brand","embeddable":true,"href":"https:\/\/baldumarket.lt\/lt\/wp-json\/wp\/v2\/product_brand?post=24509"},{"taxonomy":"product_cat","embeddable":true,"href":"https:\/\/baldumarket.lt\/lt\/wp-json\/wp\/v2\/product_cat?post=24509"},{"taxonomy":"product_tag","embeddable":true,"href":"https:\/\/baldumarket.lt\/lt\/wp-json\/wp\/v2\/product_tag?post=24509"}],"curies":[{"name":"wp","href":"https:\/\/api.w.org\/{rel}","templated":true}]}}