{"id":245088,"date":"2026-01-02T23:09:16","date_gmt":"2026-01-02T20:09:16","guid":{"rendered":"https:\/\/baldumarket.lt\/product\/umywalka-ceramiczna-nablatowa-um-6289-magic-50-bialy-polysk\/"},"modified":"2026-02-11T18:33:19","modified_gmt":"2026-02-11T15:33:19","slug":"umywalka-ceramiczna-nablatowa-um-6289-magic-50-bialy-polysk","status":"publish","type":"product","link":"https:\/\/baldumarket.lt\/lt\/product\/umywalka-ceramiczna-nablatowa-um-6289-magic-50-bialy-polysk\/","title":{"rendered":"Keraminis stalvir\u0161io praustuvas UM-6289 MAGIC 50, blizgi balta spalva"},"content":{"rendered":"<p>UM-6289 MAGIC 50 baltas blizgus keraminis stalvir\u0161inis praustuvas. Pagamintas i\u0161 auk\u0161\u010diausios kokyb\u0117s keramikos, lengvas ir patvarus. Praustuvas turi standartin\u0119 mai\u0161ytuvo ang\u0105 ir sifon\u0105. Matmenys: Plotis (cm): 50 Gylis (cm): 40 Auk\u0161tis (cm): 15 Svoris (kg): 7 Techniniai duomenys: Praustuvo med\u017eiaga: Keramika Praustuvo spalva: Blizgi balta Mai\u0161ytuvo angos skersmuo: 3,5 cm Kra\u0161to auk\u0161tis: 14 cm I\u0161leidimo angos skersmuo: 4,5 cm Persipylimo anga: N\u0117ra \u012eskai\u010diuota: N\u0117ra Praustuvo montavimo b\u016bdas: Tvirtinamas prie stalvir\u0161io Pristatymas: Siuntinys<\/p>","protected":false},"excerpt":{"rendered":"<p>Plotis (cm): 50<br \/>\n\u016agis (cm): 15<br \/>\nGylis (cm): 40<\/p>","protected":false},"featured_media":245089,"comment_status":"open","ping_status":"open","template":"","meta":[],"product_brand":[],"product_cat":[9117,2015,9185],"product_tag":[],"class_list":{"0":"post-245088","1":"product","2":"type-product","3":"status-publish","4":"has-post-thumbnail","6":"product_cat-bathroom","7":"product_cat-comad","8":"product_cat-washbasin-comad","10":"first","11":"instock","12":"purchasable","13":"product-type-simple"},"_links":{"self":[{"href":"https:\/\/baldumarket.lt\/lt\/wp-json\/wp\/v2\/product\/245088","targetHints":{"allow":["GET"]}}],"collection":[{"href":"https:\/\/baldumarket.lt\/lt\/wp-json\/wp\/v2\/product"}],"about":[{"href":"https:\/\/baldumarket.lt\/lt\/wp-json\/wp\/v2\/types\/product"}],"replies":[{"embeddable":true,"href":"https:\/\/baldumarket.lt\/lt\/wp-json\/wp\/v2\/comments?post=245088"}],"wp:featuredmedia":[{"embeddable":true,"href":"https:\/\/baldumarket.lt\/lt\/wp-json\/wp\/v2\/media\/245089"}],"wp:attachment":[{"href":"https:\/\/baldumarket.lt\/lt\/wp-json\/wp\/v2\/media?parent=245088"}],"wp:term":[{"taxonomy":"product_brand","embeddable":true,"href":"https:\/\/baldumarket.lt\/lt\/wp-json\/wp\/v2\/product_brand?post=245088"},{"taxonomy":"product_cat","embeddable":true,"href":"https:\/\/baldumarket.lt\/lt\/wp-json\/wp\/v2\/product_cat?post=245088"},{"taxonomy":"product_tag","embeddable":true,"href":"https:\/\/baldumarket.lt\/lt\/wp-json\/wp\/v2\/product_tag?post=245088"}],"curies":[{"name":"wp","href":"https:\/\/api.w.org\/{rel}","templated":true}]}}