{"id":245026,"date":"2026-01-02T23:08:46","date_gmt":"2026-01-02T20:08:46","guid":{"rendered":"https:\/\/baldumarket.lt\/product\/szafki-140-cm-iconic-rose-z-umywalkami-lili-mw21\/"},"modified":"2026-02-11T18:33:20","modified_gmt":"2026-02-11T15:33:20","slug":"szafki-140-cm-iconic-rose-z-umywalkami-lili-mw21","status":"publish","type":"product","link":"https:\/\/baldumarket.lt\/lt\/product\/szafki-140-cm-iconic-rose-z-umywalkami-lili-mw21\/","title":{"rendered":"ICONIC ROSE 140 cm spintel\u0117s su LILI MW21 praustuvais"},"content":{"rendered":"","protected":false},"excerpt":{"rendered":"<p>2 x LILI MW21 matinio teraco spalvos keraminis praustuvas su stalvir\u0161iu, 60 cm (60 | 41,5 | 13,5) 140 cm ICONIC WHITE stalvir\u0161is (140,4 | 46 | 2,5) 2 x 60 cm ICONIC ROSE praustuvo spintel\u0117 (60 | 45,6 | 46) ICONIC WHITE apatin\u0117 lentyn\u0117l\u0117 (20 | 44,5 | 46)<br \/>\nPlotis (cm): 140<br \/>\n\u016agis (cm): 46<\/p>","protected":false},"featured_media":245027,"comment_status":"open","ping_status":"open","template":"","meta":[],"product_brand":[],"product_cat":[9117,2015,9186],"product_tag":[],"class_list":{"0":"post-245026","1":"product","2":"type-product","3":"status-publish","4":"has-post-thumbnail","6":"product_cat-bathroom","7":"product_cat-comad","8":"product_cat-szafka-z-umywalka-comad","10":"first","11":"instock","12":"purchasable","13":"product-type-simple"},"_links":{"self":[{"href":"https:\/\/baldumarket.lt\/lt\/wp-json\/wp\/v2\/product\/245026","targetHints":{"allow":["GET"]}}],"collection":[{"href":"https:\/\/baldumarket.lt\/lt\/wp-json\/wp\/v2\/product"}],"about":[{"href":"https:\/\/baldumarket.lt\/lt\/wp-json\/wp\/v2\/types\/product"}],"replies":[{"embeddable":true,"href":"https:\/\/baldumarket.lt\/lt\/wp-json\/wp\/v2\/comments?post=245026"}],"wp:featuredmedia":[{"embeddable":true,"href":"https:\/\/baldumarket.lt\/lt\/wp-json\/wp\/v2\/media\/245027"}],"wp:attachment":[{"href":"https:\/\/baldumarket.lt\/lt\/wp-json\/wp\/v2\/media?parent=245026"}],"wp:term":[{"taxonomy":"product_brand","embeddable":true,"href":"https:\/\/baldumarket.lt\/lt\/wp-json\/wp\/v2\/product_brand?post=245026"},{"taxonomy":"product_cat","embeddable":true,"href":"https:\/\/baldumarket.lt\/lt\/wp-json\/wp\/v2\/product_cat?post=245026"},{"taxonomy":"product_tag","embeddable":true,"href":"https:\/\/baldumarket.lt\/lt\/wp-json\/wp\/v2\/product_tag?post=245026"}],"curies":[{"name":"wp","href":"https:\/\/api.w.org\/{rel}","templated":true}]}}