{"id":24501,"date":"2025-11-14T15:52:59","date_gmt":"2025-11-14T12:52:59","guid":{"rendered":"https:\/\/baldumarket.lt\/product\/rosa\/"},"modified":"2026-03-24T16:44:11","modified_gmt":"2026-03-24T13:44:11","slug":"rosa","status":"publish","type":"product","link":"https:\/\/baldumarket.lt\/lt\/product\/rosa\/","title":{"rendered":"Rasa"},"content":{"rendered":"<p>\u201eRosa\u201c \u2013 labai patogi, funkcionali ir patraukli sofa, kurios matmenys \u2013 75 x 73 x 60 cm, tod\u0117l ji puikiai tinka vaiko kambario pagrindiniam akcentui. Sofos spalv\u0173 gama derina du atspalvius \u2013 atlo\u0161as ir s\u0117dyn\u0117 yra vientisi, o apa\u010dia ir \u0161onai \u2013 \u0161iek tiek skirting\u0173 ton\u0173. \u0160ios med\u017eiag\u0173 ir spalv\u0173 parinktys sukurs jauk\u0173 ir unikal\u0173 vaik\u0173 kambar\u012f. Sofa suteikia poils\u012f tiek dien\u0105, tiek nakt\u012f. Sofos atlo\u0161o funkcija leid\u017eia j\u0105 pritaikyti prie savo poreiki\u0173. J\u0105 taip pat bet kada galite paversti 73 x 166 cm dyd\u017eio lova. Maksimaliam komfortui \u201eRosa\u201c komplektuojama su T25 putplas\u010dio s\u0117dyne. M\u016bs\u0173 sofa suteikia saugumo jausm\u0105 ir yra tiesiog labai jauki bei patogi.<\/p>","protected":false},"excerpt":{"rendered":"<p>\u201eRosa\u201c \u2013 labai patogi, funkcionali ir patraukli sofa, kurios matmenys \u2013 75 x 73 x 60 cm, tod\u0117l ji puikiai tinka vaiko kambario pagrindiniam akcentui. Sofos spalv\u0173 gama derina du atspalvius \u2013 atlo\u0161as ir s\u0117dyn\u0117 yra vientisi, o apa\u010dia ir \u0161onai \u2013 \u0161iek tiek skirting\u0173 ton\u0173. \u0160ios med\u017eiagos ir spalvos [\u2026]<\/p>","protected":false},"featured_media":24502,"comment_status":"open","ping_status":"open","template":"","meta":[],"product_brand":[],"product_cat":[2012,9170,560],"product_tag":[],"class_list":{"0":"post-24501","1":"product","2":"type-product","3":"status-publish","4":"has-post-thumbnail","6":"product_cat-eltap","7":"product_cat-sofy-i-kanapy-eltap","8":"product_cat-sofas-and-couches","10":"first","11":"instock","12":"purchasable","13":"product-type-variable","14":"wvs-archive-product-wrapper"},"_links":{"self":[{"href":"https:\/\/baldumarket.lt\/lt\/wp-json\/wp\/v2\/product\/24501","targetHints":{"allow":["GET"]}}],"collection":[{"href":"https:\/\/baldumarket.lt\/lt\/wp-json\/wp\/v2\/product"}],"about":[{"href":"https:\/\/baldumarket.lt\/lt\/wp-json\/wp\/v2\/types\/product"}],"replies":[{"embeddable":true,"href":"https:\/\/baldumarket.lt\/lt\/wp-json\/wp\/v2\/comments?post=24501"}],"wp:featuredmedia":[{"embeddable":true,"href":"https:\/\/baldumarket.lt\/lt\/wp-json\/wp\/v2\/media\/24502"}],"wp:attachment":[{"href":"https:\/\/baldumarket.lt\/lt\/wp-json\/wp\/v2\/media?parent=24501"}],"wp:term":[{"taxonomy":"product_brand","embeddable":true,"href":"https:\/\/baldumarket.lt\/lt\/wp-json\/wp\/v2\/product_brand?post=24501"},{"taxonomy":"product_cat","embeddable":true,"href":"https:\/\/baldumarket.lt\/lt\/wp-json\/wp\/v2\/product_cat?post=24501"},{"taxonomy":"product_tag","embeddable":true,"href":"https:\/\/baldumarket.lt\/lt\/wp-json\/wp\/v2\/product_tag?post=24501"}],"curies":[{"name":"wp","href":"https:\/\/api.w.org\/{rel}","templated":true}]}}