{"id":244999,"date":"2026-01-02T23:08:34","date_gmt":"2026-01-02T20:08:34","guid":{"rendered":"https:\/\/baldumarket.lt\/product\/szafka-z-umywalka-80-cm-nova-black-z-drzwiami\/"},"modified":"2026-02-11T18:33:20","modified_gmt":"2026-02-11T15:33:20","slug":"szafka-z-umywalka-80-cm-nova-black-z-drzwiami","status":"publish","type":"product","link":"https:\/\/baldumarket.lt\/lt\/product\/szafka-z-umywalka-80-cm-nova-black-z-drzwiami\/","title":{"rendered":"80 cm Nova Black praustuvo spintel\u0117 su durel\u0117mis"},"content":{"rendered":"<p>\u201eNova Black\u201c 80 cm kriaukl\u0117s spintel\u0117 su durel\u0117mis. Stilinga \u201eNova Black\u201c kriaukl\u0117s spintel\u0117 su matin\u0117s juodos spalvos apdaila. Komplekte yra dizainerio kurta \u201eSKY 3\u201c kriaukl\u0117. Prakti\u0161kas sprendimas su dviem durel\u0117mis, viena lentyna ir frezuotomis rankenomis. Puikiai tinka moderniems vonios kambariams. Matmenys: Plotis (cm): 80 Gylis (cm): 40 Techniniai duomenys: Komplekt\u0105 sudaro: \u201eSKY 3\u201c 80 cm baldas-praustuvas (81 | 40 | 17), \u201eNOVA BLACK\u201c 80 cm praustuvo spintel\u0117 (80 | 39 | 57), Pakuo\u010di\u0173 skai\u010dius: 2 Spalva: Matin\u0117 juoda Dureli\u0173 skai\u010dius: 2 Lentyn\u0173 skai\u010dius: 1 Baldo tipas: Pakabinamas ant sienos Svoris (kg): 33 Pakuo\u010di\u0173 skai\u010dius: 2 Rankenos: Frezuotos Atraskite nauj\u0105 vonios kambario elegancijos dimensij\u0105 su \u201eComad\u201c \u201eNova Black\u201c praustuvo spinteli\u0173 komplektu. Matin\u0117 juoda spalva gra\u017eiai kontrastuoja su baltu praustuvu, sukurdama ry\u0161k\u0173 derin\u012f, kuris bet kuriam vonios kambariui suteiks modern\u0173 ir prabang\u0173 stili\u0173. D\u0117l unikalaus dizaino \u0161is komplektas taps j\u016bs\u0173 interjero traukos centru, suteikdamas jam unikal\u0173 charakter\u012f. Prakti\u0161kumas dera su estetika. Sukurta kaip prie sienos montuojama spintel\u0117, ji ne tik vizualiai padidina erdv\u0119, bet ir palengvina grind\u0173 valym\u0105, u\u017etikrindama kasdien\u012f komfort\u0105. Dvi stilingos, frezuotos durys slepia erdvi\u0105 lentyn\u0105, kurioje lengvai tilps visi reikalingi vonios kambario aksesuarai.<\/p>\n<p>\u201eNova Black\u201c komplektas yra funkcionalumo sinonimas \u2013 neatsiejama komplekto dalis \u2013 SKY praustuvas suteikia daug erdv\u0117s kasdieniam naudojimui. D\u0117l optimali\u0173 matmen\u0173 \u0161is modelis puikiai tinka tiek didesniems, tiek ma\u017eesniems vonios kambariams, u\u017etikrindamas patogum\u0105 ir komfort\u0105.<\/p>\n<p>\u012esigydami \u201eComad\u201c komplekt\u0105, investuojate \u012f patvarum\u0105 ir tvirtum\u0105. Auk\u0161\u010diausios kokyb\u0117s med\u017eiagos garantuoja jo ilgaam\u017ei\u0161kum\u0105 ir atsparum\u0105 kasdieniam naudojimui. Elegancija, funkcionalumas ir kokyb\u0117 \u2013 \u0161is derinys patenkins net ir reikliausius klientus, norin\u010dius sukurti erdv\u0119, kuri d\u017eiugint\u0173 ir tuo pa\u010diu atitikt\u0173 praktinius poreikius.<\/p>","protected":false},"excerpt":{"rendered":"<p>Gylis (cm): 40<br \/>\nPlotis (cm): 80<\/p>","protected":false},"featured_media":245000,"comment_status":"open","ping_status":"open","template":"","meta":[],"product_brand":[],"product_cat":[9117,2015,9186],"product_tag":[],"class_list":{"0":"post-244999","1":"product","2":"type-product","3":"status-publish","4":"has-post-thumbnail","6":"product_cat-bathroom","7":"product_cat-comad","8":"product_cat-szafka-z-umywalka-comad","10":"first","11":"instock","12":"purchasable","13":"product-type-simple"},"_links":{"self":[{"href":"https:\/\/baldumarket.lt\/lt\/wp-json\/wp\/v2\/product\/244999","targetHints":{"allow":["GET"]}}],"collection":[{"href":"https:\/\/baldumarket.lt\/lt\/wp-json\/wp\/v2\/product"}],"about":[{"href":"https:\/\/baldumarket.lt\/lt\/wp-json\/wp\/v2\/types\/product"}],"replies":[{"embeddable":true,"href":"https:\/\/baldumarket.lt\/lt\/wp-json\/wp\/v2\/comments?post=244999"}],"wp:featuredmedia":[{"embeddable":true,"href":"https:\/\/baldumarket.lt\/lt\/wp-json\/wp\/v2\/media\/245000"}],"wp:attachment":[{"href":"https:\/\/baldumarket.lt\/lt\/wp-json\/wp\/v2\/media?parent=244999"}],"wp:term":[{"taxonomy":"product_brand","embeddable":true,"href":"https:\/\/baldumarket.lt\/lt\/wp-json\/wp\/v2\/product_brand?post=244999"},{"taxonomy":"product_cat","embeddable":true,"href":"https:\/\/baldumarket.lt\/lt\/wp-json\/wp\/v2\/product_cat?post=244999"},{"taxonomy":"product_tag","embeddable":true,"href":"https:\/\/baldumarket.lt\/lt\/wp-json\/wp\/v2\/product_tag?post=244999"}],"curies":[{"name":"wp","href":"https:\/\/api.w.org\/{rel}","templated":true}]}}