{"id":244995,"date":"2026-01-02T23:08:32","date_gmt":"2026-01-02T20:08:32","guid":{"rendered":"https:\/\/baldumarket.lt\/product\/szafka-z-umywalka-80-cm-fiji-white\/"},"modified":"2026-02-11T18:33:20","modified_gmt":"2026-02-11T15:33:20","slug":"szafka-z-umywalka-80-cm-fiji-white","status":"publish","type":"product","link":"https:\/\/baldumarket.lt\/lt\/product\/szafka-z-umywalka-80-cm-fiji-white\/","title":{"rendered":"Spintel\u0117 su praustuvu 80 cm FIJI WHITE"},"content":{"rendered":"","protected":false},"excerpt":{"rendered":"<p>Keraminis praustuvas CFP 80D 80 cm (81,5 | 46 | 17) Praustuvo spintel\u0117 80 cm FIJI WHITE (80 | 45,8 | 62) 2 vnt. \u201eCoast Evoke\u201c \u0105\u017euolo kojeli\u0173<br \/>\nPlotis (cm): 80<br \/>\n\u016agis (cm): 62<\/p>","protected":false},"featured_media":244996,"comment_status":"open","ping_status":"open","template":"","meta":[],"product_brand":[],"product_cat":[9117,2015,9186],"product_tag":[],"class_list":{"0":"post-244995","1":"product","2":"type-product","3":"status-publish","4":"has-post-thumbnail","6":"product_cat-bathroom","7":"product_cat-comad","8":"product_cat-szafka-z-umywalka-comad","10":"first","11":"instock","12":"purchasable","13":"product-type-simple"},"_links":{"self":[{"href":"https:\/\/baldumarket.lt\/lt\/wp-json\/wp\/v2\/product\/244995","targetHints":{"allow":["GET"]}}],"collection":[{"href":"https:\/\/baldumarket.lt\/lt\/wp-json\/wp\/v2\/product"}],"about":[{"href":"https:\/\/baldumarket.lt\/lt\/wp-json\/wp\/v2\/types\/product"}],"replies":[{"embeddable":true,"href":"https:\/\/baldumarket.lt\/lt\/wp-json\/wp\/v2\/comments?post=244995"}],"wp:featuredmedia":[{"embeddable":true,"href":"https:\/\/baldumarket.lt\/lt\/wp-json\/wp\/v2\/media\/244996"}],"wp:attachment":[{"href":"https:\/\/baldumarket.lt\/lt\/wp-json\/wp\/v2\/media?parent=244995"}],"wp:term":[{"taxonomy":"product_brand","embeddable":true,"href":"https:\/\/baldumarket.lt\/lt\/wp-json\/wp\/v2\/product_brand?post=244995"},{"taxonomy":"product_cat","embeddable":true,"href":"https:\/\/baldumarket.lt\/lt\/wp-json\/wp\/v2\/product_cat?post=244995"},{"taxonomy":"product_tag","embeddable":true,"href":"https:\/\/baldumarket.lt\/lt\/wp-json\/wp\/v2\/product_tag?post=244995"}],"curies":[{"name":"wp","href":"https:\/\/api.w.org\/{rel}","templated":true}]}}