{"id":244879,"date":"2026-01-02T23:07:36","date_gmt":"2026-01-02T20:07:36","guid":{"rendered":"https:\/\/baldumarket.lt\/product\/szafka-z-umywalka-50-cm-nova-black-z-drzwiami\/"},"modified":"2026-02-11T18:33:22","modified_gmt":"2026-02-11T15:33:22","slug":"szafka-z-umywalka-50-cm-nova-black-z-drzwiami","status":"publish","type":"product","link":"https:\/\/baldumarket.lt\/lt\/product\/szafka-z-umywalka-50-cm-nova-black-z-drzwiami\/","title":{"rendered":"50 cm Nova Black praustuvo spintel\u0117 su durel\u0117mis"},"content":{"rendered":"<p>\u201eNova Black\u201c 50 cm pakabinama praustuvo spintel\u0117 su durel\u0117mis \u201eNova Black\u201c 50 cm pakabinama praustuvo spintel\u0117 derina minimalistin\u012f dizain\u0105 ir funkcionalum\u0105. Eleganti\u0161k\u0105, matin\u0119 juod\u0105 spalv\u0105 papildo frezuotos rankenos ir vertikal\u016bs grioveliai. Puikiai tinka moderniems vonios kambariams, ji pasi\u017eymi stiliumi ir prakti\u0161kumu vienu metu. Matmenys: Plotis (cm): 50 Gylis (cm): 40 Techniniai duomenys: Komplekt\u0105 sudaro: SKY 3 50CM baldinis praustuvas (51 | 40 | 17), NOVA BLACK 50 cm praustuvo spintel\u0117 (50 | 39 | 57) Spalva: Matin\u0117 juoda Dureli\u0173 skai\u010dius: 2 Bald\u0173 tipas: Pakabinama prie sienos Pakuo\u010di\u0173 skai\u010dius: 2 Rankenos: Frezuotos Atraskite nenugalim\u0105 elegancij\u0105, kuri\u0105 si\u016blo \u201eNova Black\u201c praustuvo spintel\u0117. Tai unikalus elegancijos ir funkcionalumo derinys, kuris atnaujins bet kur\u012f vonios kambar\u012f. Matin\u0117 juoda spalva suteikia interjerui rafinuotos atmosferos ir prabangos. D\u0117l minimalistinio dizaino \u0161i spintel\u0117 puikiai papildo tiek modern\u0173, tiek klasikin\u012f interjer\u0105.<\/p>\n<p>NOVA kolekcija, kuriai priklauso \u0161i spintel\u0117, yra formos ir prakti\u0161kumo harmonijos sinonimas. Priekin\u0117s dalys puo\u0161tos grioveliais, kurie pabr\u0117\u017eia subtil\u0173 \u017eaves\u012f ir suteikia kolekcijai unikal\u0173 charakter\u012f. D\u0117l paprastos formos ir kruop\u0161\u010diai i\u0161dirbt\u0173 detali\u0173 \u0161ios serijos baldai puikiai tiks bet kokiame interjere, nepriklausomai nuo jo stiliaus. Sta\u010diakamp\u0117mis formomis paremtas dizainas u\u017etikrina, kad \u0161is baldas daugel\u012f met\u0173 spinduliuot\u0173 elegancij\u0105.<\/p>\n<p>Kiekviena diena taps lengvesn\u0117 d\u0117l Nova Black spintel\u0117s funkcionalumo. Ji turi dvejas duris, kurios slepia erdv\u0173 vid\u0173, puikiai tinkant\u012f vonios kambario aksesuarams laikyti. Frezuotos rankenos, diskreti\u0161k\u0173 \u012fdubim\u0173 pavidalu, pabr\u0117\u017eia lengvumo ir paprastumo \u012fsp\u016bd\u012f, kartu u\u017etikrindamos patog\u0173 naudojim\u0105. \u0160i\u0173 element\u0173 derinys paver\u010dia \u0161i\u0105 spintel\u0119 ne tik baldu, bet ir neatsiejama kasdieni\u0173 ritual\u0173 dalimi.<\/p>\n<p>Vienas did\u017eiausi\u0173 \u0161ios prie sienos montuojamos spintel\u0117s privalum\u0173 yra vietos taupymas. Pakelta jos pad\u0117tis suteikia papildomos erdv\u0117s, kuri ypa\u010d naudinga ma\u017eesniuose vonios kambariuose. Be to, \u0161i erdv\u0117 supaprastina valym\u0105, o tai \u012fvertins visi, vertinantys prakti\u0161kum\u0105 ir dizain\u0105. NOVA kolekcija \u2013 tai sprendimas harmoningam ir stilingam interjerui, kuris \u012fkvepia kiekvien\u0105 dien\u0105.<\/p>","protected":false},"excerpt":{"rendered":"<p>Plotis (cm): 50<br \/>\nGylis (cm): 40<\/p>","protected":false},"featured_media":244880,"comment_status":"open","ping_status":"open","template":"","meta":[],"product_brand":[],"product_cat":[9117,2015,9186],"product_tag":[],"class_list":{"0":"post-244879","1":"product","2":"type-product","3":"status-publish","4":"has-post-thumbnail","6":"product_cat-bathroom","7":"product_cat-comad","8":"product_cat-szafka-z-umywalka-comad","10":"first","11":"instock","12":"purchasable","13":"product-type-simple"},"_links":{"self":[{"href":"https:\/\/baldumarket.lt\/lt\/wp-json\/wp\/v2\/product\/244879","targetHints":{"allow":["GET"]}}],"collection":[{"href":"https:\/\/baldumarket.lt\/lt\/wp-json\/wp\/v2\/product"}],"about":[{"href":"https:\/\/baldumarket.lt\/lt\/wp-json\/wp\/v2\/types\/product"}],"replies":[{"embeddable":true,"href":"https:\/\/baldumarket.lt\/lt\/wp-json\/wp\/v2\/comments?post=244879"}],"wp:featuredmedia":[{"embeddable":true,"href":"https:\/\/baldumarket.lt\/lt\/wp-json\/wp\/v2\/media\/244880"}],"wp:attachment":[{"href":"https:\/\/baldumarket.lt\/lt\/wp-json\/wp\/v2\/media?parent=244879"}],"wp:term":[{"taxonomy":"product_brand","embeddable":true,"href":"https:\/\/baldumarket.lt\/lt\/wp-json\/wp\/v2\/product_brand?post=244879"},{"taxonomy":"product_cat","embeddable":true,"href":"https:\/\/baldumarket.lt\/lt\/wp-json\/wp\/v2\/product_cat?post=244879"},{"taxonomy":"product_tag","embeddable":true,"href":"https:\/\/baldumarket.lt\/lt\/wp-json\/wp\/v2\/product_tag?post=244879"}],"curies":[{"name":"wp","href":"https:\/\/api.w.org\/{rel}","templated":true}]}}