{"id":244856,"date":"2026-01-02T23:07:25","date_gmt":"2026-01-02T20:07:25","guid":{"rendered":"https:\/\/baldumarket.lt\/product\/szafka-z-umywalka-120-cm-fiji-white\/"},"modified":"2026-02-11T18:33:22","modified_gmt":"2026-02-11T15:33:22","slug":"szafka-z-umywalka-120-cm-fiji-white","status":"publish","type":"product","link":"https:\/\/baldumarket.lt\/lt\/product\/szafka-z-umywalka-120-cm-fiji-white\/","title":{"rendered":"Spintel\u0117 su praustuvu 120 cm FIJI WHITE"},"content":{"rendered":"<p>Spintel\u0117 su praustuvu 120 cm FIJI WHITE\u201eComad\u201c prek\u0117s \u017eenklo spintel\u0117 su praustuvu FIJI WHITE yra eleganti\u0161kas komplektas su dvigubu keraminiu LAVA praustuvu. Pagaminta i\u0161 Alpi\u0173 baltumo MDF fasad\u0173 ir laminuoto korpuso, turi du tylius stal\u010dius ir gali b\u016bti pakabinama arba pastatoma ant \u0105\u017euolini\u0173 \u201eCoast Evok\u201c kojeli\u0173. Matmenys: Plotis (cm): 120 Gylis (cm): 45,8 Auk\u0161tis (cm): 62 Techniniai duomenys: Komplekt\u0105 sudaro: Dvigubas keraminis praustuvas LAVA 120\/8003 120 cm (121 | 46 | 17), Praustuvo spintel\u0117 120 cm FIJI WHITE (120 | 45,8 | 62), 2x \u201eCoast Evoke Oak\u201c kojel\u0117s (2 vnt.) Korpuso spalva: Alpi\u0173 balta Priekin\u0117s spalvos: Alpi\u0173 balta Korpuso med\u017eiaga: laminuota plok\u0161t\u0117 Priekin\u0117s med\u017eiagos med\u017eiaga: MDF Bald\u0173 tipas: Pakabinamos \/ Pastatomos Rankenos: Integruota rankena Kiekis Stal\u010diai: 2, B\u0117geliai: \u0160velniai u\u017esidarantys, Vyriai: \u0160velniai u\u017esidarantys. Atraskite elegancij\u0105 ir funkcionalum\u0105 su \u201eComad\u201c praustuvo spintele FIJI WHITE. \u0160is komplektas puikiai tinka didesniems vonios kambariams, garantuoja komfort\u0105 ir modern\u0173, auk\u0161tos kokyb\u0117s dizain\u0105.<\/p>\n<p>Dvigubas keraminis praustuvas LAVA 120\/8003, kurio matmenys 120 cm (121 | 46 | 17), puikiai dera su praustuvo spintele FIJI WHITE.<\/p>\n<p>120 cm ilgio FIJI WHITE praustuvo spintel\u0117, kurios matmenys (120 | 45,8 | 62), yra prakti\u0161ka ir stilinga. Jos Alpi\u0173 baltumo apdaila suteikia interjerui gaivumo ir minimalistinio elegancijos.<\/p>\n<p>Komplekte taip pat yra dvi \u201eCoast Evoke Oak\u201c kojel\u0117s, suteikian\u010dios moderniam dizainui nat\u016bralumo. Komplekto matmenys idealiai suderinti, kad b\u016bt\u0173 u\u017etikrintas patogus kasdienis naudojimas.<\/p>\n<p>FIJI WHITE praustuvo spintel\u0117 \u2013 puikus pasirinkimas tiems, kurie vertina elegancij\u0105, ilgaam\u017ei\u0161kum\u0105 ir prakti\u0161kum\u0105. D\u0117l tyli\u0173 b\u0117geli\u0173 ir vyri\u0173 spintele naudotis nepaprastai patogu, o integruotos rankenos pabr\u0117\u017eia modern\u0173 stili\u0173.<\/p>","protected":false},"excerpt":{"rendered":"<p>LAVA 120\/8003 dvigubas keraminis praustuvas 120 cm (121 | 46 | 17) FIJI WHITE praustuvo spintel\u0117 120 cm (120 | 45,8 | 62) 2 vnt. \u201eCoast Evoke Oak\u201c kojeli\u0173<br \/>\nPlotis (cm): 120<br \/>\n\u016agis (cm): 62<\/p>","protected":false},"featured_media":244857,"comment_status":"open","ping_status":"open","template":"","meta":[],"product_brand":[],"product_cat":[9117,2015,9186],"product_tag":[],"class_list":{"0":"post-244856","1":"product","2":"type-product","3":"status-publish","4":"has-post-thumbnail","6":"product_cat-bathroom","7":"product_cat-comad","8":"product_cat-szafka-z-umywalka-comad","10":"first","11":"instock","12":"purchasable","13":"product-type-simple"},"_links":{"self":[{"href":"https:\/\/baldumarket.lt\/lt\/wp-json\/wp\/v2\/product\/244856","targetHints":{"allow":["GET"]}}],"collection":[{"href":"https:\/\/baldumarket.lt\/lt\/wp-json\/wp\/v2\/product"}],"about":[{"href":"https:\/\/baldumarket.lt\/lt\/wp-json\/wp\/v2\/types\/product"}],"replies":[{"embeddable":true,"href":"https:\/\/baldumarket.lt\/lt\/wp-json\/wp\/v2\/comments?post=244856"}],"wp:featuredmedia":[{"embeddable":true,"href":"https:\/\/baldumarket.lt\/lt\/wp-json\/wp\/v2\/media\/244857"}],"wp:attachment":[{"href":"https:\/\/baldumarket.lt\/lt\/wp-json\/wp\/v2\/media?parent=244856"}],"wp:term":[{"taxonomy":"product_brand","embeddable":true,"href":"https:\/\/baldumarket.lt\/lt\/wp-json\/wp\/v2\/product_brand?post=244856"},{"taxonomy":"product_cat","embeddable":true,"href":"https:\/\/baldumarket.lt\/lt\/wp-json\/wp\/v2\/product_cat?post=244856"},{"taxonomy":"product_tag","embeddable":true,"href":"https:\/\/baldumarket.lt\/lt\/wp-json\/wp\/v2\/product_tag?post=244856"}],"curies":[{"name":"wp","href":"https:\/\/api.w.org\/{rel}","templated":true}]}}