{"id":244852,"date":"2026-01-02T23:07:23","date_gmt":"2026-01-02T20:07:23","guid":{"rendered":"https:\/\/baldumarket.lt\/product\/szafka-z-umywalka-120-cm-capri-cosmos-820\/"},"modified":"2026-02-11T18:33:22","modified_gmt":"2026-02-11T15:33:22","slug":"szafka-z-umywalka-120-cm-capri-cosmos-820","status":"publish","type":"product","link":"https:\/\/baldumarket.lt\/lt\/product\/szafka-z-umywalka-120-cm-capri-cosmos-820\/","title":{"rendered":"Spintel\u0117 su praustuvu 120 cm Capri Cosmos 820"},"content":{"rendered":"<p>Grafito spalvos CAPRI COSMOS kolekcijos unikalumas pirmiausia slypi paprastos, sant\u016brios formos ir gra\u017eaus dekoro derinyje, sukurian\u010diame harmoning\u0105, eleganti\u0161k\u0105 interjer\u0105.<br \/>\nGrafito korpus\u0173 ir fasad\u0173 derinys kartu su \u0105\u017euolin\u0117mis spinteli\u0173 vidin\u0117mis detal\u0117mis suteikia kolekcijai unikal\u0173 charakter\u012f. Geometrin\u0119 bald\u0173 form\u0105 pabr\u0117\u017eia a\u0161trios rankenos. Kolekcijoje si\u016blomas platus form\u0173 pasirinkimas, \u012fskaitant funkcionali\u0105 spintel\u0119 su stalvir\u0161iu, suteikian\u010di\u0105 papildomos naudingos erdv\u0117s. Patogum\u0105 didina \u0161velniai u\u017esidaran\u010dios stal\u010di\u0173 b\u0117gel\u0117s ir vyriai, leid\u017eiantys jiems u\u017esidaryti tyliai ir \u0161velniai. Modernus \u0161ios kolekcijos akcentas \u2013 galimyb\u0117 ap\u0161viesti stal\u010dius praustuv\u0173 spintel\u0117se.<\/p>","protected":false},"excerpt":{"rendered":"<p>Plotis (cm): 120<br \/>\n\u016agis (cm): 57<br \/>\nGylis (cm): 46<\/p>","protected":false},"featured_media":244853,"comment_status":"open","ping_status":"open","template":"","meta":[],"product_brand":[],"product_cat":[9117,2015,9186],"product_tag":[],"class_list":{"0":"post-244852","1":"product","2":"type-product","3":"status-publish","4":"has-post-thumbnail","6":"product_cat-bathroom","7":"product_cat-comad","8":"product_cat-szafka-z-umywalka-comad","10":"first","11":"instock","12":"purchasable","13":"product-type-simple"},"_links":{"self":[{"href":"https:\/\/baldumarket.lt\/lt\/wp-json\/wp\/v2\/product\/244852","targetHints":{"allow":["GET"]}}],"collection":[{"href":"https:\/\/baldumarket.lt\/lt\/wp-json\/wp\/v2\/product"}],"about":[{"href":"https:\/\/baldumarket.lt\/lt\/wp-json\/wp\/v2\/types\/product"}],"replies":[{"embeddable":true,"href":"https:\/\/baldumarket.lt\/lt\/wp-json\/wp\/v2\/comments?post=244852"}],"wp:featuredmedia":[{"embeddable":true,"href":"https:\/\/baldumarket.lt\/lt\/wp-json\/wp\/v2\/media\/244853"}],"wp:attachment":[{"href":"https:\/\/baldumarket.lt\/lt\/wp-json\/wp\/v2\/media?parent=244852"}],"wp:term":[{"taxonomy":"product_brand","embeddable":true,"href":"https:\/\/baldumarket.lt\/lt\/wp-json\/wp\/v2\/product_brand?post=244852"},{"taxonomy":"product_cat","embeddable":true,"href":"https:\/\/baldumarket.lt\/lt\/wp-json\/wp\/v2\/product_cat?post=244852"},{"taxonomy":"product_tag","embeddable":true,"href":"https:\/\/baldumarket.lt\/lt\/wp-json\/wp\/v2\/product_tag?post=244852"}],"curies":[{"name":"wp","href":"https:\/\/api.w.org\/{rel}","templated":true}]}}