{"id":244844,"date":"2026-01-02T23:07:19","date_gmt":"2026-01-02T20:07:19","guid":{"rendered":"https:\/\/baldumarket.lt\/product\/szafka-z-umywalka-100-cm-fiji-white\/"},"modified":"2026-02-11T18:33:22","modified_gmt":"2026-02-11T15:33:22","slug":"szafka-z-umywalka-100-cm-fiji-white","status":"publish","type":"product","link":"https:\/\/baldumarket.lt\/lt\/product\/szafka-z-umywalka-100-cm-fiji-white\/","title":{"rendered":"Spintel\u0117 su praustuvu 100 cm FIJI WHITE"},"content":{"rendered":"<p>FIJI WHITE 100 cm kriaukl\u0117s spintel\u0117. Stilinga FIJI WHITE kriaukl\u0117s spintel\u0117 i\u0161 \u201eComad\u201c. Komplekt\u0105 sudaro keramin\u0117 kriaukl\u0117 ir spintel\u0117 su dviem tyliais stal\u010diais. Apdaila: Alpi\u0173 balta su \u0105\u017euolin\u0117mis kojel\u0117mis. Galima rinktis pakabinam\u0105 arba laisvai pastatom\u0105 variant\u0105. Matmenys: 100 x 62 x 45,8 cm. Puikiai tinka moderniam vonios kambariui. Matmenys: Plotis (cm): 100 Gylis (cm): 45,8 Auk\u0161tis (cm): 62 Techniniai duomenys: Komplekt\u0105 sudaro: E-8070-100 Spirit 2 keraminis praustuvas (101 | 46 | 14), 100 cm FIJI WHITE praustuvo spintel\u0117 (100 | 45,8 | 62), 2 x \u201eCoast Evoke Oak\u201c kojel\u0117s (2 vnt.) Korpuso spalva: Alpi\u0173 balta Priekin\u0117s spalvos: Alpi\u0173 balta Korpuso med\u017eiaga: laminuota plok\u0161t\u0117 Priekin\u0117s med\u017eiagos med\u017eiaga: MDF Bald\u0173 tipas: Pakabinama \/ laisvai pastatoma Rankenos: Integruota traukimo ranken\u0117l\u0117 Stal\u010di\u0173 skai\u010dius: 2 B\u0117geliai: \u0160velniai u\u017esidaro Vyriai: \u0160velniai u\u017esidaro<br \/>\n\u201eComad\u201c praustuvo spintel\u0117 \u201eFIJI WHITE\u201c \u2013 puikus pasirinkimas tiems, kurie savo vonios kambaryje trok\u0161ta elegancijos ir funkcionalumo. Paprasta, ta\u010diau moderni Alpi\u0173 baltumo spalv\u0173 gama puikiai dera prie bet kokio interjero dizaino, suteikdama jam gaivumo ir erdvumo poj\u016bt\u012f.<\/p>\n<p>Keraminis praustuvas \u201eSpirit 2\u201c yra \u0161io komplekto \u0161irdis, pasi\u017eyminti ne tik estetiniu patrauklumu, bet ir patogumu kasdieniam naudojimui. D\u0117l patvarumo ir lengvo valymo jis tarnaus daugel\u012f met\u0173 ir visada i\u0161liks puikios b\u016bkl\u0117s.<\/p>\n<p>FIJI WHITE praustuvo spintel\u0117, pagaminta i\u0161 auk\u0161tos kokyb\u0117s laminuotos plok\u0161t\u0117s ir MDF fasad\u0173, yra ne tik gra\u017ei, bet ir prakti\u0161ka. Du erdv\u016bs stal\u010diai su \u0161velnaus u\u017edarymo funkcija leid\u017eia lengvai laikyti svarbiausius vonios kambario aksesuarus, u\u017etikrinant tvark\u0105 ir lengv\u0105 prieig\u0105.<\/p>\n<p>Komplekt\u0105 papildo \u201eCoast Evoke Oak\u201c kojel\u0117s, suteikian\u010dios jam unikal\u0173 charakter\u012f ir stabilum\u0105. \u0160is elementas suteikia nat\u016bralaus \u017eavesio, sukurdamas subtil\u0173 kontrast\u0105 su Alpi\u0173 balta spalva. Galimyb\u0117 montuoti ant sienos arba laisvai pastatom\u0105 bald\u0105 suteikia lankstumo prisitaikyti prie bet kokio vonios kambario.<\/p>\n<p>FIJI WHITE praustuvo spintel\u0117 \u2013 tai modernaus dizaino ir auk\u0161to funkcionalumo kvintesencija. Puikiai tinka tiems, kurie vertina ne tik gra\u017e\u0173 interjer\u0105, bet ir prakti\u0161kus kasdienius sprendimus. Investuokite \u012f \u0161\u012f unikal\u0173 komplekt\u0105 ir m\u0117gaukit\u0117s stilinga bei patogia erdve savo vonios kambaryje.<\/p>","protected":false},"excerpt":{"rendered":"<p>E-8070-100 Spirit 2 keraminis praustuvas (101 | 46 | 14) 100 cm FIJI WHITE praustuvo spintel\u0117 (100 | 45,8 | 62) 2 x \u201eCoast Evoke\u201c \u0105\u017euolo kojel\u0117s (2 vnt.)<br \/>\nPlotis (cm): 100<br \/>\n\u016agis (cm): 62<\/p>","protected":false},"featured_media":244845,"comment_status":"open","ping_status":"open","template":"","meta":[],"product_brand":[],"product_cat":[9117,2015,9186],"product_tag":[],"class_list":{"0":"post-244844","1":"product","2":"type-product","3":"status-publish","4":"has-post-thumbnail","6":"product_cat-bathroom","7":"product_cat-comad","8":"product_cat-szafka-z-umywalka-comad","10":"first","11":"instock","12":"purchasable","13":"product-type-simple"},"_links":{"self":[{"href":"https:\/\/baldumarket.lt\/lt\/wp-json\/wp\/v2\/product\/244844","targetHints":{"allow":["GET"]}}],"collection":[{"href":"https:\/\/baldumarket.lt\/lt\/wp-json\/wp\/v2\/product"}],"about":[{"href":"https:\/\/baldumarket.lt\/lt\/wp-json\/wp\/v2\/types\/product"}],"replies":[{"embeddable":true,"href":"https:\/\/baldumarket.lt\/lt\/wp-json\/wp\/v2\/comments?post=244844"}],"wp:featuredmedia":[{"embeddable":true,"href":"https:\/\/baldumarket.lt\/lt\/wp-json\/wp\/v2\/media\/244845"}],"wp:attachment":[{"href":"https:\/\/baldumarket.lt\/lt\/wp-json\/wp\/v2\/media?parent=244844"}],"wp:term":[{"taxonomy":"product_brand","embeddable":true,"href":"https:\/\/baldumarket.lt\/lt\/wp-json\/wp\/v2\/product_brand?post=244844"},{"taxonomy":"product_cat","embeddable":true,"href":"https:\/\/baldumarket.lt\/lt\/wp-json\/wp\/v2\/product_cat?post=244844"},{"taxonomy":"product_tag","embeddable":true,"href":"https:\/\/baldumarket.lt\/lt\/wp-json\/wp\/v2\/product_tag?post=244844"}],"curies":[{"name":"wp","href":"https:\/\/api.w.org\/{rel}","templated":true}]}}