{"id":244836,"date":"2026-01-02T23:07:15","date_gmt":"2026-01-02T20:07:15","guid":{"rendered":"https:\/\/baldumarket.lt\/product\/szafka-z-lustrem-80-cm-santa-fe-black\/"},"modified":"2026-02-11T18:33:22","modified_gmt":"2026-02-11T15:33:22","slug":"szafka-z-lustrem-80-cm-santa-fe-black","status":"publish","type":"product","link":"https:\/\/baldumarket.lt\/lt\/product\/szafka-z-lustrem-80-cm-santa-fe-black\/","title":{"rendered":"Veidrodin\u0117 spintel\u0117, 80 cm, SANTA FE, JUODA"},"content":{"rendered":"<p>Pristatome eleganti\u0161k\u0105 \u201eComad\u201c SANTA FE BLACK veidrodin\u0119 spintel\u0119, kurioje dera modernus dizainas ir funkcionalumas. \u0160is stilingas sprendimas puikiai tiks bet kokiam interjerui, suteikdamas jam unikalaus charakterio. Juoda apdaila suteikia spintelei i\u0161skirtinai eleganti\u0161k\u0105 ir moderni\u0105 i\u0161vaizd\u0105, kuri tikrai patrauks kiekvieno sve\u010dio ak\u012f.<\/p>\n<p>D\u0117l minimalistinio dizaino ir kruop\u0161taus gamybos proceso SANTA FE BLACK veidrodin\u0117 spintel\u0117 yra ne tik esteti\u0161kas papildymas, bet ir prakti\u0161kas sprendimas j\u016bs\u0173 vonios kambariui. Vir\u0161 spintel\u0117s pritvirtintas veidrodis leid\u017eia patogiai pasiruo\u0161ti dienai, o erdvios lentynos spintel\u0117s viduje suteikia daug vietos kosmetikai, vonios kambario aksesuarams ir kitiems b\u016btiniausiems daiktams laikyti.<\/p>\n<p>SANTA FE BLACK veidrodin\u0117 spintel\u0117 \u2013 tai produktas, jungiantis auk\u0161t\u0105 kokyb\u0119 ir funkcionalum\u0105. D\u0117l tvirtos konstrukcijos ir patvari\u0173 med\u017eiag\u0173 galite b\u016bti tikri, kad spintel\u0117 tarnaus jums ilgus metus. Juoda spalva puikiai dera su \u012fvairiais interjero dizaino elementais, suteikdama elegancijos ir stiliaus.<\/p>\n<p>Novatori\u0161ki SANTA FE BLACK spintel\u0117s sprendimai daro j\u0105 ne tik gra\u017ei\u0105, bet ir ne\u012ftik\u0117tinai prakti\u0161k\u0105. Nesvarbu, ar ie\u0161kote eleganti\u0161ko vonios kambario papildymo, ar patogios vietos daiktams susid\u0117ti, \u0161is gaminys pateisins visus j\u016bs\u0173 l\u016bkes\u010dius. Nelaukite! Su \u0161ia unikalia veidrodine spintele suteikite savo interjerui elegancijos ir funkcionalumo.<\/p>","protected":false},"excerpt":{"rendered":"<p>Plotis (cm): 80<br \/>\nGylis (cm): 17<br \/>\n\u016agis (cm): 65<\/p>","protected":false},"featured_media":244837,"comment_status":"open","ping_status":"open","template":"","meta":[],"product_brand":[],"product_cat":[9117,2015,9187],"product_tag":[],"class_list":{"0":"post-244836","1":"product","2":"type-product","3":"status-publish","4":"has-post-thumbnail","6":"product_cat-bathroom","7":"product_cat-comad","8":"product_cat-washbasin-cabinet-comad","10":"first","11":"instock","12":"purchasable","13":"product-type-simple"},"_links":{"self":[{"href":"https:\/\/baldumarket.lt\/lt\/wp-json\/wp\/v2\/product\/244836","targetHints":{"allow":["GET"]}}],"collection":[{"href":"https:\/\/baldumarket.lt\/lt\/wp-json\/wp\/v2\/product"}],"about":[{"href":"https:\/\/baldumarket.lt\/lt\/wp-json\/wp\/v2\/types\/product"}],"replies":[{"embeddable":true,"href":"https:\/\/baldumarket.lt\/lt\/wp-json\/wp\/v2\/comments?post=244836"}],"wp:featuredmedia":[{"embeddable":true,"href":"https:\/\/baldumarket.lt\/lt\/wp-json\/wp\/v2\/media\/244837"}],"wp:attachment":[{"href":"https:\/\/baldumarket.lt\/lt\/wp-json\/wp\/v2\/media?parent=244836"}],"wp:term":[{"taxonomy":"product_brand","embeddable":true,"href":"https:\/\/baldumarket.lt\/lt\/wp-json\/wp\/v2\/product_brand?post=244836"},{"taxonomy":"product_cat","embeddable":true,"href":"https:\/\/baldumarket.lt\/lt\/wp-json\/wp\/v2\/product_cat?post=244836"},{"taxonomy":"product_tag","embeddable":true,"href":"https:\/\/baldumarket.lt\/lt\/wp-json\/wp\/v2\/product_tag?post=244836"}],"curies":[{"name":"wp","href":"https:\/\/api.w.org\/{rel}","templated":true}]}}