{"id":244823,"date":"2026-01-02T23:07:09","date_gmt":"2026-01-02T20:07:09","guid":{"rendered":"https:\/\/baldumarket.lt\/product\/szafka-z-lustrem-60-cm-santa-fe-black\/"},"modified":"2026-02-11T18:33:23","modified_gmt":"2026-02-11T15:33:23","slug":"szafka-z-lustrem-60-cm-santa-fe-black","status":"publish","type":"product","link":"https:\/\/baldumarket.lt\/lt\/product\/szafka-z-lustrem-60-cm-santa-fe-black\/","title":{"rendered":"Veidrodin\u0117 spintel\u0117, 60 cm, Santa Fe, juoda"},"content":{"rendered":"<p>\u201eSanta Fe\u201c juoda veidrodin\u0117 spintel\u0117, 60 cm. \u201eComad\u201c \u201eSanta Fe\u201c juoda veidrodin\u0117 spintel\u0117 \u2013 puikus sprendimas moderniam interjerui. Juodos laminuotos plok\u0161t\u0117s ir veidrodinis priekis suteikia elegancijos. Pakabinama ant sienos, su tyliais vyriais ir trimis stiklin\u0117mis lentynomis, ji si\u016blo prakti\u0161k\u0105 daikt\u0173 laikymo viet\u0105. Matmenys: Plotis (cm): 60 Gylis (cm): 17 Auk\u0161tis (cm): 65 Techniniai duomenys: Korpuso spalva: Juoda; Priekio spalva: Veidrodis; Korpuso med\u017eiaga: Laminuota plok\u0161t\u0117; Priekio med\u017eiaga: Veidrodis ant laminuotos plok\u0161t\u0117s; Vyriai: \u0160velniai u\u017esidaranti; Bald\u0173 tipas: Pakabinama ant sienos; Dur\u0173 tvirtinimo kryptis: De\u0161in\u0117 \/ Kair\u0117; Lentyn\u0173 skai\u010dius: 4\/2; Lentyn\u0173 med\u017eiaga: Stiklas. \u201eSanta Fe\u201c juoda veidrodin\u0117 spintel\u0117 \u2013 tikras perlas j\u016bs\u0173 vonios kambaryje. Eleganti\u0161kas juodas korpusas kartu su veidrodiniu priekiu suteikia interjerui modernumo ir i\u0161skirtinio gylio. Tai puikus sprendimas tiems, kurie vertina stilingus ir funkcionalius sprendimus savo namuose. Unikalus \u201eSanta Fe\u201c juodos spintel\u0117s dizainas puikiai tinka \u012fvairiems interjero dizainams. Juoda laminuota plok\u0161t\u0117, i\u0161 kurios pagamintas korpusas, pabr\u0117\u017eia prabangi\u0105 i\u0161vaizd\u0105, o blizgus veidrodis dar labiau vizualiai padidina erdv\u0119, suteikdamas lengvumo ir elegancijos. \u0160ios spintel\u0117s funkcionalumas yra dar vienas jos privalumas. D\u0117l trij\u0173 stiklini\u0173 lentyn\u0173 tur\u0117site daug vietos kosmetikai ir kitiems b\u016btiniems vonios reikmenims laikyti. \u0160velniai u\u017esidarantys vyriai u\u017etikrina patog\u0173 naudojim\u0105, be erzinan\u010di\u0173 gars\u0173 u\u017edarant duris. Pakabinamas \u201eSanta Fe Black\u201c veidrodin\u0117s spintel\u0117s dizainas ne tik patraukia d\u0117mes\u012f, bet ir optimizuoja vonios kambario erdv\u0119. Galimyb\u0117 montuoti dureles de\u0161in\u0117je arba kair\u0117je pus\u0117je leid\u017eia pritaikyti spintel\u0119 pagal individualius poreikius ir kambario i\u0161planavim\u0105. Tai puikus sprendimas tiems, kurie vertina prakti\u0161kus ir stilingus baldus.<\/p>","protected":false},"excerpt":{"rendered":"<p>Plotis (cm): 60<br \/>\nGylis (cm): 17<br \/>\n\u016agis (cm): 65<\/p>","protected":false},"featured_media":244824,"comment_status":"open","ping_status":"open","template":"","meta":[],"product_brand":[],"product_cat":[9117,2015,9187],"product_tag":[],"class_list":{"0":"post-244823","1":"product","2":"type-product","3":"status-publish","4":"has-post-thumbnail","6":"product_cat-bathroom","7":"product_cat-comad","8":"product_cat-washbasin-cabinet-comad","10":"first","11":"instock","12":"purchasable","13":"product-type-simple"},"_links":{"self":[{"href":"https:\/\/baldumarket.lt\/lt\/wp-json\/wp\/v2\/product\/244823","targetHints":{"allow":["GET"]}}],"collection":[{"href":"https:\/\/baldumarket.lt\/lt\/wp-json\/wp\/v2\/product"}],"about":[{"href":"https:\/\/baldumarket.lt\/lt\/wp-json\/wp\/v2\/types\/product"}],"replies":[{"embeddable":true,"href":"https:\/\/baldumarket.lt\/lt\/wp-json\/wp\/v2\/comments?post=244823"}],"wp:featuredmedia":[{"embeddable":true,"href":"https:\/\/baldumarket.lt\/lt\/wp-json\/wp\/v2\/media\/244824"}],"wp:attachment":[{"href":"https:\/\/baldumarket.lt\/lt\/wp-json\/wp\/v2\/media?parent=244823"}],"wp:term":[{"taxonomy":"product_brand","embeddable":true,"href":"https:\/\/baldumarket.lt\/lt\/wp-json\/wp\/v2\/product_brand?post=244823"},{"taxonomy":"product_cat","embeddable":true,"href":"https:\/\/baldumarket.lt\/lt\/wp-json\/wp\/v2\/product_cat?post=244823"},{"taxonomy":"product_tag","embeddable":true,"href":"https:\/\/baldumarket.lt\/lt\/wp-json\/wp\/v2\/product_tag?post=244823"}],"curies":[{"name":"wp","href":"https:\/\/api.w.org\/{rel}","templated":true}]}}