{"id":244803,"date":"2026-01-02T23:07:00","date_gmt":"2026-01-02T20:07:00","guid":{"rendered":"https:\/\/baldumarket.lt\/product\/szafka-z-lustrem-100-cm-borneo-cosmos-845\/"},"modified":"2026-02-11T18:33:23","modified_gmt":"2026-02-11T15:33:23","slug":"szafka-z-lustrem-100-cm-borneo-cosmos-845","status":"publish","type":"product","link":"https:\/\/baldumarket.lt\/lt\/product\/szafka-z-lustrem-100-cm-borneo-cosmos-845\/","title":{"rendered":"Veidrodin\u0117 spintel\u0117 100 cm Borneo Cosmos 845"},"content":{"rendered":"<p>\u201eBorneo\u201c kolekcija \u2013 tai modern\u016bs ir funkcional\u016bs vonios kambario baldai, puikiai derantys tamsiai pilkus r\u0117mus su med\u017eio imitacijos \u012fd\u0117klais. Kolekcijoje yra keturi\u0173 dyd\u017ei\u0173 praustuv\u0173 spintel\u0117s. Serijoje taip pat yra auk\u0161ta spintel\u0117, \u017eema spintel\u0117 su skalbini\u0173 krep\u0161iu ir veidrodin\u0117s spintel\u0117s, kuri\u0173 dyd\u017eiai atitinka praustuv\u0173 spinteles. Durys ir stal\u010diai turi \u0161velnaus u\u017edarymo sistem\u0105 ir medines rankenas. \u201eMatata\u201c \u2013 tai unikalaus dizaino ir puikiai deran\u010di\u0173 spalv\u0173 vonios kambario bald\u0173 kolekcija.<\/p>","protected":false},"excerpt":{"rendered":"<p>\u016agis (cm): 75<br \/>\nPlotis (cm): 100<br \/>\nGylis (cm): 25<\/p>","protected":false},"featured_media":244804,"comment_status":"open","ping_status":"open","template":"","meta":[],"product_brand":[],"product_cat":[9117,2015,9187],"product_tag":[],"class_list":{"0":"post-244803","1":"product","2":"type-product","3":"status-publish","4":"has-post-thumbnail","6":"product_cat-bathroom","7":"product_cat-comad","8":"product_cat-washbasin-cabinet-comad","10":"first","11":"instock","12":"purchasable","13":"product-type-simple"},"_links":{"self":[{"href":"https:\/\/baldumarket.lt\/lt\/wp-json\/wp\/v2\/product\/244803","targetHints":{"allow":["GET"]}}],"collection":[{"href":"https:\/\/baldumarket.lt\/lt\/wp-json\/wp\/v2\/product"}],"about":[{"href":"https:\/\/baldumarket.lt\/lt\/wp-json\/wp\/v2\/types\/product"}],"replies":[{"embeddable":true,"href":"https:\/\/baldumarket.lt\/lt\/wp-json\/wp\/v2\/comments?post=244803"}],"wp:featuredmedia":[{"embeddable":true,"href":"https:\/\/baldumarket.lt\/lt\/wp-json\/wp\/v2\/media\/244804"}],"wp:attachment":[{"href":"https:\/\/baldumarket.lt\/lt\/wp-json\/wp\/v2\/media?parent=244803"}],"wp:term":[{"taxonomy":"product_brand","embeddable":true,"href":"https:\/\/baldumarket.lt\/lt\/wp-json\/wp\/v2\/product_brand?post=244803"},{"taxonomy":"product_cat","embeddable":true,"href":"https:\/\/baldumarket.lt\/lt\/wp-json\/wp\/v2\/product_cat?post=244803"},{"taxonomy":"product_tag","embeddable":true,"href":"https:\/\/baldumarket.lt\/lt\/wp-json\/wp\/v2\/product_tag?post=244803"}],"curies":[{"name":"wp","href":"https:\/\/api.w.org\/{rel}","templated":true}]}}