{"id":244784,"date":"2026-01-02T23:06:52","date_gmt":"2026-01-02T20:06:52","guid":{"rendered":"https:\/\/baldumarket.lt\/product\/szafka-z-blatem-i-umywalka-beyond-60-cm-line-reed-green-z-drzwiami\/"},"modified":"2026-02-11T18:33:23","modified_gmt":"2026-02-11T15:33:23","slug":"szafka-z-blatem-i-umywalka-beyond-60-cm-line-reed-green-z-drzwiami","status":"publish","type":"product","link":"https:\/\/baldumarket.lt\/lt\/product\/szafka-z-blatem-i-umywalka-beyond-60-cm-line-reed-green-z-drzwiami\/","title":{"rendered":"\u201eBeyond 60 cm Line Reed Green\u201c stalvir\u0161io ir praustuvo spintel\u0117 su durel\u0117mis"},"content":{"rendered":"","protected":false},"excerpt":{"rendered":"","protected":false},"featured_media":244785,"comment_status":"open","ping_status":"open","template":"","meta":[],"product_brand":[],"product_cat":[9117,2015,9186],"product_tag":[],"class_list":{"0":"post-244784","1":"product","2":"type-product","3":"status-publish","4":"has-post-thumbnail","6":"product_cat-bathroom","7":"product_cat-comad","8":"product_cat-szafka-z-umywalka-comad","10":"first","11":"instock","12":"purchasable","13":"product-type-simple"},"_links":{"self":[{"href":"https:\/\/baldumarket.lt\/lt\/wp-json\/wp\/v2\/product\/244784","targetHints":{"allow":["GET"]}}],"collection":[{"href":"https:\/\/baldumarket.lt\/lt\/wp-json\/wp\/v2\/product"}],"about":[{"href":"https:\/\/baldumarket.lt\/lt\/wp-json\/wp\/v2\/types\/product"}],"replies":[{"embeddable":true,"href":"https:\/\/baldumarket.lt\/lt\/wp-json\/wp\/v2\/comments?post=244784"}],"wp:featuredmedia":[{"embeddable":true,"href":"https:\/\/baldumarket.lt\/lt\/wp-json\/wp\/v2\/media\/244785"}],"wp:attachment":[{"href":"https:\/\/baldumarket.lt\/lt\/wp-json\/wp\/v2\/media?parent=244784"}],"wp:term":[{"taxonomy":"product_brand","embeddable":true,"href":"https:\/\/baldumarket.lt\/lt\/wp-json\/wp\/v2\/product_brand?post=244784"},{"taxonomy":"product_cat","embeddable":true,"href":"https:\/\/baldumarket.lt\/lt\/wp-json\/wp\/v2\/product_cat?post=244784"},{"taxonomy":"product_tag","embeddable":true,"href":"https:\/\/baldumarket.lt\/lt\/wp-json\/wp\/v2\/product_tag?post=244784"}],"curies":[{"name":"wp","href":"https:\/\/api.w.org\/{rel}","templated":true}]}}