{"id":244767,"date":"2026-01-02T23:06:45","date_gmt":"2026-01-02T20:06:45","guid":{"rendered":"https:\/\/baldumarket.lt\/product\/szafka-wysoka-luxor-black\/"},"modified":"2026-02-11T18:33:23","modified_gmt":"2026-02-11T15:33:23","slug":"szafka-wysoka-luxor-black","status":"publish","type":"product","link":"https:\/\/baldumarket.lt\/lt\/product\/szafka-wysoka-luxor-black\/","title":{"rendered":"LUXOR BLACK auk\u0161ta spintel\u0117"},"content":{"rendered":"<p>LUXOR BLACK auk\u0161ta spintel\u0117\u201eComad\u201c auk\u0161ta spintel\u0117 \u201eLUXOR BLACK\u201c \u2013 tai eleganti\u0161kas juodo MDF ir alyvuoto \u0105\u017euolo derinys. \u012erengta \u0161velnaus u\u017edarymo sistema, frezuotos rankenos ir galimyb\u0117 montuoti duris de\u0161in\u0117je arba kair\u0117je. Puikiai tinka stilingam interjerui. Matmenys: Plotis (cm): 35 Gylis (cm): 31 Auk\u0161tis (cm): 170 Techniniai duomenys: Spalva: Alyvuotas \u0105\u017euolas, juoda Med\u017eiaga: Laminuota plok\u0161t\u0117, MDF Priekin\u0117s dalys: MDF Priekin\u0117s dalies spalva: Juoda Korpusas: Laminuota plok\u0161t\u0117 Korpuso spalva: Alyvuotas \u0105\u017euolas Vyriai: Metaliniai, \u0161velnaus u\u017edarymo Dur\u0173 skai\u010dius: 1 Rankenos: Frezuotos priekyje Dur\u0173 tvirtinimo kryptis: De\u0161in\u0117 \/ Kair\u0117 Surinkimo b\u016bdas: Savaranki\u0161kas surinkimas Pakelkite savo interjer\u0105 \u012f auk\u0161tesn\u012f stiliaus lyg\u012f su \u201eComad\u201c auk\u0161ta \u201eLUXOR BLACK\u201c spintele. \u0160i eleganti\u0161ka spintel\u0117, aptraukta subtiliu juodu MDF priekiu, akimirksniu suteiks j\u016bs\u0173 namams modernumo. Alyvuoto \u0105\u017euolo apdaila tinka tiek klasikiniam, tiek moderniam interjerui, derindama geriausias abiej\u0173 pasauli\u0173 savybes. Stilius ir funkcionalumas yra neatsiejami. Spintel\u0117 \u201eLUXOR BLACK\u201c puikiai tinka bet kokiam kambariui, kuriam reikia papildomos vietos daiktams susid\u0117ti. D\u0117l metalini\u0173 vyri\u0173 ir \u0161velnaus u\u017edarymo mechanizm\u0173 jos veikimas yra ne tik patogus, bet ir tylus. \u0160i\u0105 savyb\u0119 \u012fvertins visi nam\u0173 \u016bkio nariai, ypa\u010d rytinio skub\u0117jimo metu. Kompakti\u0161ki matmenys (plotis 35 cm, auk\u0161tis 170 cm, gylis 31 cm) leid\u017eia lengvai rasti viet\u0105 net ir ma\u017eesn\u0117se erdv\u0117se. Vien\u0173 dureli\u0173 konstrukcija, su galimybe montuoti dureles de\u0161in\u0117je arba kair\u0117je, suteikia papildomo dizaino lankstumo. Esteti\u0161kai patrauklios, frezuotos ranken\u0117l\u0117s priekyje pabr\u0117\u017eia modern\u0173 spintel\u0117s charakter\u012f, kartu leisdamos lengvai atidaryti ir u\u017edaryti. Alyvuoto \u0105\u017euolo korpuso spalva suteikia interjerui \u0161ilumos ir nat\u016bralaus \u017eavesio, dera su \u012fvairiomis med\u017eiagomis ir aksesuarais. Spintel\u0117 \u201eLUXOR BLACK\u201c ne tik papuo\u0161 j\u016bs\u0173 interjer\u0105, bet ir taps jo funkciniu akcentu. Savaranki\u0161kas surinkimas leid\u017eia suasmeninti ir suteikti nam\u0173 architekto patirties, garantuojant pasitenkinim\u0105 galutiniu rezultatu.<\/p>","protected":false},"excerpt":{"rendered":"<p>Plotis (cm): 35<br \/>\n\u016agis (cm): 170<br \/>\nGylis (cm): 31<\/p>","protected":false},"featured_media":244768,"comment_status":"open","ping_status":"open","template":"","meta":[],"product_brand":[],"product_cat":[9117,2015,9187],"product_tag":[],"class_list":{"0":"post-244767","1":"product","2":"type-product","3":"status-publish","4":"has-post-thumbnail","6":"product_cat-bathroom","7":"product_cat-comad","8":"product_cat-washbasin-cabinet-comad","10":"first","11":"instock","12":"purchasable","13":"product-type-simple"},"_links":{"self":[{"href":"https:\/\/baldumarket.lt\/lt\/wp-json\/wp\/v2\/product\/244767","targetHints":{"allow":["GET"]}}],"collection":[{"href":"https:\/\/baldumarket.lt\/lt\/wp-json\/wp\/v2\/product"}],"about":[{"href":"https:\/\/baldumarket.lt\/lt\/wp-json\/wp\/v2\/types\/product"}],"replies":[{"embeddable":true,"href":"https:\/\/baldumarket.lt\/lt\/wp-json\/wp\/v2\/comments?post=244767"}],"wp:featuredmedia":[{"embeddable":true,"href":"https:\/\/baldumarket.lt\/lt\/wp-json\/wp\/v2\/media\/244768"}],"wp:attachment":[{"href":"https:\/\/baldumarket.lt\/lt\/wp-json\/wp\/v2\/media?parent=244767"}],"wp:term":[{"taxonomy":"product_brand","embeddable":true,"href":"https:\/\/baldumarket.lt\/lt\/wp-json\/wp\/v2\/product_brand?post=244767"},{"taxonomy":"product_cat","embeddable":true,"href":"https:\/\/baldumarket.lt\/lt\/wp-json\/wp\/v2\/product_cat?post=244767"},{"taxonomy":"product_tag","embeddable":true,"href":"https:\/\/baldumarket.lt\/lt\/wp-json\/wp\/v2\/product_tag?post=244767"}],"curies":[{"name":"wp","href":"https:\/\/api.w.org\/{rel}","templated":true}]}}