{"id":244763,"date":"2026-01-02T23:06:43","date_gmt":"2026-01-02T20:06:43","guid":{"rendered":"https:\/\/baldumarket.lt\/product\/szafka-wysoka-luxor-beige\/"},"modified":"2026-02-11T18:33:23","modified_gmt":"2026-02-11T15:33:23","slug":"szafka-wysoka-luxor-beige","status":"publish","type":"product","link":"https:\/\/baldumarket.lt\/lt\/product\/szafka-wysoka-luxor-beige\/","title":{"rendered":"Auk\u0161ta spintel\u0117 \u201eLuxor Beige\u201c"},"content":{"rendered":"<p>Auk\u0161ta spintel\u0117 \u201eLuxor Beige\u201c. Stilinga \u201eComad Luxor Beige\u201c auk\u0161ta spintel\u0117 pagaminta i\u0161 laminuotos plok\u0161t\u0117s ir MDF. Sm\u0117lio spalvos fasadai ir alyvuoto \u0105\u017euolo korpusas. Ji turi 4 lentynas, 1 \u0161velniai u\u017esidaran\u010dias duris ir frezuotas rankenas. Puikiai tinka moderniam interjerui. Matmenys: Plotis (cm): 35 Gylis (cm): 31 Auk\u0161tis (cm): 170 Techniniai duomenys: Spalva: Alyvuotas \u0105\u017euolas, sm\u0117lio spalvos Med\u017eiaga: LAMINUOTA LENTA \/ MDF Fasadai: MDF Priekin\u0117s dalies spalva: Sm\u0117lio spalvos Korpusas: Laminuota plok\u0161t\u0117 Korpuso spalva: Alyvuotas \u0105\u017euolas Lentynos: Laminuota plok\u0161t\u0117 Lentyn\u0173 skai\u010dius: 4 Dur\u0173 skai\u010dius: 1 Vyriai: Metaliniai, \u0161velniai u\u017esidarantys Rankenos: Frezuotos priekyje Dur\u0173 tvirtinimo kryptis: De\u0161in\u0117 \/ Kair\u0117 Surinkimo b\u016bdas: Savaranki\u0161kas surinkimas \u012ene\u0161kite modernaus elegancijos ir funkcionalumo \u012f savo interjer\u0105 su auk\u0161ta spintele \u201eLuxor Beige\u201c. Harmoningas alyvuoto \u0105\u017euolo ir subtilios sm\u0117lio spalvos derinys suteikia \u0161iam baldui unikalaus \u017eavesio, kuris pagyvins bet koki\u0105 erdv\u0119. Stilingos frezuotos rankenos priekyje pabr\u0117\u017eia modern\u0173 dizain\u0105 ir u\u017etikrina patog\u0173 naudojim\u0105.<\/p>\n<p>\u201eLuxor Beige\u201c \u2013 tai ne tik gra\u017eus baldas, bet ir prakti\u0161kas daikt\u0173 laikymo sprendimas. Keturios erdvios lentynos leid\u017eia puikiai sutvarkyti daiktus, kuriuos norite visada tur\u0117ti po ranka. D\u0117l to \u0161i spintel\u0117 puikiai tinka svetain\u0117ms, miegamiesiems ir koridoriams, suteikdama namams tvarkos ir \u0161varos.<\/p>\n<p>Spintel\u0117 pagaminta i\u0161 auk\u0161tos kokyb\u0117s med\u017eiag\u0173, toki\u0173 kaip laminuota plok\u0161t\u0117 ir MDF, u\u017etikrinan\u010di\u0173 patvarum\u0105 ir atsparum\u0105 kasdieniam naudojimui. Tvirti metaliniai vyriai ir \u0161velnaus u\u017edarymo sistema u\u017etikrina ne\u012ftik\u0117tin\u0105 patogum\u0105 naudoti. Galimyb\u0117 montuoti dureles \u012f de\u0161in\u0119 arba \u012f kair\u0119 suteikia papildomo lankstumo priderinti baldus prie j\u016bs\u0173 interjero.<\/p>\n<p>\u012esigij\u0119 \u201eComad\u201c auk\u0161t\u0105 spintel\u0119 \u201eLuxor Beige\u201c, investuojate \u012f bald\u0105, kuris derina estetik\u0105 ir funkcionalum\u0105. Lengvas surinkimas ir eleganti\u0161kas dizainas paver\u010dia j\u012f unikaliu bet kurio kambario papildymu, pagerinan\u010diu j\u016bs\u0173 nam\u0173 estetik\u0105. Paverskite \u201eLuxor Beige\u201c nepakei\u010diamu j\u016bs\u0173 interjero dizaino elementu.<\/p>","protected":false},"excerpt":{"rendered":"<p>Plotis (cm): 35<br \/>\n\u016agis (cm): 170<br \/>\nGylis (cm): 31<\/p>","protected":false},"featured_media":244764,"comment_status":"open","ping_status":"open","template":"","meta":[],"product_brand":[],"product_cat":[9117,2015,9187],"product_tag":[],"class_list":{"0":"post-244763","1":"product","2":"type-product","3":"status-publish","4":"has-post-thumbnail","6":"product_cat-bathroom","7":"product_cat-comad","8":"product_cat-washbasin-cabinet-comad","10":"first","11":"instock","12":"purchasable","13":"product-type-simple"},"_links":{"self":[{"href":"https:\/\/baldumarket.lt\/lt\/wp-json\/wp\/v2\/product\/244763","targetHints":{"allow":["GET"]}}],"collection":[{"href":"https:\/\/baldumarket.lt\/lt\/wp-json\/wp\/v2\/product"}],"about":[{"href":"https:\/\/baldumarket.lt\/lt\/wp-json\/wp\/v2\/types\/product"}],"replies":[{"embeddable":true,"href":"https:\/\/baldumarket.lt\/lt\/wp-json\/wp\/v2\/comments?post=244763"}],"wp:featuredmedia":[{"embeddable":true,"href":"https:\/\/baldumarket.lt\/lt\/wp-json\/wp\/v2\/media\/244764"}],"wp:attachment":[{"href":"https:\/\/baldumarket.lt\/lt\/wp-json\/wp\/v2\/media?parent=244763"}],"wp:term":[{"taxonomy":"product_brand","embeddable":true,"href":"https:\/\/baldumarket.lt\/lt\/wp-json\/wp\/v2\/product_brand?post=244763"},{"taxonomy":"product_cat","embeddable":true,"href":"https:\/\/baldumarket.lt\/lt\/wp-json\/wp\/v2\/product_cat?post=244763"},{"taxonomy":"product_tag","embeddable":true,"href":"https:\/\/baldumarket.lt\/lt\/wp-json\/wp\/v2\/product_tag?post=244763"}],"curies":[{"name":"wp","href":"https:\/\/api.w.org\/{rel}","templated":true}]}}