{"id":244738,"date":"2026-01-02T23:06:34","date_gmt":"2026-01-02T20:06:34","guid":{"rendered":"https:\/\/baldumarket.lt\/product\/szafka-wiszaca-z-lustrem-capri-dab-842\/"},"modified":"2026-02-11T18:33:24","modified_gmt":"2026-02-11T15:33:24","slug":"szafka-wiszaca-z-lustrem-capri-dab-842","status":"publish","type":"product","link":"https:\/\/baldumarket.lt\/lt\/product\/szafka-wiszaca-z-lustrem-capri-dab-842\/","title":{"rendered":"Capri \u0105\u017euolin\u0117 pakabinama veidrodin\u0117 spintel\u0117 842"},"content":{"rendered":"<p>\u201eCAPRI GOLDEN OAK\u201c kolekcijos unikalumas pirmiausia kyla i\u0161 paprast\u0173, sant\u016bri\u0173 form\u0173 ir gra\u017eaus dekoro derinio, sukurian\u010dio harmoning\u0105 ir eleganti\u0161k\u0105 interjer\u0105. Geometrin\u0119 bald\u0173 form\u0105 pabr\u0117\u017eia apvadais puo\u0161tos ranken\u0117l\u0117s. Kolekcijoje si\u016blomas platus form\u0173 pasirinkimas, \u012fskaitant funkcionali\u0105 spintel\u0119 su stalvir\u0161iu, suteikian\u010di\u0105 papildomos naudingos erdv\u0117s. Patogum\u0105 didina \u0161velniai u\u017esidaran\u010dios stal\u010di\u0173 b\u0117gel\u0117s ir vyriai, u\u017etikrinantys tyl\u0173 ir \u0161veln\u0173 u\u017edarym\u0105. Modernus \u0161ios kolekcijos akcentas \u2013 galimyb\u0117 ap\u0161viesti stal\u010dius praustuv\u0173 spintel\u0117se.<\/p>","protected":false},"excerpt":{"rendered":"<p>Plotis (cm): 60<br \/>\n\u016agis (cm): 75<br \/>\nGylis (cm): 16<\/p>","protected":false},"featured_media":244739,"comment_status":"open","ping_status":"open","template":"","meta":[],"product_brand":[],"product_cat":[9117,2015,9187],"product_tag":[],"class_list":{"0":"post-244738","1":"product","2":"type-product","3":"status-publish","4":"has-post-thumbnail","6":"product_cat-bathroom","7":"product_cat-comad","8":"product_cat-washbasin-cabinet-comad","10":"first","11":"instock","12":"purchasable","13":"product-type-simple"},"_links":{"self":[{"href":"https:\/\/baldumarket.lt\/lt\/wp-json\/wp\/v2\/product\/244738","targetHints":{"allow":["GET"]}}],"collection":[{"href":"https:\/\/baldumarket.lt\/lt\/wp-json\/wp\/v2\/product"}],"about":[{"href":"https:\/\/baldumarket.lt\/lt\/wp-json\/wp\/v2\/types\/product"}],"replies":[{"embeddable":true,"href":"https:\/\/baldumarket.lt\/lt\/wp-json\/wp\/v2\/comments?post=244738"}],"wp:featuredmedia":[{"embeddable":true,"href":"https:\/\/baldumarket.lt\/lt\/wp-json\/wp\/v2\/media\/244739"}],"wp:attachment":[{"href":"https:\/\/baldumarket.lt\/lt\/wp-json\/wp\/v2\/media?parent=244738"}],"wp:term":[{"taxonomy":"product_brand","embeddable":true,"href":"https:\/\/baldumarket.lt\/lt\/wp-json\/wp\/v2\/product_brand?post=244738"},{"taxonomy":"product_cat","embeddable":true,"href":"https:\/\/baldumarket.lt\/lt\/wp-json\/wp\/v2\/product_cat?post=244738"},{"taxonomy":"product_tag","embeddable":true,"href":"https:\/\/baldumarket.lt\/lt\/wp-json\/wp\/v2\/product_tag?post=244738"}],"curies":[{"name":"wp","href":"https:\/\/api.w.org\/{rel}","templated":true}]}}