{"id":244722,"date":"2026-01-02T23:06:25","date_gmt":"2026-01-02T20:06:25","guid":{"rendered":"https:\/\/baldumarket.lt\/product\/szafka-wiszaca-pod-blat-20-cm-dab-cremona\/"},"modified":"2026-02-11T18:33:24","modified_gmt":"2026-02-11T15:33:24","slug":"szafka-wiszaca-pod-blat-20-cm-dab-cremona","status":"publish","type":"product","link":"https:\/\/baldumarket.lt\/lt\/product\/szafka-wiszaca-pod-blat-20-cm-dab-cremona\/","title":{"rendered":"Sienin\u0117 spintel\u0117 po stalvir\u0161i\u0173, 20 cm, Kremonos \u0105\u017euolas"},"content":{"rendered":"<p>20 cm Cremona \u0105\u017euolo pakabinama spintel\u0117. 20 cm Cremona \u0105\u017euolo pakabinama spintel\u0117 \u2013 tai tobulas elegancijos ir funkcionalumo derinys. Pagaminta i\u0161 patvarios laminuotos plok\u0161t\u0117s, ji suteikia \u0161ilumos minimalistiniam interjerui. Sukurkite harmoning\u0105 erdv\u0119 su \u201eDalia Cashmere\u201c kolekcija. Matmenys: Plotis (cm): 20 Gylis (cm): 44 Auk\u0161tis (cm): 50 Svoris (kg): 8 Techniniai duomenys: Korpuso med\u017eiaga: laminuota plok\u0161t\u0117 Korpuso spalva: Cremona \u0105\u017euolas Montavimo b\u016bdas: Tvirtinamas prie sienos. Suteikite savo interjerui elegancijos ir prakti\u0161kumo su m\u016bs\u0173 20 cm Cremona \u0105\u017euolo pakabinama spintele. \u0160is unikalus baldas derina subtili\u0105 estetik\u0105 ir funkcionalum\u0105, puikiai papildydamas minimalistin\u012f i\u0161d\u0117stym\u0105. \u0160ilti med\u017eio atspalviai suteiks j\u016bs\u0173 namams jauki\u0105 atmosfer\u0105, sukurdami tobul\u0105 fon\u0105 kasdienei veiklai ir poilsiui. \u0160i spintel\u0117 sukurta atsi\u017evelgiant \u012f maksimal\u0173 naudojimo paprastum\u0105. 44 cm gylis ir 50 cm auk\u0161tis daro j\u0105 puikiu sprendimu ma\u017eesn\u0117ms erdv\u0117ms, kur svarbus kiekvienas centimetras. Atviras dizainas leid\u017eia lengvai pasiekti laikomus daiktus, tod\u0117l ji idealiai tinka vonios kambariui, virtuvei ar net svetainei. Pagaminta i\u0161 patvarios laminuotos plok\u0161t\u0117s, spintel\u0117 garantuoja ne tik estetin\u012f patrauklum\u0105, bet ir ilgaam\u017ei\u0161kum\u0105. D\u0117mesys detal\u0117ms ir kruop\u0161ti apdaila lemia bald\u0173 patvarum\u0105 ir elegancij\u0105. D\u0117l universalaus dizaino j\u0105 galite lengvai derinti su kitais \u201eDalia Cashmere\u201c kolekcijos baldais, sukurdami darni\u0105 kompozicij\u0105 savo interjere. Sienin\u0117s spintel\u0117s surinkimas yra ne\u012ftik\u0117tinai paprastas ir nereikalauja joki\u0173 sud\u0117ting\u0173 \u017eini\u0173, tod\u0117l j\u0105 galite greitai ir be vargo integruoti \u012f savo namus. Investuokite \u012f bald\u0105, kuris ne tik teigiamai paveiks j\u016bs\u0173 erdv\u0117s estetik\u0105, bet ir supaprastins kasdien\u012f gyvenim\u0105. Rinkit\u0117s 20 cm storio \u201eCremona Oak\u201c sienin\u0119 spintel\u0119 ir m\u0117gaukit\u0117s jos \u017eavesiu kiekvien\u0105 dien\u0105!<\/p>","protected":false},"excerpt":{"rendered":"<p>Plotis (cm): 20<br \/>\n\u016agis (cm): 50<br \/>\nGylis (cm): 44<\/p>","protected":false},"featured_media":244723,"comment_status":"open","ping_status":"open","template":"","meta":[],"product_brand":[],"product_cat":[9117,2015,9187],"product_tag":[],"class_list":{"0":"post-244722","1":"product","2":"type-product","3":"status-publish","4":"has-post-thumbnail","6":"product_cat-bathroom","7":"product_cat-comad","8":"product_cat-washbasin-cabinet-comad","10":"first","11":"instock","12":"purchasable","13":"product-type-simple"},"_links":{"self":[{"href":"https:\/\/baldumarket.lt\/lt\/wp-json\/wp\/v2\/product\/244722","targetHints":{"allow":["GET"]}}],"collection":[{"href":"https:\/\/baldumarket.lt\/lt\/wp-json\/wp\/v2\/product"}],"about":[{"href":"https:\/\/baldumarket.lt\/lt\/wp-json\/wp\/v2\/types\/product"}],"replies":[{"embeddable":true,"href":"https:\/\/baldumarket.lt\/lt\/wp-json\/wp\/v2\/comments?post=244722"}],"wp:featuredmedia":[{"embeddable":true,"href":"https:\/\/baldumarket.lt\/lt\/wp-json\/wp\/v2\/media\/244723"}],"wp:attachment":[{"href":"https:\/\/baldumarket.lt\/lt\/wp-json\/wp\/v2\/media?parent=244722"}],"wp:term":[{"taxonomy":"product_brand","embeddable":true,"href":"https:\/\/baldumarket.lt\/lt\/wp-json\/wp\/v2\/product_brand?post=244722"},{"taxonomy":"product_cat","embeddable":true,"href":"https:\/\/baldumarket.lt\/lt\/wp-json\/wp\/v2\/product_cat?post=244722"},{"taxonomy":"product_tag","embeddable":true,"href":"https:\/\/baldumarket.lt\/lt\/wp-json\/wp\/v2\/product_tag?post=244722"}],"curies":[{"name":"wp","href":"https:\/\/api.w.org\/{rel}","templated":true}]}}