{"id":244718,"date":"2026-01-02T23:06:24","date_gmt":"2026-01-02T20:06:24","guid":{"rendered":"https:\/\/baldumarket.lt\/product\/szafka-wiszaca-palace-andersen\/"},"modified":"2026-02-11T18:33:24","modified_gmt":"2026-02-11T15:33:24","slug":"szafka-wiszaca-palace-andersen","status":"publish","type":"product","link":"https:\/\/baldumarket.lt\/lt\/product\/szafka-wiszaca-palace-andersen\/","title":{"rendered":"\u201ePalace Andersen\u201c pakabinama spintel\u0117"},"content":{"rendered":"<p>\u201ePalace Andersen\u201c kolekcijos baldai bet kur\u012f vonios kambar\u012f pavers tobula vieta poilsiui ir ramybei. Nat\u016bralus r\u0117m\u0173 vaizdas, prislopintos spalvos ir eleganti\u0161ki fasadai sukuria darni\u0105 ir esteti\u0161kai patraukli\u0105 visum\u0105. Kolekcij\u0105 sudaro dviej\u0173 dyd\u017ei\u0173 praustuv\u0173 spintel\u0117s: 60 ir 80 cm. Serijoje taip pat yra pakabinama ir laisvai pastatoma praustuv\u0173 spintel\u0117 su matinio stiklo durel\u0117mis. Visos spintel\u0117s turi duris, kurios patraukia d\u0117mes\u012f dekoratyviniais grioveliais ir gra\u017eiomis auksin\u0117mis ranken\u0117l\u0117mis. Komplekte taip pat yra veidrod\u017eiai su paprastais, pla\u010diais r\u0117mais, kuri\u0173 plotis yra 60 ir 80 cm. \u201ePalace Riviera\u201c \u2013 tai vonios kambario bald\u0173 kolekcija, sukurta atsi\u017evelgiant \u012f kiekvien\u0105 detal\u0119.<\/p>","protected":false},"excerpt":{"rendered":"<p>Plotis (cm): 48<br \/>\n\u016agis (cm): 76<br \/>\nGylis (cm): 32<\/p>","protected":false},"featured_media":244719,"comment_status":"open","ping_status":"open","template":"","meta":[],"product_brand":[],"product_cat":[9117,2015,9187],"product_tag":[],"class_list":{"0":"post-244718","1":"product","2":"type-product","3":"status-publish","4":"has-post-thumbnail","6":"product_cat-bathroom","7":"product_cat-comad","8":"product_cat-washbasin-cabinet-comad","10":"first","11":"instock","12":"purchasable","13":"product-type-simple"},"_links":{"self":[{"href":"https:\/\/baldumarket.lt\/lt\/wp-json\/wp\/v2\/product\/244718","targetHints":{"allow":["GET"]}}],"collection":[{"href":"https:\/\/baldumarket.lt\/lt\/wp-json\/wp\/v2\/product"}],"about":[{"href":"https:\/\/baldumarket.lt\/lt\/wp-json\/wp\/v2\/types\/product"}],"replies":[{"embeddable":true,"href":"https:\/\/baldumarket.lt\/lt\/wp-json\/wp\/v2\/comments?post=244718"}],"wp:featuredmedia":[{"embeddable":true,"href":"https:\/\/baldumarket.lt\/lt\/wp-json\/wp\/v2\/media\/244719"}],"wp:attachment":[{"href":"https:\/\/baldumarket.lt\/lt\/wp-json\/wp\/v2\/media?parent=244718"}],"wp:term":[{"taxonomy":"product_brand","embeddable":true,"href":"https:\/\/baldumarket.lt\/lt\/wp-json\/wp\/v2\/product_brand?post=244718"},{"taxonomy":"product_cat","embeddable":true,"href":"https:\/\/baldumarket.lt\/lt\/wp-json\/wp\/v2\/product_cat?post=244718"},{"taxonomy":"product_tag","embeddable":true,"href":"https:\/\/baldumarket.lt\/lt\/wp-json\/wp\/v2\/product_tag?post=244718"}],"curies":[{"name":"wp","href":"https:\/\/api.w.org\/{rel}","templated":true}]}}