{"id":244689,"date":"2026-01-02T23:06:13","date_gmt":"2026-01-02T20:06:13","guid":{"rendered":"https:\/\/baldumarket.lt\/product\/szafka-wiszaca-35-cm-ocean-black-2\/"},"modified":"2026-02-11T18:33:24","modified_gmt":"2026-02-11T15:33:24","slug":"szafka-wiszaca-35-cm-ocean-black-2","status":"publish","type":"product","link":"https:\/\/baldumarket.lt\/lt\/product\/szafka-wiszaca-35-cm-ocean-black-2\/","title":{"rendered":"Sienin\u0117 spintel\u0117 35 cm OCEAN BLACK"},"content":{"rendered":"<p>OCEAN BLACK 35 cm sienin\u0117 spintel\u0117. Eleganti\u0161ka OCEAN BLACK sienin\u0117 spintel\u0117 i\u0161 \u201eComad\u201c yra matin\u0117s juodos spalvos su alyvuotu \u0105\u017euolo apdaila. Pagaminta i\u0161 laminuotos plok\u0161t\u0117s ir MDF. \u012erengtos \u0161velniai u\u017esidaran\u010dios durys ir integruotos rankenos. Matmenys: Plotis (cm): 35 Gylis (cm): 19 Auk\u0161tis (cm): 35 Svoris (kg): 6 Techniniai duomenys: Spalva: Matin\u0117 juoda, Alyvuotas \u0105\u017euolas Med\u017eiaga: Laminuota plok\u0161t\u0117 \/ MDF plok\u0161t\u0117 Korpuso med\u017eiaga: Laminuota plok\u0161t\u0117 Korpuso spalva: Alyvuota \u0105\u017euolas Priekio med\u017eiaga: MDF plok\u0161t\u0117 Priekio spalva: Matin\u0117 juoda Priekio konstrukcija: Frezuotas ra\u0161tas Reikalingas surinkimas: Taip Tvirtinimo kai\u0161\u010diai pridedami: Taip Tvirtinimo pakuot\u0117 pridedama: Taip Montavimo viduje b\u016bdas: Pakabinimui ant sienos Dur\u0173 kiekis: 1 Dur\u0173 skai\u010dius: Universal\u016bs Vyriai: \u0160velniai u\u017esidaro Rankenos: Integruotos Rankenos med\u017eiaga: MDF plok\u0161t\u0117 Rankenos spalva: Matin\u0117 juoda Fiksuotos lentynos Kiekis: 2 Fiksuotos lentynos Med\u017eiaga: Laminuota plok\u0161t\u0117 Fiksuotos lentynos spalva: Alyvuotas \u0105\u017euolas Reguliuojamos lentynos Med\u017eiaga: Netaikoma Reguliuojamos lentynos spalva: Netaikoma Reguliuojamos lentynos Svorio talpa (kg): 0 \u201eComad\u201c \u201eOCEAN BLACK\u201c pakabinama spintel\u0117 yra i\u0161skirtinai stilingas ir funkcionalus interjero dizaino elementas, kuris suteiks elegancijos bet kuriame kambaryje. Minimalistinis dizainas, kuriame dominuoja linijin\u0117s formos ir matin\u0117s juodos spalvos priekis, puikiai dera su moderniu dekoru. Spintel\u0117 derina ne\u012ftik\u0117tin\u0105 estetik\u0105 ir funkcionalum\u0105, patenkindama net ir reikliausi\u0173 vartotoj\u0173 poreikius. Pagaminta i\u0161 auk\u0161tos kokyb\u0117s med\u017eiag\u0173, toki\u0173 kaip laminuota plok\u0161t\u0117 ir MDF, ji garantuoja patvarum\u0105 ir tvirtum\u0105 ilgus metus. \u201eOcean Black\u201c spintel\u0117 \u017eavi apgalvotu spalv\u0173 deriniu \u2013 matin\u0117s juodos spalvos priekis ir alyvuoto \u0105\u017euolo korpusas sukuria elegancijos ir nat\u016bralumo \u012fsp\u016bd\u012f. Frezuoto priekio strukt\u016bra suteikia spintelei unikalaus charakterio, pabr\u0117\u017eiant jos moderni\u0105 ir stiling\u0105 i\u0161vaizd\u0105. \u201eOCEAN BLACK\u201c spintel\u0117s funkcionalumo ne\u012fmanoma pervertinti. Dvi fiksuotos lentynos suteikia daug vietos daiktams susid\u0117ti, leid\u017eian\u010dios apgalvotai ir esteti\u0161kai organizuoti daiktus. Be to, integruota rankena ir \u0161velniai u\u017esidaran\u010dios durel\u0117s leid\u017eia naudotis spintele itin patogiai ir maloniai. Tvirtinimas prie sienos leid\u017eia geriau i\u0161naudoti erdv\u0119, o tai ypa\u010d idealiai tinka ma\u017eesn\u0117ms erdv\u0117ms. D\u0117l kompakti\u0161k\u0173 matmen\u0173 \u2013 35 cm plo\u010dio, 19 cm gylio ir 35 cm auk\u0161\u010dio \u2013 \u0161i spintel\u0117 puikiai tinka tiek ma\u017eoms, tiek didesn\u0117ms erdv\u0117ms. Ji puikiai tiks virtuv\u0117je, vonios kambaryje ar net svetain\u0117je, suteikdama papildomos vietos daiktams susid\u0117ti neu\u017eimant daug vietos. \u201eComad\u201c spintel\u0117 OCEAN BLACK \u2013 tai elegancijos, funkcionalumo ir patvarumo derinys, kuris tikrai patiks kiekvienam stilingo interjero entuziastui.<\/p>","protected":false},"excerpt":{"rendered":"<p>Plotis (cm): 35<br \/>\nGylis (cm): 19<br \/>\n\u016agis (cm): 35<\/p>","protected":false},"featured_media":244690,"comment_status":"open","ping_status":"open","template":"","meta":[],"product_brand":[],"product_cat":[9117,2015,9187],"product_tag":[],"class_list":{"0":"post-244689","1":"product","2":"type-product","3":"status-publish","4":"has-post-thumbnail","6":"product_cat-bathroom","7":"product_cat-comad","8":"product_cat-washbasin-cabinet-comad","10":"first","11":"instock","12":"purchasable","13":"product-type-simple"},"_links":{"self":[{"href":"https:\/\/baldumarket.lt\/lt\/wp-json\/wp\/v2\/product\/244689","targetHints":{"allow":["GET"]}}],"collection":[{"href":"https:\/\/baldumarket.lt\/lt\/wp-json\/wp\/v2\/product"}],"about":[{"href":"https:\/\/baldumarket.lt\/lt\/wp-json\/wp\/v2\/types\/product"}],"replies":[{"embeddable":true,"href":"https:\/\/baldumarket.lt\/lt\/wp-json\/wp\/v2\/comments?post=244689"}],"wp:featuredmedia":[{"embeddable":true,"href":"https:\/\/baldumarket.lt\/lt\/wp-json\/wp\/v2\/media\/244690"}],"wp:attachment":[{"href":"https:\/\/baldumarket.lt\/lt\/wp-json\/wp\/v2\/media?parent=244689"}],"wp:term":[{"taxonomy":"product_brand","embeddable":true,"href":"https:\/\/baldumarket.lt\/lt\/wp-json\/wp\/v2\/product_brand?post=244689"},{"taxonomy":"product_cat","embeddable":true,"href":"https:\/\/baldumarket.lt\/lt\/wp-json\/wp\/v2\/product_cat?post=244689"},{"taxonomy":"product_tag","embeddable":true,"href":"https:\/\/baldumarket.lt\/lt\/wp-json\/wp\/v2\/product_tag?post=244689"}],"curies":[{"name":"wp","href":"https:\/\/api.w.org\/{rel}","templated":true}]}}