{"id":244684,"date":"2026-01-02T23:06:11","date_gmt":"2026-01-02T20:06:11","guid":{"rendered":"https:\/\/baldumarket.lt\/product\/szafka-wiszaca-35-cm-ocean-black\/"},"modified":"2026-02-11T18:33:24","modified_gmt":"2026-02-11T15:33:24","slug":"szafka-wiszaca-35-cm-ocean-black","status":"publish","type":"product","link":"https:\/\/baldumarket.lt\/lt\/product\/szafka-wiszaca-35-cm-ocean-black\/","title":{"rendered":"Sienin\u0117 spintel\u0117 35 cm OCEAN BLACK"},"content":{"rendered":"<p>OCEAN BLACK 35 cm pakabinama spintel\u0117. \u201eComad\u201c OCEAN BLACK pakabinama spintel\u0117 \u2013 tai eleganti\u0161kas matin\u0117s juodos ir \u0105\u017euolo apdailos derinys. Pagaminta i\u0161 laminuotos plok\u0161t\u0117s ir MDF, ji turi tris fiksuotas lentynas. Stilingas frezuotas priekis ir integruotos rankenos suteikia modernumo. Matmenys: Plotis (cm): 35 Gylis (cm): 19 Auk\u0161tis (cm): 75 Svoris (kg): 10 Techniniai duomenys: Spalva: Matin\u0117 juoda, Alyvuotas \u0105\u017euolas Med\u017eiaga: Laminuota plok\u0161t\u0117 \/ MDF plok\u0161t\u0117 Korpuso med\u017eiaga: Laminuota plok\u0161t\u0117 Korpuso spalva: Alyvuotas \u0105\u017euolas Priekio med\u017eiaga: MDF plok\u0161t\u0117 Priekio spalva: Matin\u0117 juoda Priekio konstrukcija: Frezuotas ra\u0161tas Reikalingas surinkimas: Taip Tvirtinimo kai\u0161\u010diai \u012ftraukti: Taip \u012etraukta Tvirtinimo pakuot\u0117 \u012ftraukta: Taip Montavimo viduje b\u016bdas: Pakabinimui ant sienos Dur\u0173 kiekis: 1 Dur\u0173 skai\u010dius: Universal\u016bs Vyriai: \u0160velniai u\u017esidarantys Rankenos: Integruoti Ranken\u0173 med\u017eiaga: MDF plok\u0161t\u0117 Rankenos spalva: Matin\u0117 juoda Fiksuot\u0173 lentyn\u0173 kiekis: 3 Fiksuot\u0173 lentyn\u0173 med\u017eiaga: Laminuota plok\u0161t\u0117 Fiksuot\u0173 lentyn\u0173 spalva: Alyvuotas \u0105\u017euolas Reguliuojam\u0173 lentyn\u0173 med\u017eiaga: Netaikoma Reguliuojam\u0173 lentyn\u0173 spalva: Netaikoma \u201eComad\u201c pakabinama \u201eOCEAN BLACK\u201c spintel\u0117 \u2013 puikus sprendimas eleganti\u0161ko ir modernaus interjero m\u0117g\u0117jams. Jos paprastas, bet rafinuotas matin\u0117s juodos spalvos dizainas harmoningai dera su alyvuotu \u0105\u017euolo korpusu, sukurdamas ne\u012ftik\u0117tinai stiling\u0105 akcent\u0105 bet kuriame kambaryje. \u0160i kompakti\u0161ka spintel\u0117, kurios plotis yra 35 cm, o auk\u0161tis \u2013 75 cm, puikiai tinka tiek ma\u017eoms, tiek didesn\u0117ms erdv\u0117ms. Pakabinama konstrukcija leid\u017eia lanks\u010diai valdyti erdv\u0119, o tai ypa\u010d prakti\u0161ka virtuv\u0117se ar vonios kambariuose, kur svarbus kiekvienas centimetras. Integruota rankena leid\u017eia lengvai atidaryti duris, o \u0161velnaus u\u017edarymo mechanizmas u\u017etikrina auk\u0161\u010diausi\u0105 komforto lyg\u012f. Spintel\u0117s viduje yra trys fiksuotos lentynos, pagamintos i\u0161 laminuotos plok\u0161t\u0117s, kuriose yra daug vietos kasdieniams daiktams laikyti. Frezuota fasad\u0173 strukt\u016bra suteikia elegancijos ir unikalaus charakterio, patraukdama kiekvieno, kuris j\u0105 pastatys savo namuose, ak\u012f. Pagaminta i\u0161 auk\u0161tos kokyb\u0117s med\u017eiag\u0173, toki\u0173 kaip laminuota plok\u0161t\u0117 ir MDF, spintel\u0117 garantuoja patvarum\u0105 ir stabilum\u0105. Lengvai surenkama, o pridedamas kai\u0161\u010di\u0173 rinkinys ir tvirtinimo rinkinys leid\u017eia greitai ir be vargo pritvirtinti prie sienos. Puikiai tinka tiek moderniam, tiek klasikiniam interjerui, OCEAN BLACK sienin\u0117 spintel\u0117 yra b\u016btinas pirkinys visiems, kurie vertina funkcionalum\u0105 ir elegancij\u0105.<\/p>","protected":false},"excerpt":{"rendered":"<p>Plotis (cm): 35<br \/>\nGylis (cm): 19<br \/>\n\u016agis (cm): 75<\/p>","protected":false},"featured_media":244685,"comment_status":"open","ping_status":"open","template":"","meta":[],"product_brand":[],"product_cat":[9117,2015,9187],"product_tag":[],"class_list":{"0":"post-244684","1":"product","2":"type-product","3":"status-publish","4":"has-post-thumbnail","6":"product_cat-bathroom","7":"product_cat-comad","8":"product_cat-washbasin-cabinet-comad","10":"first","11":"instock","12":"purchasable","13":"product-type-simple"},"_links":{"self":[{"href":"https:\/\/baldumarket.lt\/lt\/wp-json\/wp\/v2\/product\/244684","targetHints":{"allow":["GET"]}}],"collection":[{"href":"https:\/\/baldumarket.lt\/lt\/wp-json\/wp\/v2\/product"}],"about":[{"href":"https:\/\/baldumarket.lt\/lt\/wp-json\/wp\/v2\/types\/product"}],"replies":[{"embeddable":true,"href":"https:\/\/baldumarket.lt\/lt\/wp-json\/wp\/v2\/comments?post=244684"}],"wp:featuredmedia":[{"embeddable":true,"href":"https:\/\/baldumarket.lt\/lt\/wp-json\/wp\/v2\/media\/244685"}],"wp:attachment":[{"href":"https:\/\/baldumarket.lt\/lt\/wp-json\/wp\/v2\/media?parent=244684"}],"wp:term":[{"taxonomy":"product_brand","embeddable":true,"href":"https:\/\/baldumarket.lt\/lt\/wp-json\/wp\/v2\/product_brand?post=244684"},{"taxonomy":"product_cat","embeddable":true,"href":"https:\/\/baldumarket.lt\/lt\/wp-json\/wp\/v2\/product_cat?post=244684"},{"taxonomy":"product_tag","embeddable":true,"href":"https:\/\/baldumarket.lt\/lt\/wp-json\/wp\/v2\/product_tag?post=244684"}],"curies":[{"name":"wp","href":"https:\/\/api.w.org\/{rel}","templated":true}]}}