{"id":244679,"date":"2026-01-02T23:06:08","date_gmt":"2026-01-02T20:06:08","guid":{"rendered":"https:\/\/baldumarket.lt\/product\/szafka-wiszaca-35-cm-ocean-beige-2\/"},"modified":"2026-02-11T18:33:24","modified_gmt":"2026-02-11T15:33:24","slug":"szafka-wiszaca-35-cm-ocean-beige-2","status":"publish","type":"product","link":"https:\/\/baldumarket.lt\/lt\/product\/szafka-wiszaca-35-cm-ocean-beige-2\/","title":{"rendered":"Sienin\u0117 spintel\u0117 35 cm OCEAN BEIGE"},"content":{"rendered":"<p>35 cm pakabinama spintel\u0117 OCEAN BEIGE. \u201eComad\u201c 35 cm plo\u010dio ir 35 cm auk\u0161\u010dio OCEAN BEIGE pakabinama spintel\u0117 pagaminta i\u0161 laminuotos plok\u0161t\u0117s ir MDF. Galima rinktis sm\u0117lio arba alyvuoto \u0105\u017euolo spalv\u0173, turi \u0161velnaus u\u017edarymo sistem\u0105, integruot\u0105 ranken\u0105 ir dvi lentynas. Puikiai tinka moderniam interjerui. Matmenys: Plotis (cm): 35 Gylis (cm): 19 Auk\u0161tis (cm): 35 Svoris (kg): 6 Techniniai duomenys: Spalva: Sm\u0117lio spalvos, Alyvuotas \u0105\u017euolas Med\u017eiaga: Laminuota plok\u0161t\u0117 \/ MDF plok\u0161t\u0117 Korpuso med\u017eiaga: Laminuota plok\u0161t\u0117 Korpuso spalva: Alyvuota \u0105\u017euolas Priekio med\u017eiaga: MDF plok\u0161t\u0117 Priekio spalva: Sm\u0117lio spalvos Priekio strukt\u016bra: Frezuotas ra\u0161tas Reikalingas surinkimas: Taip Tvirtinimo kai\u0161\u010diai pridedami: Taip, yra komplekte Tvirtinimo pakuot\u0117 komplekte: Taip Montavimo viduje b\u016bdas: Pakabinimui ant sienos Dur\u0173 kiekis: 1 Dur\u0173 skai\u010dius: Universal\u016bs Vyriai: \u0160velniai u\u017esidaro Rankenos: Integruotos Ranken\u0173 med\u017eiaga: MDF plok\u0161t\u0117 Rankenos spalva: Sm\u0117lio spalvos Fiksuotos lentynos Kiekis: 2 Fiksuotos lentynos Fiksuot\u0173 lentyn\u0173 med\u017eiaga: Laminuota plok\u0161t\u0117 Fiksuotos lentynos Spalva: Alyvuotas \u0105\u017euolas Reguliuojamos lentynos Med\u017eiaga: Netaikoma Reguliuojamos lentynos Spalva: Netaikoma Reguliuojamos lentynos Svorio talpa (kg): 0 Atraskite elegancij\u0105 ir funkcionalum\u0105 su \u201eComad\u201c OCEAN BEIGE sienine spintele! \u0160i kompakti\u0161ka spintel\u0117, kurios plotis yra 35 cm, gylis 19 cm ir auk\u0161tis 35 cm, puikiai tiks bet kuriame kambaryje ir suteiks modernaus charakterio. Neutrali sm\u0117lio spalva kartu su frezuotais MDF fasadais ir alyvuotu \u0105\u017euolo korpusu sukuria stiling\u0105 ir prakti\u0161k\u0105 sprendim\u0105 j\u016bs\u0173 interjerui. Spintel\u0117 pagaminta i\u0161 auk\u0161tos kokyb\u0117s laminuotos plok\u0161t\u0117s ir MDF, u\u017etikrinant patvarum\u0105 ir paprast\u0105 prie\u017ei\u016br\u0105. Sverdama vos 6 kg, ji yra lengva, ta\u010diau patvari. Spintel\u0117s konstrukcijoje yra dvi fiksuotos lentynos, pagamintos i\u0161 laminuotos plok\u0161t\u0117s su alyvuotu \u0105\u017euolo apdaila, puikiai tinkan\u010dios \u012fvairiems daiktams laikyti ir palaikyti tvark\u0105 namuose. Spintel\u0117s durel\u0117s turi \u0161velnaus u\u017edarymo sistem\u0105, kad b\u016bt\u0173 patogu naudoti, o integruota sm\u0117lio spalvos MDF rankena suteikia elegancijos. Universal\u016bs vyriai leid\u017eia lengvai surinkti, o pridedami tvirtinimo kai\u0161\u010diai ir tvirtinimo rinkinys leid\u017eia greitai ir be vargo pritvirtinti prie sienos. \u201eComad\u201c OCEAN BEIGE sienin\u0117 spintel\u0117 yra puikus pasirinkimas tiems, kurie vertina stili\u0173, funkcionalum\u0105 ir auk\u0161t\u0105 meistri\u0161kumo kokyb\u0119. Papildykite savo interjer\u0105 eleganti\u0161kais baldais ir m\u0117gaukit\u0117s i\u0161skirtiniu dizainu kiekvien\u0105 dien\u0105!<\/p>","protected":false},"excerpt":{"rendered":"<p>Plotis (cm): 35<br \/>\nGylis (cm): 19<br \/>\n\u016agis (cm): 35<\/p>","protected":false},"featured_media":244680,"comment_status":"open","ping_status":"open","template":"","meta":[],"product_brand":[],"product_cat":[9117,2015,9187],"product_tag":[],"class_list":{"0":"post-244679","1":"product","2":"type-product","3":"status-publish","4":"has-post-thumbnail","6":"product_cat-bathroom","7":"product_cat-comad","8":"product_cat-washbasin-cabinet-comad","10":"first","11":"instock","12":"purchasable","13":"product-type-simple"},"_links":{"self":[{"href":"https:\/\/baldumarket.lt\/lt\/wp-json\/wp\/v2\/product\/244679","targetHints":{"allow":["GET"]}}],"collection":[{"href":"https:\/\/baldumarket.lt\/lt\/wp-json\/wp\/v2\/product"}],"about":[{"href":"https:\/\/baldumarket.lt\/lt\/wp-json\/wp\/v2\/types\/product"}],"replies":[{"embeddable":true,"href":"https:\/\/baldumarket.lt\/lt\/wp-json\/wp\/v2\/comments?post=244679"}],"wp:featuredmedia":[{"embeddable":true,"href":"https:\/\/baldumarket.lt\/lt\/wp-json\/wp\/v2\/media\/244680"}],"wp:attachment":[{"href":"https:\/\/baldumarket.lt\/lt\/wp-json\/wp\/v2\/media?parent=244679"}],"wp:term":[{"taxonomy":"product_brand","embeddable":true,"href":"https:\/\/baldumarket.lt\/lt\/wp-json\/wp\/v2\/product_brand?post=244679"},{"taxonomy":"product_cat","embeddable":true,"href":"https:\/\/baldumarket.lt\/lt\/wp-json\/wp\/v2\/product_cat?post=244679"},{"taxonomy":"product_tag","embeddable":true,"href":"https:\/\/baldumarket.lt\/lt\/wp-json\/wp\/v2\/product_tag?post=244679"}],"curies":[{"name":"wp","href":"https:\/\/api.w.org\/{rel}","templated":true}]}}