{"id":244673,"date":"2026-01-02T23:06:06","date_gmt":"2026-01-02T20:06:06","guid":{"rendered":"https:\/\/baldumarket.lt\/product\/szafka-wiszaca-35-cm-ocean-beige\/"},"modified":"2026-02-11T18:33:24","modified_gmt":"2026-02-11T15:33:24","slug":"szafka-wiszaca-35-cm-ocean-beige","status":"publish","type":"product","link":"https:\/\/baldumarket.lt\/lt\/product\/szafka-wiszaca-35-cm-ocean-beige\/","title":{"rendered":"Sienin\u0117 spintel\u0117 35 cm OCEAN BEIGE"},"content":{"rendered":"<p>OCEAN BEIGE 35 cm pakabinama spintel\u0117. Sukurkite eleganti\u0161k\u0105 akcent\u0105 savo vonios kambaryje su OCEAN BEIGE pakabinama spintele i\u0161 Comad. Pagaminta i\u0161 frezuoto MDF su alyvuotu \u0105\u017euolo apdaila, ji turi tris fiksuotas lentynas ir \u0161velniai u\u017esidaran\u010dias dureles. Pridedamas visas surinkimo rinkinys. Matmenys: Plotis (cm): 35 Gylis (cm): 19 Auk\u0161tis (cm): 75 Svoris (kg): 10 Techniniai duomenys: Spalva: Sm\u0117lio spalvos, Alyvuotas \u0105\u017euolas Med\u017eiaga: Laminuota plok\u0161t\u0117 \/ MDF plok\u0161t\u0117 Korpuso med\u017eiaga: Laminuota plok\u0161t\u0117 Korpuso spalva: Alyvuota \u0105\u017euolas Priekio med\u017eiaga: MDF plok\u0161t\u0117 Priekio spalva: Sm\u0117lio spalvos Priekio strukt\u016bra: Frezuotas ra\u0161tas Reikalingas surinkimas: Taip Tvirtinimo kai\u0161\u010diai pridedami: Taip, yra komplekte Tvirtinimo rinkinys komplekte: Taip Montavimo viduje b\u016bdas: Pakabinimui ant sienos Dur\u0173 kiekis: 1 Dur\u0173 skai\u010dius: Universal\u016bs Vyriai: \u0160velniai u\u017esidaro Rankenos: Integruotos Ranken\u0173 med\u017eiaga: MDF plok\u0161t\u0117 Rankenos spalva: Sm\u0117lio spalvos Fiksuot\u0173 lentyn\u0173 kiekis: 3 Fiksuot\u0173 lentyn\u0173 Fiksuot\u0173 lentyn\u0173 med\u017eiaga: Plok\u0161t\u0117 Laminuota Fiksuot\u0173 lentyn\u0173 spalva: Alyvuotas \u0105\u017euolas Reguliuojamos lentynos Med\u017eiaga: Netaikoma Reguliuojamos lentynos spalva: Netaikoma Reguliuojamos lentynos Svorio talpa (kg): 0 Atraskite tobul\u0105 elegancijos ir funkcionalumo derin\u012f su \u201eComad\u201c OCEAN BEIGE sienine spintele. \u0160i kompakti\u0161ka spintel\u0117, kurios plotis yra 35 cm, gylis 19 cm ir auk\u0161tis 75 cm, yra puikus pasirinkimas \u012fvairioms patalpoms, kuriose svarbu taupyti viet\u0105.<\/p>\n<p>Sm\u0117lio spalvos ir alyvuoto \u0105\u017euolo derinys suteikia \u0161iam baldui modern\u0173, ta\u010diau jauk\u0173 charakter\u012f. Pagaminta i\u0161 auk\u0161tos kokyb\u0117s laminuotos plok\u0161t\u0117s ir MDF, spintel\u0117 yra ne tik vizualiai patraukli, bet ir tvirta bei patvari.<\/p>\n<p>Spintel\u0117 turi vienas \u0161velniai u\u017esidaran\u010dias dureles, kad b\u016bt\u0173 patogu naudoti. Integruota rankena, taip pat pagaminta i\u0161 sm\u0117lio spalvos MDF, suteikia bendram dizainui elegancijos ir vientisumo. Viduje rasite tris fiksuotas lentynas, pagamintas i\u0161 alyvuoto \u0105\u017euolo spalvos laminuotos plok\u0161t\u0117s, kuriose yra daug vietos \u012fvairiems vonios kambario daiktams laikyti.<\/p>\n<p>Surinkimas paprastas d\u0117l pridedam\u0173 tvirtinimo kai\u0161\u010di\u0173 ir pilno surinkimo rinkinio. Spintel\u0117 skirta montuoti prie sienos, tod\u0117l galite maksimaliai i\u0161naudoti erdv\u0119 savo namuose.<\/p>\n<p>Rinkit\u0117s 35 cm sienin\u0119 spintel\u0119 \u201eOCEAN BEIGE\u201c, kad m\u0117gautum\u0117t\u0117s moderniu dizainu ir prakti\u0161ku daikt\u0173 laikymo sprendimu.<\/p>","protected":false},"excerpt":{"rendered":"<p>Plotis (cm): 35<br \/>\nGylis (cm): 19<br \/>\n\u016agis (cm): 75<\/p>","protected":false},"featured_media":244674,"comment_status":"open","ping_status":"open","template":"","meta":[],"product_brand":[],"product_cat":[9117,2015,9187],"product_tag":[],"class_list":{"0":"post-244673","1":"product","2":"type-product","3":"status-publish","4":"has-post-thumbnail","6":"product_cat-bathroom","7":"product_cat-comad","8":"product_cat-washbasin-cabinet-comad","10":"first","11":"instock","12":"purchasable","13":"product-type-simple"},"_links":{"self":[{"href":"https:\/\/baldumarket.lt\/lt\/wp-json\/wp\/v2\/product\/244673","targetHints":{"allow":["GET"]}}],"collection":[{"href":"https:\/\/baldumarket.lt\/lt\/wp-json\/wp\/v2\/product"}],"about":[{"href":"https:\/\/baldumarket.lt\/lt\/wp-json\/wp\/v2\/types\/product"}],"replies":[{"embeddable":true,"href":"https:\/\/baldumarket.lt\/lt\/wp-json\/wp\/v2\/comments?post=244673"}],"wp:featuredmedia":[{"embeddable":true,"href":"https:\/\/baldumarket.lt\/lt\/wp-json\/wp\/v2\/media\/244674"}],"wp:attachment":[{"href":"https:\/\/baldumarket.lt\/lt\/wp-json\/wp\/v2\/media?parent=244673"}],"wp:term":[{"taxonomy":"product_brand","embeddable":true,"href":"https:\/\/baldumarket.lt\/lt\/wp-json\/wp\/v2\/product_brand?post=244673"},{"taxonomy":"product_cat","embeddable":true,"href":"https:\/\/baldumarket.lt\/lt\/wp-json\/wp\/v2\/product_cat?post=244673"},{"taxonomy":"product_tag","embeddable":true,"href":"https:\/\/baldumarket.lt\/lt\/wp-json\/wp\/v2\/product_tag?post=244673"}],"curies":[{"name":"wp","href":"https:\/\/api.w.org\/{rel}","templated":true}]}}