{"id":244668,"date":"2026-01-02T23:06:04","date_gmt":"2026-01-02T20:06:04","guid":{"rendered":"https:\/\/baldumarket.lt\/product\/szafka-wiszaca-30-cm-ocean-black\/"},"modified":"2026-02-11T18:33:24","modified_gmt":"2026-02-11T15:33:24","slug":"szafka-wiszaca-30-cm-ocean-black","status":"publish","type":"product","link":"https:\/\/baldumarket.lt\/lt\/product\/szafka-wiszaca-30-cm-ocean-black\/","title":{"rendered":"Sienin\u0117 spintel\u0117 30 cm OCEAN BLACK"},"content":{"rendered":"<p>Pakabinama spintel\u0117 30 cm OCEAN BLACK. \u201eComad\u201c pakabinama spintel\u0117 OCEAN BLACK yra eleganti\u0161kas bet kurio vonios kambario papildymas. Matin\u0117s juodos spalvos MDF priekis kartu su korpusu, pagamintu i\u0161 alyvuoto \u0105\u017euolo spalvos laminuotos plok\u0161t\u0117s, sukuria modern\u0173 ir stiling\u0105 vaizd\u0105. Matmenys: Plotis (cm): 30 Gylis (cm): 46 Auk\u0161tis (cm): 57 Svoris (kg): 11 Techniniai duomenys: Spalva: Matin\u0117 juoda, Alyvuotas \u0105\u017euolas Med\u017eiaga: Laminuota plok\u0161t\u0117 \/ MDF plok\u0161t\u0117 Korpuso med\u017eiaga: Laminuota plok\u0161t\u0117 Korpuso spalva: Alyvuotas \u0105\u017euolas Priekio med\u017eiaga: MDF plok\u0161t\u0117 Priekio spalva: Matin\u0117 juoda Priekio konstrukcija: Frezuotas ra\u0161tas Reikalingas surinkimas: Taip Tvirtinimo kai\u0161\u010diai pridedami: Taip \u012eskai\u010diuota Tvirtinimo pakuot\u0117 \u012ftraukta: Taip Montavimo viduje b\u016bdas: Pakabinimui ant sienos Dur\u0173 kiekis: 1 Dur\u0173 skai\u010dius: Universal\u016bs Vyriai: \u0160velniai u\u017esidaro Rankenos: Integruotos Rankenos med\u017eiaga: MDF plok\u0161t\u0117 Rankenos spalva: Matin\u0117 juoda Fiksuotos lentynos Med\u017eiaga: Netaikoma Fiksuotos lentynos spalva: Netaikoma Reguliuojamos lentynos Med\u017eiaga: Netaikoma Reguliuojamos lentynos spalva: Netaikoma \u201eComad\u201c pakabinama \u201eOCEAN BLACK\u201c spintel\u0117 yra puikus sprendimas tiems, kurie vertina modern\u0173 dizain\u0105 ir auk\u0161t\u0105 funkcionalum\u0105. Matin\u0117 juoda priekin\u0117 dalis kartu su alyvuotu \u0105\u017euolo korpusu sukuria patraukl\u0173 vaizdin\u012f efekt\u0105, kuris suteiks bet kokiam interjerui eleganti\u0161k\u0105 i\u0161vaizd\u0105. Ji puikiai dera virtuv\u0117s ar vonios kambario erdv\u0117se, suteikdama stiling\u0105 i\u0161rai\u0161k\u0105 ir prakti\u0161k\u0105 charakter\u012f. D\u0117l kompakti\u0161ko 30 cm plo\u010dio spintel\u0117 puikiai tiks net ir reikliausioje erdv\u0117je, suteikdama bet kokiai patalpai harmonijos ir funkcionalumo. Paprasta forma ir frezuoti kra\u0161tai fasaduose suteikia originalumo, o integruota rankena u\u017etikrina patog\u0173 kasdien\u012f naudojim\u0105. Papildomas privalumas \u2013 \u0161velnaus u\u017edarymo sistema, d\u0117l kurios spintele naudotis ne tik prakti\u0161ka, bet ir i\u0161skirtinai malonu. Sienin\u0117 spintel\u0117 \u201eOCEAN BLACK\u201c \u2013 tai baldas, puikiai derinantis estetik\u0105 ir funkcionalum\u0105. Ji padaro bet koki\u0105 erdv\u0119 tvarkingesn\u0119 ir stilingesn\u0119. Suteikite savo interjerui nauj\u0105 dimensij\u0105 su \u0161ia unikalia spintele, kurioje dera eleganti\u0161kas dizainas ir prakti\u0161kumas.<\/p>","protected":false},"excerpt":{"rendered":"<p>Plotis (cm): 30<br \/>\nGylis (cm): 46<br \/>\n\u016agis (cm): 57<\/p>","protected":false},"featured_media":244669,"comment_status":"open","ping_status":"open","template":"","meta":[],"product_brand":[],"product_cat":[9117,2015,9187],"product_tag":[],"class_list":{"0":"post-244668","1":"product","2":"type-product","3":"status-publish","4":"has-post-thumbnail","6":"product_cat-bathroom","7":"product_cat-comad","8":"product_cat-washbasin-cabinet-comad","10":"first","11":"instock","12":"purchasable","13":"product-type-simple"},"_links":{"self":[{"href":"https:\/\/baldumarket.lt\/lt\/wp-json\/wp\/v2\/product\/244668","targetHints":{"allow":["GET"]}}],"collection":[{"href":"https:\/\/baldumarket.lt\/lt\/wp-json\/wp\/v2\/product"}],"about":[{"href":"https:\/\/baldumarket.lt\/lt\/wp-json\/wp\/v2\/types\/product"}],"replies":[{"embeddable":true,"href":"https:\/\/baldumarket.lt\/lt\/wp-json\/wp\/v2\/comments?post=244668"}],"wp:featuredmedia":[{"embeddable":true,"href":"https:\/\/baldumarket.lt\/lt\/wp-json\/wp\/v2\/media\/244669"}],"wp:attachment":[{"href":"https:\/\/baldumarket.lt\/lt\/wp-json\/wp\/v2\/media?parent=244668"}],"wp:term":[{"taxonomy":"product_brand","embeddable":true,"href":"https:\/\/baldumarket.lt\/lt\/wp-json\/wp\/v2\/product_brand?post=244668"},{"taxonomy":"product_cat","embeddable":true,"href":"https:\/\/baldumarket.lt\/lt\/wp-json\/wp\/v2\/product_cat?post=244668"},{"taxonomy":"product_tag","embeddable":true,"href":"https:\/\/baldumarket.lt\/lt\/wp-json\/wp\/v2\/product_tag?post=244668"}],"curies":[{"name":"wp","href":"https:\/\/api.w.org\/{rel}","templated":true}]}}