{"id":244662,"date":"2026-01-02T23:06:01","date_gmt":"2026-01-02T20:06:01","guid":{"rendered":"https:\/\/baldumarket.lt\/product\/szafka-wiszaca-30-cm-ocean-beige\/"},"modified":"2026-02-11T18:33:24","modified_gmt":"2026-02-11T15:33:24","slug":"szafka-wiszaca-30-cm-ocean-beige","status":"publish","type":"product","link":"https:\/\/baldumarket.lt\/lt\/product\/szafka-wiszaca-30-cm-ocean-beige\/","title":{"rendered":"Sienin\u0117 spintel\u0117 30 cm OCEAN BEIGE"},"content":{"rendered":"<p>Pakabinama spintel\u0117 30 cm OCEAN BEIGE Stilinga OCEAN BEIGE spalvos pakabinama spintel\u0117, 30 cm plo\u010dio, i\u0161 \u201eComad\u201c prek\u0117s \u017eenklo, pagaminta i\u0161 laminuotos plok\u0161t\u0117s ir MDF, eleganti\u0161kos sm\u0117lio ir alyvuoto \u0105\u017euolo spalvos, su vienomis \u0161velniai u\u017esidaran\u010diomis durel\u0117mis, idealiai tinka moderniam interjerui. Matmenys: Plotis (cm): 30 Gylis (cm): 46 Auk\u0161tis (cm): 57 Svoris (kg): 11 Techniniai duomenys: Spalva: Sm\u0117lio spalvos, Alyvuotas \u0105\u017euolas Med\u017eiaga: Laminuota plok\u0161t\u0117 \/ MDF plok\u0161t\u0117 Korpuso med\u017eiaga: Laminuota plok\u0161t\u0117 Korpuso spalva: Alyvuotas \u0105\u017euolas Priekini\u0173 dali\u0173 med\u017eiaga: MDF plok\u0161t\u0117 Priekini\u0173 dali\u0173 spalva: Sm\u0117lio spalvos Priekini\u0173 dali\u0173 strukt\u016bra: Frezuotas ra\u0161tas Reikalingas surinkimas: Taip Tvirtinimo kai\u0161\u010diai pridedami: Taip Tvirtinimo pakuot\u0117 pridedama: Taip Montavimo viduje b\u016bdas: Pakabinimui ant sienos Dur\u0173 kiekis: 1Dur\u0173 skai\u010dius: Universal\u016bs Vyriai: \u0160velniai u\u017esidarantys Rankenos: Integruoti Rankenos med\u017eiaga: MDF plok\u0161t\u0117 Rankenos spalva: Sm\u0117lio spalvos Fiksuot\u0173 lentyn\u0173 med\u017eiaga: netaikoma Fiksuotos lentynos spalva: netaikoma Fiksuotos lentynos apkrova (kg): 0 Reguliuojama lentynos med\u017eiaga: netaikoma Reguliuojama lentynos spalva: netaikoma Reguliuojama lentynos apkrova (kg): 0 Atraskite moderni\u0105 elegancij\u0105 su 30 cm OCEAN BEIGE sienine spintele i\u0161 \u201eComad\u201c prek\u0117s \u017eenklo! \u0160i kompakti\u0161ka spintel\u0117, 30 cm plo\u010dio, 46 cm gylio ir 57 cm auk\u0161\u010dio, sukurta atsi\u017evelgiant \u012f j\u016bs\u0173 estetinius ir funkcionalius poreikius. Pagaminta i\u0161 auk\u0161tos kokyb\u0117s laminuotos plok\u0161t\u0117s ir MDF, spintel\u0117 pasi\u017eymi patvarumu ir atsparumu kasdieniam naudojimui. Alyvuotas \u0105\u017euolo korpusas suteikia interjerui \u0161ilt\u0105, nat\u016bral\u0173 akcent\u0105, o sm\u0117lio spalvos fasadai su frezuotu ra\u0161tu \u2013 modern\u0173 vaizd\u0105. Be estetinio patrauklumo, OCEAN BEIGE spintel\u0117 pasi\u017eymi ir funkcionaliomis savyb\u0117mis. \u0160velniai u\u017esidaran\u010dios durel\u0117s u\u017etikrina patog\u0173 kasdien\u012f naudojim\u0105, o integruota sm\u0117lio spalvos rankena pabr\u0117\u017eia dizaino vientisum\u0105. Universal\u016bs vyriai leid\u017eia paprastai ir patogiai montuoti dureles. Spintel\u0117 skirta montuoti prie sienos, tod\u0117l puikiai tinka ma\u017eesn\u0117ms erdv\u0117ms, kur svarbus kiekvienas centimetras. Komplekte yra tvirtinimo kai\u0161\u010diai ir surinkimo rinkinys, skirtas lengvam surinkimui ir montavimui. \u012esigykite 30 cm OCEAN BEIGE sienin\u0119 spintel\u0119 \u012f savo interjer\u0105 ir m\u0117gaukit\u0117s moderniu, funkcionaliu baldu, kuris prad\u017eiugins kiekvien\u0105 lankytoj\u0105!<\/p>","protected":false},"excerpt":{"rendered":"<p>Plotis (cm): 30<br \/>\nGylis (cm): 46<br \/>\n\u016agis (cm): 57<\/p>","protected":false},"featured_media":244663,"comment_status":"open","ping_status":"open","template":"","meta":[],"product_brand":[],"product_cat":[9117,2015,9187],"product_tag":[],"class_list":{"0":"post-244662","1":"product","2":"type-product","3":"status-publish","4":"has-post-thumbnail","6":"product_cat-bathroom","7":"product_cat-comad","8":"product_cat-washbasin-cabinet-comad","10":"first","11":"instock","12":"purchasable","13":"product-type-simple"},"_links":{"self":[{"href":"https:\/\/baldumarket.lt\/lt\/wp-json\/wp\/v2\/product\/244662","targetHints":{"allow":["GET"]}}],"collection":[{"href":"https:\/\/baldumarket.lt\/lt\/wp-json\/wp\/v2\/product"}],"about":[{"href":"https:\/\/baldumarket.lt\/lt\/wp-json\/wp\/v2\/types\/product"}],"replies":[{"embeddable":true,"href":"https:\/\/baldumarket.lt\/lt\/wp-json\/wp\/v2\/comments?post=244662"}],"wp:featuredmedia":[{"embeddable":true,"href":"https:\/\/baldumarket.lt\/lt\/wp-json\/wp\/v2\/media\/244663"}],"wp:attachment":[{"href":"https:\/\/baldumarket.lt\/lt\/wp-json\/wp\/v2\/media?parent=244662"}],"wp:term":[{"taxonomy":"product_brand","embeddable":true,"href":"https:\/\/baldumarket.lt\/lt\/wp-json\/wp\/v2\/product_brand?post=244662"},{"taxonomy":"product_cat","embeddable":true,"href":"https:\/\/baldumarket.lt\/lt\/wp-json\/wp\/v2\/product_cat?post=244662"},{"taxonomy":"product_tag","embeddable":true,"href":"https:\/\/baldumarket.lt\/lt\/wp-json\/wp\/v2\/product_tag?post=244662"}],"curies":[{"name":"wp","href":"https:\/\/api.w.org\/{rel}","templated":true}]}}