{"id":244636,"date":"2026-01-02T23:05:51","date_gmt":"2026-01-02T20:05:51","guid":{"rendered":"https:\/\/baldumarket.lt\/product\/szafka-wiszaca-30-cm-nova-oak-3\/"},"modified":"2026-02-11T18:33:25","modified_gmt":"2026-02-11T15:33:25","slug":"szafka-wiszaca-30-cm-nova-oak-3","status":"publish","type":"product","link":"https:\/\/baldumarket.lt\/lt\/product\/szafka-wiszaca-30-cm-nova-oak-3\/","title":{"rendered":"NOVA \u0104\u017dUOLIN\u0116 30 cm sienin\u0117 spintel\u0117"},"content":{"rendered":"<p>NOVA OAK 30 cm sienin\u0117 spintel\u0117. Eleganti\u0161ka NOVA OAK sienin\u0117 spintel\u0117 i\u0161 \u201eComad\u201c pagaminta i\u0161 auk\u0161tos kokyb\u0117s laminuotos medienos dro\u017eli\u0173 plok\u0161t\u0117s \u201eCoast Evoke Oak\u201c spalvos. Ji turi \u0161velnaus u\u017edarymo sistem\u0105, integruot\u0105 ranken\u0105 ir dvi lentynas (fiksuotas ir reguliuojamas). Puikiai tinka moderniam interjerui. Matmenys: Plotis (cm): 30 Gylis (cm): 18,9 Auk\u0161tis (cm): 30 Svoris (kg): 4 Techniniai duomenys: Spalva: Cost Evoke Oak Med\u017eiaga: Laminuota plok\u0161t\u0117 Korpuso med\u017eiaga: Laminuota plok\u0161t\u0117 Korpuso spalva: Cost Evoke Oak Priekini\u0173 dali\u0173 med\u017eiaga: Laminuota plok\u0161t\u0117 Priekini\u0173 dali\u0173 spalva: Coast Evoke Oak Priekini\u0173 dali\u0173 konstrukcija: Lygi Reikalingas surinkimas: Taip Tvirtinimo kai\u0161\u010diai pridedami: Taip, yra komplekte Tvirtinimo rinkinys komplekte: Taip Montavimo viduje b\u016bdas: Pakabinimui ant sienos Dur\u0173 kiekis: 1 Dur\u0173 skai\u010dius: Universal\u016bs Vyriai: \u0160velniai u\u017esidaro Rankenos: Integruoti Rankenos med\u017eiaga: Laminuota plok\u0161t\u0117 Rankenos spalva: Coast Evoke Oak Fiksuota lentyna Kiekis: 1 Fiksuota lentyna Fiksuotos lentynos Med\u017eiaga: Laminuota plok\u0161t\u0117, Fiksuota lentyna, Spalva: Coast Evoke Oak, Fiksuota lentyna, Maksimali apkrova (kg): 10, Reguliuojama lentyna, Kiekis: 1, Reguliuojama lentyna, Reguliuojama lentyna, Med\u017eiaga: Laminuota plok\u0161t\u0117, Reguliuojama lentyna, Spalva: Coast Evoke Oak, Reguliuojama lentyna, Maksimali apkrova (kg): 5, Suteikite savo interjerui nat\u016bralaus \u017eavesio su 30 cm NOVA OAK sienine spintele i\u0161 Comad. Eleganti\u0161ka \u201eCoast Evoke Oak\u201c spalva dera su \u012fvairiais interjero stiliais, sukurdama jauki\u0105 atmosfer\u0105 ir pabr\u0117\u017edama j\u016bs\u0173 nam\u0173 \u0161ilum\u0105. Kruop\u0161\u010diai pagaminti, lyg\u016bs fasadai suteikia modernumo, o integruota rankena daro vis\u0105 spintel\u0119 esteti\u0161kai patraukli\u0105 ir moderni\u0105. Sienin\u0117 NOVA OAK spintel\u0117 yra ne tik gra\u017eus dizaino elementas, bet ir funkcionalus bet kurio kambario papildymas. Ji puikiai tinka virtuvei, svetainei ir vonios kambariui, suteikdama papildomos vietos b\u016btiniausiems daiktams laikyti. Universalios durel\u0117s su \u0161velnaus u\u017edarymo mechanizmu u\u017etikrina patogum\u0105 ir komfort\u0105 naudojant, kartu i\u0161vengiant nemalonaus trinktel\u0117jimo. Kompakti\u0161ki matmenys \u2013 30 cm plo\u010dio, 18,9 cm gylio ir 30 cm auk\u0161\u010dio \u2013 leid\u017eia spintelei tilpti net ir ma\u017eiausiose erdv\u0117se, neprarandant talpos. Fiksuota lentyna, kurios keliamoji galia yra iki 10 kg, ir reguliuojama lentyna, kurios keliamoji galia yra iki 5 kg, leid\u017eia optimaliai organizuoti spintel\u0117s vid\u0173, pritaikant j\u012f prie j\u016bs\u0173 poreiki\u0173. Pagaminta i\u0161 patvarios laminuotos plok\u0161t\u0117s, kuri yra atspari pa\u017eeidimams ir lengvai pri\u017ei\u016brima, NOVA OAK spintel\u0117 garantuoja ilgalaik\u012f naudojim\u0105 be da\u017enos prie\u017ei\u016bros. Pridedami tvirtinimo kai\u0161\u010diai ir surinkimo rinkinys leid\u017eia greitai ir lengvai sumontuoti baldus, tod\u0117l gal\u0117site m\u0117gautis naujais baldais nuo pat pirmos akimirkos po \u012fsigijimo. 30 cm plo\u010dio sienin\u0117 spintel\u0117 NOVA OAK \u2013 tai harmoningas stiliaus, funkcionalumo ir patvarumo derinys. Tai puikus sprendimas tiems, kurie vertina nat\u016brali\u0173 med\u017eiag\u0173 gro\u017e\u012f ir prakti\u0161kum\u0105. Prid\u0117kite j\u0105 prie savo interjero ir pamatykite, kaip nedidelis pakeitimas gali paveikti vis\u0105 aplink\u0105.<\/p>","protected":false},"excerpt":{"rendered":"<p>Plotis (cm): 30<br \/>\nGylis (cm): 18,9<br \/>\n\u016agis (cm): 30<\/p>","protected":false},"featured_media":244637,"comment_status":"open","ping_status":"open","template":"","meta":[],"product_brand":[],"product_cat":[9117,2015,9187],"product_tag":[],"class_list":{"0":"post-244636","1":"product","2":"type-product","3":"status-publish","4":"has-post-thumbnail","6":"product_cat-bathroom","7":"product_cat-comad","8":"product_cat-washbasin-cabinet-comad","10":"first","11":"instock","12":"purchasable","13":"product-type-simple"},"_links":{"self":[{"href":"https:\/\/baldumarket.lt\/lt\/wp-json\/wp\/v2\/product\/244636","targetHints":{"allow":["GET"]}}],"collection":[{"href":"https:\/\/baldumarket.lt\/lt\/wp-json\/wp\/v2\/product"}],"about":[{"href":"https:\/\/baldumarket.lt\/lt\/wp-json\/wp\/v2\/types\/product"}],"replies":[{"embeddable":true,"href":"https:\/\/baldumarket.lt\/lt\/wp-json\/wp\/v2\/comments?post=244636"}],"wp:featuredmedia":[{"embeddable":true,"href":"https:\/\/baldumarket.lt\/lt\/wp-json\/wp\/v2\/media\/244637"}],"wp:attachment":[{"href":"https:\/\/baldumarket.lt\/lt\/wp-json\/wp\/v2\/media?parent=244636"}],"wp:term":[{"taxonomy":"product_brand","embeddable":true,"href":"https:\/\/baldumarket.lt\/lt\/wp-json\/wp\/v2\/product_brand?post=244636"},{"taxonomy":"product_cat","embeddable":true,"href":"https:\/\/baldumarket.lt\/lt\/wp-json\/wp\/v2\/product_cat?post=244636"},{"taxonomy":"product_tag","embeddable":true,"href":"https:\/\/baldumarket.lt\/lt\/wp-json\/wp\/v2\/product_tag?post=244636"}],"curies":[{"name":"wp","href":"https:\/\/api.w.org\/{rel}","templated":true}]}}