{"id":244606,"date":"2026-01-02T23:05:40","date_gmt":"2026-01-02T20:05:40","guid":{"rendered":"https:\/\/baldumarket.lt\/product\/szafka-wiszaca-30-cm-nova-black\/"},"modified":"2026-02-11T18:33:25","modified_gmt":"2026-02-11T15:33:25","slug":"szafka-wiszaca-30-cm-nova-black","status":"publish","type":"product","link":"https:\/\/baldumarket.lt\/lt\/product\/szafka-wiszaca-30-cm-nova-black\/","title":{"rendered":"Sienin\u0117 spintel\u0117 30 cm NOVA BLACK"},"content":{"rendered":"<p>NOVA BLACK 30 cm sienin\u0117 spintel\u0117. Eleganti\u0161ka \u201eComad\u201c NOVA BLACK sienin\u0117 spintel\u0117 pasi\u017eymi matin\u0117s juodos spalvos apdaila. Pagaminta i\u0161 laminuotos plok\u0161t\u0117s ir MDF su vertikaliais frezuotais grioveliais, turi \u0161velnaus u\u017edarymo sistem\u0105 ir integruot\u0105 ranken\u0105, puikiai tinkan\u010di\u0105 moderniam interjerui. Surinkimo rinkinys pridedamas. Matmenys: Plotis (cm): 30 Gylis (cm): 18,9 Auk\u0161tis (cm): 57 Svoris (kg): 6,5 Techniniai duomenys: Spalva: Matin\u0117 juoda Med\u017eiaga: Laminuota plok\u0161t\u0117 \/ MDF plok\u0161t\u0117 Korpuso med\u017eiaga: Laminuota plok\u0161t\u0117 Korpuso spalva: Matin\u0117 juoda Priekini\u0173 dali\u0173 med\u017eiaga: MDF plok\u0161t\u0117 Priekini\u0173 dali\u0173 spalva: Matin\u0117 juoda Priekini\u0173 dali\u0173 konstrukcija: Frezuoti vertikal\u016bs grioveliai Reikalingas surinkimas: Taip Tvirtinimo kai\u0161\u010diai pridedami: Taip, yra komplekte Tvirtinimo rinkinys komplekte: Taip Montavimo viduje b\u016bdas: Pakabinimui ant sienos Dur\u0173 kiekis: 1 Dur\u0173 skai\u010dius: Universal\u016bs Vyriai: \u0160velniai u\u017esidarantys Rankenos: Integruotos Ranken\u0173 med\u017eiaga: MDF plok\u0161t\u0117 Ranken\u0173 spalva: Matin\u0117 juoda Fiksuot\u0173 lentyn\u0173 kiekis: 1 Fiksuota lentyna Fiksuotos lentynos Med\u017eiaga: Laminuota plok\u0161t\u0117, Fiksuota lentyna, Spalva: Matin\u0117 juoda, Fiksuota lentyna, Maksimali apkrova (kg): 10, Reguliuojama lentyna, Kiekis: 1, Reguliuojama lentyna, Reguliuojama lentyna, Med\u017eiaga: Laminuota plok\u0161t\u0117, Reguliuojama lentyna, Spalva: Matin\u0117 juoda, Reguliuojama lentyna, Maksimali apkrova (kg): 5. NOVA BLACK 30 cm prie sienos pakabinama spintel\u0117 yra elegancijos ir minimalistinio stiliaus kvintesencija, puikiai tinkanti bet kokiam moderniam interjerui. Matin\u0117 juoda spalva suteikia rafinuotumo ir paver\u010dia spintel\u0119 traukos centru. Nesvarbu, ar norite, kad \u0161i spintel\u0117 b\u016bt\u0173 virtuv\u0117s, vonios kambario ar svetain\u0117s dalis, jos universali i\u0161vaizda leid\u017eia sukurti daugyb\u0119 skirting\u0173 derini\u0173. \u0160is \u201eComad\u201c gaminys yra ne tik estetinis papildymas, bet ir funkcionalus daikt\u0173 laikymo sprendimas. Vertikal\u016bs frezuoti grioveliai fasaduose suteikia spintelei unikal\u0173 charakter\u012f, pabr\u0117\u017eia modern\u0173 dizain\u0105 ir kartu suteikia tekst\u016bros gylio. Tai puiki vieta laikyti svarbiausius daiktus, kuriuos norite visada tur\u0117ti po ranka. NOVA BLACK spintel\u0117s prakti\u0161kumas yra dar vienas jos privalumas. D\u0117l auk\u0161tos kokyb\u0117s laminuotos plok\u0161t\u0117s ir MDF panaudojimo baldai yra ne tik patvar\u016bs, bet ir lengvai valomi. Integruota rankena ir \u0161velniai u\u017esidaran\u010dios durel\u0117s leid\u017eia jais naudotis nepaprastai patogiai. D\u0117l \u0161io gerai apgalvoto dizaino nam\u0173 interjeras \u012fgis nauj\u0105 elegancijos ir tvarkos dimensij\u0105. \u0160i spintel\u0117 idealiai tinka montuoti prie sienos, tod\u0117l sutaupysite grind\u0173 ploto ir maksimaliai i\u0161naudosite turim\u0105 erdv\u0119. Pridedami visi reikalingi tvirtinimo kai\u0161\u010diai ir tvirtinimo rinkinys, tod\u0117l montavimas yra greitas ir paprastas. Spintel\u0117s funkcionalum\u0105 taip pat padidina dvi lentynos, viena fiksuota ir viena reguliuojama, leid\u017eian\u010dios pritaikyti erdv\u0119 pagal individualius poreikius. Jei ie\u0161kote modernaus, eleganti\u0161ko ir prakti\u0161ko daikt\u0173 laikymo sprendimo, \u201eComad\u201c pakabinama spintel\u0117 NOVA BLACK 30 cm yra puikus pasirinkimas. Gerai apgalvotas dizainas ir auk\u0161tos kokyb\u0117s med\u017eiagos paver\u010dia tai ilgalaike investicija, kuri bet kokiam interjerui suteikia klas\u0117s ir funkcionalumo. Su \u0161ia unikalia spintele suteikite savo namams prabangos.<\/p>","protected":false},"excerpt":{"rendered":"<p>Plotis (cm): 30<br \/>\nGylis (cm): 18,9<br \/>\n\u016agis (cm): 57<\/p>","protected":false},"featured_media":244607,"comment_status":"open","ping_status":"open","template":"","meta":[],"product_brand":[],"product_cat":[9117,2015,9187],"product_tag":[],"class_list":{"0":"post-244606","1":"product","2":"type-product","3":"status-publish","4":"has-post-thumbnail","6":"product_cat-bathroom","7":"product_cat-comad","8":"product_cat-washbasin-cabinet-comad","10":"first","11":"instock","12":"purchasable","13":"product-type-simple"},"_links":{"self":[{"href":"https:\/\/baldumarket.lt\/lt\/wp-json\/wp\/v2\/product\/244606","targetHints":{"allow":["GET"]}}],"collection":[{"href":"https:\/\/baldumarket.lt\/lt\/wp-json\/wp\/v2\/product"}],"about":[{"href":"https:\/\/baldumarket.lt\/lt\/wp-json\/wp\/v2\/types\/product"}],"replies":[{"embeddable":true,"href":"https:\/\/baldumarket.lt\/lt\/wp-json\/wp\/v2\/comments?post=244606"}],"wp:featuredmedia":[{"embeddable":true,"href":"https:\/\/baldumarket.lt\/lt\/wp-json\/wp\/v2\/media\/244607"}],"wp:attachment":[{"href":"https:\/\/baldumarket.lt\/lt\/wp-json\/wp\/v2\/media?parent=244606"}],"wp:term":[{"taxonomy":"product_brand","embeddable":true,"href":"https:\/\/baldumarket.lt\/lt\/wp-json\/wp\/v2\/product_brand?post=244606"},{"taxonomy":"product_cat","embeddable":true,"href":"https:\/\/baldumarket.lt\/lt\/wp-json\/wp\/v2\/product_cat?post=244606"},{"taxonomy":"product_tag","embeddable":true,"href":"https:\/\/baldumarket.lt\/lt\/wp-json\/wp\/v2\/product_tag?post=244606"}],"curies":[{"name":"wp","href":"https:\/\/api.w.org\/{rel}","templated":true}]}}