{"id":244599,"date":"2026-01-02T23:05:38","date_gmt":"2026-01-02T20:05:38","guid":{"rendered":"https:\/\/baldumarket.lt\/product\/szafka-wiszaca-30-cm-line-reed-green-3\/"},"modified":"2026-02-11T18:33:25","modified_gmt":"2026-02-11T15:33:25","slug":"szafka-wiszaca-30-cm-line-reed-green-3","status":"publish","type":"product","link":"https:\/\/baldumarket.lt\/lt\/product\/szafka-wiszaca-30-cm-line-reed-green-3\/","title":{"rendered":"Sienin\u0117 spintel\u0117 30 cm LINIJA RED GREEN"},"content":{"rendered":"<p>Pakabinama spintel\u0117 30 cm LINE REED GREEN LINE REED GREEN prek\u0117s \u017eenklo Comad, 30 cm plo\u010dio ir 57 cm auk\u0161\u010dio, pagaminta i\u0161 laminuotos plok\u0161t\u0117s ir MDF, Reed Green spalvos. \u012erengtos vienos durys su \u0161velniu u\u017edarymu, integruota rankena ir dviem lentynomis (fiksuotomis ir reguliuojamomis). Matmenys: Plotis (cm): 30 Gylis (cm): 18,9 Auk\u0161tis (cm): 57 Svoris (kg): 6 Techniniai duomenys: Spalva: Nendri\u0173 \u017ealia Med\u017eiaga: Laminuota plok\u0161t\u0117 \/ MDF plok\u0161t\u0117 Korpuso med\u017eiaga: Laminuota plok\u0161t\u0117 Korpuso spalva: Nendri\u0173 \u017ealia Priekio med\u017eiaga: MDF plok\u0161t\u0117 Priekio spalva: Nendri\u0173 \u017ealia Priekio konstrukcija: Frezuoti vertikaliai grioveliai Reikalingas surinkimas: Taip Tvirtinimo kai\u0161\u010diai \u012ftraukti: Taip \u012etraukta Tvirtinimo pakuot\u0117 \u012ftraukta: Taip Montavimo viduje b\u016bdas: Pakabinimui ant sienos Dur\u0173 kiekis: 1 Dur\u0173 skai\u010dius: Universal\u016bs Vyriai: \u0160velniai u\u017esidarantys Rankenos: Integruotos Ranken\u0173 med\u017eiaga: MDF plok\u0161t\u0117 Ranken\u0173 spalva: Nendri\u0173 \u017ealia Lentyna Fiksuota Kiekis: 1 Fiksuota lentyna Fiksuotos lentynos Med\u017eiaga: Laminuota plok\u0161t\u0117 Fiksuotos lentynos Spalva: Nendri\u0173 \u017ealia Fiksuota lentyna Svorio talpa (kg): 5 Reguliuojam\u0173 lentyn\u0173 Kiekis: 1 Reguliuojama lentyna Reguliuojama lentyna Med\u017eiaga: Laminuota plok\u0161t\u0117 Reguliuojamos lentynos Spalva: Nendri\u0173 \u017ealia Reguliuojamos lentynos Svorio talpa (kg): 5 Pakeiskite savo interjer\u0105 su modernia LINE REED GREEN prie sienos montuojama spintele i\u0161 Comad! \u0160i eleganti\u0161ka \u201eReed Green\u201c spintel\u0117, kurios plotis \u2013 30 cm, gylis \u2013 18,9 cm, o auk\u0161tis \u2013 57 cm, puikiai tiks bet kuriame kambaryje, suteikdama jai stiliaus ir funkcionalumo.<\/p>\n<p>Pagaminta i\u0161 auk\u0161tos kokyb\u0117s laminuotos plok\u0161t\u0117s ir MDF, spintel\u0117 garantuoja patvarum\u0105 ir atsparum\u0105 pa\u017eeidimams. Priekin\u0117s dalys su vertikaliais frezuotais grioveliais suteikia unikal\u0173 charakter\u012f, pabr\u0117\u017eiant modern\u0173 dizain\u0105.<\/p>\n<p>Spintel\u0119 lengva pritvirtinti prie sienos, pridedami visi reikalingi ki\u0161tukai ir instrukcijos. Ji turi vienas universalias duris su \u0161velnaus u\u017edarymo mechanizmu, kuris padidina naudojimo paprastum\u0105. Integruota \u201eReed Green\u201c rankena, pagaminta i\u0161 MDF plok\u0161t\u0117s, pagerina darni\u0105 spintel\u0117s estetik\u0105.<\/p>\n<p>Spintel\u0117s viduje rasite vien\u0105 fiksuot\u0105 ir vien\u0105 reguliuojamo auk\u0161\u010dio lentynas, abi pagamintos i\u0161 laminuotos plok\u0161t\u0117s ir gali atlaikyti iki 5 kg svor\u012f kiekviena. Tai puikus sprendimas \u012fvairiems daiktams laikyti \u2013 nuo kosmetikos iki virtuv\u0117s reikmen\u0173.<\/p>\n<p>Rinkit\u0117s LINE REED GREEN sienin\u0119 spintel\u0119, kad savo interjerui suteiktum\u0117te modernios prabangos ir funkcionalumo.<\/p>","protected":false},"excerpt":{"rendered":"<p>Plotis (cm): 30<br \/>\nGylis (cm): 18,9<br \/>\n\u016agis (cm): 57<\/p>","protected":false},"featured_media":244600,"comment_status":"open","ping_status":"open","template":"","meta":[],"product_brand":[],"product_cat":[9117,2015,9187],"product_tag":[],"class_list":{"0":"post-244599","1":"product","2":"type-product","3":"status-publish","4":"has-post-thumbnail","6":"product_cat-bathroom","7":"product_cat-comad","8":"product_cat-washbasin-cabinet-comad","10":"first","11":"instock","12":"purchasable","13":"product-type-simple"},"_links":{"self":[{"href":"https:\/\/baldumarket.lt\/lt\/wp-json\/wp\/v2\/product\/244599","targetHints":{"allow":["GET"]}}],"collection":[{"href":"https:\/\/baldumarket.lt\/lt\/wp-json\/wp\/v2\/product"}],"about":[{"href":"https:\/\/baldumarket.lt\/lt\/wp-json\/wp\/v2\/types\/product"}],"replies":[{"embeddable":true,"href":"https:\/\/baldumarket.lt\/lt\/wp-json\/wp\/v2\/comments?post=244599"}],"wp:featuredmedia":[{"embeddable":true,"href":"https:\/\/baldumarket.lt\/lt\/wp-json\/wp\/v2\/media\/244600"}],"wp:attachment":[{"href":"https:\/\/baldumarket.lt\/lt\/wp-json\/wp\/v2\/media?parent=244599"}],"wp:term":[{"taxonomy":"product_brand","embeddable":true,"href":"https:\/\/baldumarket.lt\/lt\/wp-json\/wp\/v2\/product_brand?post=244599"},{"taxonomy":"product_cat","embeddable":true,"href":"https:\/\/baldumarket.lt\/lt\/wp-json\/wp\/v2\/product_cat?post=244599"},{"taxonomy":"product_tag","embeddable":true,"href":"https:\/\/baldumarket.lt\/lt\/wp-json\/wp\/v2\/product_tag?post=244599"}],"curies":[{"name":"wp","href":"https:\/\/api.w.org\/{rel}","templated":true}]}}