{"id":244592,"date":"2026-01-02T23:05:36","date_gmt":"2026-01-02T20:05:36","guid":{"rendered":"https:\/\/baldumarket.lt\/product\/szafka-wiszaca-30-cm-line-reed-green-2\/"},"modified":"2026-02-11T18:33:25","modified_gmt":"2026-02-11T15:33:25","slug":"szafka-wiszaca-30-cm-line-reed-green-2","status":"publish","type":"product","link":"https:\/\/baldumarket.lt\/lt\/product\/szafka-wiszaca-30-cm-line-reed-green-2\/","title":{"rendered":"Sienin\u0117 spintel\u0117 30 cm LINIJA RED GREEN"},"content":{"rendered":"<p>Pakabinama spintel\u0117 30 cm LINE REED GREEN30 cm LINE REED GREEN pakabinama spintel\u0117 i\u0161 \u201eComad\u201c \u2013 eleganti\u0161kas interjero papildymas su frezuotais \u201eReed Green\u201c spalvos fasadais. Pagaminta i\u0161 laminuotos plok\u0161t\u0117s ir MDF, turi \u0161velnaus u\u017edarymo sistem\u0105, integruot\u0105 ranken\u0105 ir lentynas, kuri\u0173 keliamoji galia yra iki 5 kg, tod\u0117l lengvai surenkama. Matmenys: Plotis (cm): 30 Gylis (cm): 18,9 Auk\u0161tis (cm): 30 Svoris (kg): 4 Techniniai duomenys: Spalva: Nendri\u0173 \u017ealia Med\u017eiaga: Laminuota plok\u0161t\u0117 \/ MDF plok\u0161t\u0117 Korpuso med\u017eiaga: Laminuota plok\u0161t\u0117 Korpuso spalva: Nendri\u0173 \u017ealia Priekio med\u017eiaga: MDF plok\u0161t\u0117 Priekio spalva: Nendri\u0173 \u017ealia Priekio konstrukcija: Frezuoti vertikaliai grioveliai Reikalingas surinkimas: Taip Tvirtinimo kai\u0161\u010diai \u012ftraukti: Taip \u012etraukta Tvirtinimo pakuot\u0117 \u012ftraukta: Taip Montavimo viduje b\u016bdas: Pakabinimui ant sienos Dur\u0173 kiekis: 1 Dur\u0173 skai\u010dius: Universal\u016bs Vyriai: \u0160velniai u\u017esidaro Rankenos: Integruotos Ranken\u0173 med\u017eiaga: MDF plok\u0161t\u0117 Rankenos spalva: Nendri\u0173 \u017ealia Fiksuot\u0173 lentyn\u0173 kiekis: 1 fiksuota lentyna Fiksuot\u0173 lentyn\u0173 med\u017eiaga: Laminuota plok\u0161t\u0117 Fiksuotos lentynos spalva: Nendri\u0173 \u017ealia Fiksuotos lentynos apkrova (kg): 5 Reguliuojam\u0173 lentyn\u0173 kiekis: 1 Reguliuojama lentyna Reguliuojamos lentynos med\u017eiaga: Laminuota plok\u0161t\u0117 Reguliuojamos lentynos spalva: Nendri\u0173 \u017ealia Reguliuojamos lentynos apkrova (kg): 5 Atraskite eleganti\u0161k\u0105 ir funkcionali\u0105 \u201eComad\u201c sienin\u0119 spintel\u0119 LINE REED GREEN, kuri puikiai tiks... Modernus interjeras. 30 cm plo\u010dio, 18,9 cm gylio ir 30 cm auk\u0161\u010dio spintel\u0117 sveria vos 4 kg, tod\u0117l j\u0105 lengva surinkti ir ji tinka bet kokiam erdv\u0117s i\u0161d\u0117stymui. Stilingos nendri\u0173 \u017ealios spalvos spintel\u0117 pagaminta i\u0161 laminuotos plok\u0161t\u0117s ir MDF, u\u017etikrinant patvarum\u0105 ir tvirtum\u0105. Vertikal\u016bs, frezuoti grioveliai fasaduose suteikia baldui unikalumo, pabr\u0117\u017eiant modern\u0173 dizain\u0105. Spintel\u0117 turi vienas duris su universaliais vyriais ir integruota rankena, taip pat nendri\u0173 \u017ealios spalvos, sukuriant darni\u0105 ir harmoning\u0105 visum\u0105. Durys apr\u016bpintos \u0161velnaus u\u017edarymo sistema, u\u017etikrinan\u010dia patog\u0173 naudojim\u0105. Viduje rasite vien\u0105 fiksuot\u0105 ir vien\u0105 reguliuojamo auk\u0161\u010dio lentynas, abi pagamintos i\u0161 nendri\u0173 \u017ealios spalvos laminuotos plok\u0161t\u0117s, kuri\u0173 kiekvienos apkrova yra iki 5 kg. Tai leid\u017eia lengvai pritaikyti spintel\u0117s vid\u0173 pagal savo poreikius, laikant \u012fvairius daiktus. Surinkimas greitas ir paprastas \u2013 pridedami visi reikalingi kai\u0161\u010diai ir tvirtinimo detal\u0117s. Spintel\u0117 skirta montuoti prie sienos, taip taupant grind\u0173 plot\u0105 ir palengvinant tvarkos palaikym\u0105 kambaryje. Rinkit\u0117s modern\u0173 stili\u0173 ir auk\u0161tos kokyb\u0117s apdirbim\u0105 su LINE REED GREEN sienine spintele, kuri taps prakti\u0161ku ir esteti\u0161kai patraukliu j\u016bs\u0173 interjero elementu.<\/p>","protected":false},"excerpt":{"rendered":"<p>Plotis (cm): 30<br \/>\nGylis (cm): 18,9<br \/>\n\u016agis (cm): 30<\/p>","protected":false},"featured_media":244593,"comment_status":"open","ping_status":"open","template":"","meta":[],"product_brand":[],"product_cat":[9117,2015,9187],"product_tag":[],"class_list":{"0":"post-244592","1":"product","2":"type-product","3":"status-publish","4":"has-post-thumbnail","6":"product_cat-bathroom","7":"product_cat-comad","8":"product_cat-washbasin-cabinet-comad","10":"first","11":"instock","12":"purchasable","13":"product-type-simple"},"_links":{"self":[{"href":"https:\/\/baldumarket.lt\/lt\/wp-json\/wp\/v2\/product\/244592","targetHints":{"allow":["GET"]}}],"collection":[{"href":"https:\/\/baldumarket.lt\/lt\/wp-json\/wp\/v2\/product"}],"about":[{"href":"https:\/\/baldumarket.lt\/lt\/wp-json\/wp\/v2\/types\/product"}],"replies":[{"embeddable":true,"href":"https:\/\/baldumarket.lt\/lt\/wp-json\/wp\/v2\/comments?post=244592"}],"wp:featuredmedia":[{"embeddable":true,"href":"https:\/\/baldumarket.lt\/lt\/wp-json\/wp\/v2\/media\/244593"}],"wp:attachment":[{"href":"https:\/\/baldumarket.lt\/lt\/wp-json\/wp\/v2\/media?parent=244592"}],"wp:term":[{"taxonomy":"product_brand","embeddable":true,"href":"https:\/\/baldumarket.lt\/lt\/wp-json\/wp\/v2\/product_brand?post=244592"},{"taxonomy":"product_cat","embeddable":true,"href":"https:\/\/baldumarket.lt\/lt\/wp-json\/wp\/v2\/product_cat?post=244592"},{"taxonomy":"product_tag","embeddable":true,"href":"https:\/\/baldumarket.lt\/lt\/wp-json\/wp\/v2\/product_tag?post=244592"}],"curies":[{"name":"wp","href":"https:\/\/api.w.org\/{rel}","templated":true}]}}