{"id":244563,"date":"2026-01-02T23:05:24","date_gmt":"2026-01-02T20:05:24","guid":{"rendered":"https:\/\/baldumarket.lt\/product\/szafka-wiszaca-20-cm-nova-oak-2\/"},"modified":"2026-04-25T23:22:59","modified_gmt":"2026-04-25T20:22:59","slug":"szafka-wiszaca-20-cm-nova-oak-2","status":"publish","type":"product","link":"https:\/\/baldumarket.lt\/lt\/product\/szafka-wiszaca-20-cm-nova-oak-2\/","title":{"rendered":"NOVA \u0104\u017dUOLIN\u0116 20 cm sienin\u0117 spintel\u0117"},"content":{"rendered":"<p>NOVA OAK pakabinama spintel\u0117 20 cm. \u201eComad\u201c NOVA OAK pakabinama spintel\u0117 i\u0161siskiria eleganti\u0161ka \u201eCoast Evoke\u201c \u0105\u017euolo ir matin\u0117s baltos spalvos apdaila. Laminuota plok\u0161t\u0117 u\u017etikrina patvarum\u0105, o \u0161velniai u\u017esidaran\u010dios durel\u0117s ir chromuotos aliuminio rankenos suteikia modernumo. Matmenys: Plotis (cm): 20 Gylis (cm): 39 Auk\u0161tis (cm): 57 Svoris (kg): 8,5 Techniniai duomenys: Spalva: Cost Evoke Oak \/ Matin\u0117 balta Med\u017eiaga: Laminuota plok\u0161t\u0117 Korpuso med\u017eiaga: Laminuota plok\u0161t\u0117 Korpuso spalva: Cost Evoke Oak Priekio med\u017eiaga: Laminuota plok\u0161t\u0117 Priekio spalva: Coast Evoke Oak Priekio konstrukcija: Lygi Reikalingas surinkimas: Taip Tvirtinimo kai\u0161\u010diai pridedami: Taip Tvirtinimo rinkinys pridedamas: Taip Montavimo viduje b\u016bdas: Ant sienos kabinam\u0173 dur\u0173 Kiekis: 1 Dur\u0173 skai\u010dius: Universal\u016bs Vyriai: \u0160velniai u\u017esidaro Rankenos: Kra\u0161tin\u0117s Rankenos med\u017eiaga: Aliuminis Rankenos spalva: Chromo blizgi apdaila, fiksuota lentyna Kiekis: 1, fiksuota lentyna, fiksuotos lentynos Med\u017eiaga: Laminuota plok\u0161t\u0117, fiksuota lentyna Spalva: Coast Evoke Oak, fiksuota lentyna Maksimali apkrova (kg): 10, reguliuojama lentyna Kiekis: 1, reguliuojama lentyna, reguliuojama lentyna Med\u017eiaga: Laminuota plok\u0161t\u0117, reguliuojama lentyna Spalva: Coast Evoke Oak, reguliuojama lentyna Maksimali apkrova (kg): 5. Pristatome eleganti\u0161k\u0105 NOVA OAK prie sienos montuojam\u0105 spintel\u0119, kuri suteiks stiliaus ir funkcionalumo bet kokiam interjerui. Minimalistinis \u201eCost Evoke Oak\u201c spalvos dizainas puikiai dera su matin\u0117s baltos spalvos akcentais, sukurdamas harmoning\u0105 kompozicij\u0105, suteikian\u010di\u0105 kambariui modernaus elegancijos. \u201eNOVA OAK\u201c spintel\u0117 derina estetik\u0105 ir prakti\u0161kum\u0105, tod\u0117l ji puikiai tinka bet kokiems namams. Spintel\u0119 galima tvirtinti prie sienos, tod\u0117l ji ne tik taupo verting\u0105 grind\u0173 plot\u0105, bet ir tampa patraukliu akcentu. Vienomis \u0161velniai u\u017esidaran\u010diomis durel\u0117mis ir patogia chromuota rankena u\u017etikrina kasdienio naudojimo patogum\u0105. Spintel\u0117s viduje yra gerai apgalvota erdv\u0117 su viena fiksuota ir viena reguliuojamo dyd\u017eio lentynomis. Tai daro j\u0105 itin universalia, nes joje galima laikyti \u012fvairius daiktus \u2013 nuo knyg\u0173 iki virtuv\u0117s reikmen\u0173. \u0160i spintel\u0117 idealiai tinka svetain\u0117ms, virtuv\u0117ms ar vonios kambariams, suteikiant bet kurioje erdv\u0117je tvarkos ir tvarkingumo. Med\u017eiagos, i\u0161 kuri\u0173 pagaminta \u201eNOVA OAK\u201c, garantuoja patvarum\u0105 ir lengv\u0105 valym\u0105. \u201eCost Evoke\u201c \u0105\u017euolo spalvos laminuota plok\u0161t\u0117 yra ne tik esteti\u0161kai patraukli, bet ir atspari pa\u017eeidimams, tod\u0117l \u0161i spintel\u0117 yra ilgalaik\u0117 investicija. Gra\u017eios i\u0161vaizdos ir auk\u0161to funkcionalumo derinys daro \u201eNOVA OAK\u201c sienin\u0119 spintel\u0119 puikiu pasirinkimu tiems, kurie vertina kokyb\u0119 ir dizain\u0105 viename.<\/p>","protected":false},"excerpt":{"rendered":"<p>Plotis (cm): 20<br \/>\nGylis (cm): 39<br \/>\n\u016agis (cm): 57<\/p>","protected":false},"featured_media":244564,"comment_status":"open","ping_status":"open","template":"","meta":[],"product_brand":[],"product_cat":[9117,2015,9187],"product_tag":[],"class_list":{"0":"post-244563","1":"product","2":"type-product","3":"status-publish","4":"has-post-thumbnail","6":"product_cat-bathroom","7":"product_cat-comad","8":"product_cat-washbasin-cabinet-comad","10":"first","11":"instock","12":"purchasable","13":"product-type-simple"},"_links":{"self":[{"href":"https:\/\/baldumarket.lt\/lt\/wp-json\/wp\/v2\/product\/244563","targetHints":{"allow":["GET"]}}],"collection":[{"href":"https:\/\/baldumarket.lt\/lt\/wp-json\/wp\/v2\/product"}],"about":[{"href":"https:\/\/baldumarket.lt\/lt\/wp-json\/wp\/v2\/types\/product"}],"replies":[{"embeddable":true,"href":"https:\/\/baldumarket.lt\/lt\/wp-json\/wp\/v2\/comments?post=244563"}],"wp:featuredmedia":[{"embeddable":true,"href":"https:\/\/baldumarket.lt\/lt\/wp-json\/wp\/v2\/media\/244564"}],"wp:attachment":[{"href":"https:\/\/baldumarket.lt\/lt\/wp-json\/wp\/v2\/media?parent=244563"}],"wp:term":[{"taxonomy":"product_brand","embeddable":true,"href":"https:\/\/baldumarket.lt\/lt\/wp-json\/wp\/v2\/product_brand?post=244563"},{"taxonomy":"product_cat","embeddable":true,"href":"https:\/\/baldumarket.lt\/lt\/wp-json\/wp\/v2\/product_cat?post=244563"},{"taxonomy":"product_tag","embeddable":true,"href":"https:\/\/baldumarket.lt\/lt\/wp-json\/wp\/v2\/product_tag?post=244563"}],"curies":[{"name":"wp","href":"https:\/\/api.w.org\/{rel}","templated":true}]}}