{"id":244546,"date":"2026-01-02T23:05:17","date_gmt":"2026-01-02T20:05:17","guid":{"rendered":"https:\/\/baldumarket.lt\/product\/szafka-wiszaca-20-cm-nova-black\/"},"modified":"2026-04-25T23:22:59","modified_gmt":"2026-04-25T20:22:59","slug":"szafka-wiszaca-20-cm-nova-black","status":"publish","type":"product","link":"https:\/\/baldumarket.lt\/lt\/product\/szafka-wiszaca-20-cm-nova-black\/","title":{"rendered":"Sienin\u0117 spintel\u0117 20 cm NOVA BLACK"},"content":{"rendered":"<p>NOVA BLACK 20 cm pakabinama spintel\u0117. \u201eComad\u201c pakabinama NOVA BLACK spintel\u0117 sujungia elegancij\u0105 ir funkcionalum\u0105. Matin\u0117 juoda apdaila ir vertikal\u016bs frezuoti grioveliai suteikia jai modern\u0173 vaizd\u0105. Tvirta konstrukcija pagaminta i\u0161 laminuotos plok\u0161t\u0117s ir MDF. Ji turi \u0161velnaus u\u017edarymo sistem\u0105 ir integruot\u0105 ranken\u0105. Ideal\u016bs matmenys:Plotis (cm): 20Gylis (cm): 39Auk\u0161tis (cm): 57Svoris (kg): 8,5Techniniai duomenys:Spalva: Matin\u0117 juodaMed\u017eiaga: Laminuota plok\u0161t\u0117 \/ MDF plok\u0161t\u0117Korpuso med\u017eiaga: Laminuota plok\u0161t\u0117Korpuso spalva: Matin\u0117 juodaFasado med\u017eiaga: MDF plok\u0161t\u0117Fasado spalva: Matin\u0117 juodaFasado konstrukcija: Frezuoti vertikal\u016bs grioveliaiReikalingas surinkimas: TaipPridedami tvirtinimo kai\u0161\u010diai: Taip\u012e komplekt\u0105 \u012feina montavimo pakuot\u0117: TaipMontavimo b\u016bdas patalpoje:Pakabinimui ant sienosDureli\u0173 kiekis: 1Dureli\u0173 skai\u010dius: Universal\u016bsVyrai: \u0160velnus u\u017edarymasRankenos: IntegruotosRankenos med\u017eiaga: MDF plok\u0161t\u0117Rankenos spalva: Matin\u0117 juodaFiksuot\u0173 lentyn\u0173 kiekis: 1 Fiksuot\u0173 lentyn\u0173 med\u017eiaga: Laminuota plok\u0161t\u0117Fiksuotos lentynos spalva: Matin\u0117 juodaFiksuotos lentynos apkrova (kg): 10Reguliuojam\u0173 lentyn\u0173 kiekis: 1Reguliuojama lentynaReguliuojamos lentynos med\u017eiaga: Laminuota plok\u0161t\u0117Reguliuojamos lentynos spalva: Matin\u0117 juodaReguliuojamos lentynos apkrova (kg): 5Patraukite ak\u012f elegancija ir moderniu dizainu su \u201eComad\u201c NOVA BLACK sienine spintele. \u0160i unikali matin\u0117s juodos spalvos spintel\u0117 suteiks j\u016bs\u0173 interjerui rafinuoto stiliaus ir pabr\u0117\u0161 bet kurio kambario modern\u0173 charakter\u012f. Minimalistin\u0117 i\u0161vaizda ir vertikal\u016bs frezuoti grioveliai fasaduose i\u0161kelia j\u0105 \u012f mading\u0173 dekoratyvini\u0173 sprendim\u0173 prie\u0161ak\u012f. Funkcionalumas yra dar vienas \u0161ios spintel\u0117s bruo\u017eas. Puikiai tinka bet kokiam kambariui, ji puikiai tiks virtuv\u0117s reikmenims, tualeto reikmenims ar smulkiems daiktams svetain\u0117je laikyti. D\u0117l integruotos rankenos ir tyli\u0173 vyri\u0173 spintele naudotis ne tik patogu, bet ir visi\u0161kai tylu, tod\u0117l kasdienis naudojimas yra patogesnis. Pagaminta i\u0161 auk\u0161tos kokyb\u0117s laminuotos plok\u0161t\u0117s ir MDF, NOVA BLACK spintel\u0117 yra patvari ir atspari pa\u017eeidimams. Tvirta konstrukcija u\u017etikrina vientis\u0105 estetik\u0105 ilgus metus. Be to, pridedamas tvirtinimo rinkinys leid\u017eia lengvai pakabinti spintel\u0119 ant sienos, tod\u0117l ji idealiai tinka bet kokiam interjerui \u2013 nuo klasikinio iki modernaus. Tiek fiksuotos, tiek reguliuojamos lentynos leid\u017eia pritaikyti spintel\u0117s vid\u0173 prie \u012fvairi\u0173 laikymo poreiki\u0173. Tai leid\u017eia lengvai susitvarkyti daiktus, palaikyti tvark\u0105 ir estetik\u0105 kambaryje. Sutaupote vietos ir kartu suteikiate namams elegancijos. Rafinuota matin\u0117 juoda apdaila ir modernios geometrin\u0117s formos paver\u010dia NOVA BLACK sienin\u0119 spintel\u0119 idealiu pasirinkimu tiems, kurie vertina dizain\u0105 ir funkcionalum\u0105. \u0160is baldas neabejotinai papuo\u0161 j\u016bs\u0173 interjer\u0105, suteikdamas jam charakterio ir modernaus stiliaus.<\/p>","protected":false},"excerpt":{"rendered":"<p>Plotis (cm): 20<br \/>\nGylis (cm): 39<br \/>\n\u016agis (cm): 57<\/p>","protected":false},"featured_media":244547,"comment_status":"open","ping_status":"open","template":"","meta":[],"product_brand":[],"product_cat":[9117,2015,9187],"product_tag":[],"class_list":{"0":"post-244546","1":"product","2":"type-product","3":"status-publish","4":"has-post-thumbnail","6":"product_cat-bathroom","7":"product_cat-comad","8":"product_cat-washbasin-cabinet-comad","10":"first","11":"instock","12":"purchasable","13":"product-type-simple"},"_links":{"self":[{"href":"https:\/\/baldumarket.lt\/lt\/wp-json\/wp\/v2\/product\/244546","targetHints":{"allow":["GET"]}}],"collection":[{"href":"https:\/\/baldumarket.lt\/lt\/wp-json\/wp\/v2\/product"}],"about":[{"href":"https:\/\/baldumarket.lt\/lt\/wp-json\/wp\/v2\/types\/product"}],"replies":[{"embeddable":true,"href":"https:\/\/baldumarket.lt\/lt\/wp-json\/wp\/v2\/comments?post=244546"}],"wp:featuredmedia":[{"embeddable":true,"href":"https:\/\/baldumarket.lt\/lt\/wp-json\/wp\/v2\/media\/244547"}],"wp:attachment":[{"href":"https:\/\/baldumarket.lt\/lt\/wp-json\/wp\/v2\/media?parent=244546"}],"wp:term":[{"taxonomy":"product_brand","embeddable":true,"href":"https:\/\/baldumarket.lt\/lt\/wp-json\/wp\/v2\/product_brand?post=244546"},{"taxonomy":"product_cat","embeddable":true,"href":"https:\/\/baldumarket.lt\/lt\/wp-json\/wp\/v2\/product_cat?post=244546"},{"taxonomy":"product_tag","embeddable":true,"href":"https:\/\/baldumarket.lt\/lt\/wp-json\/wp\/v2\/product_tag?post=244546"}],"curies":[{"name":"wp","href":"https:\/\/api.w.org\/{rel}","templated":true}]}}