{"id":244541,"date":"2026-01-02T23:05:15","date_gmt":"2026-01-02T20:05:15","guid":{"rendered":"https:\/\/baldumarket.lt\/product\/szafka-pod-umywalke-z-blatem-line-reed-green-80-cm\/"},"modified":"2026-02-11T18:33:27","modified_gmt":"2026-02-11T15:33:27","slug":"szafka-pod-umywalke-z-blatem-line-reed-green-80-cm","status":"publish","type":"product","link":"https:\/\/baldumarket.lt\/lt\/product\/szafka-pod-umywalke-z-blatem-line-reed-green-80-cm\/","title":{"rendered":"\u201eLine Reed\u201c \u017ealia praustuvo spintel\u0117 su stalvir\u0161iu, 80 cm"},"content":{"rendered":"<p>\u201eLine Reed Green\u201c 80 cm praustuvo spintel\u0117 su stalvir\u0161iu. 80 cm plo\u010dio \u201eComad Line Reed Green\u201c praustuvo spintel\u0117 pagaminta i\u0161 laminuotos plok\u0161t\u0117s ir MDF spalvos \u201eReed Green\u201c. Ji turi du stal\u010dius, frezuotus fasadus ir skirta montuoti prie sienos. Puikiai tinka moderniems vonios kambariams. Matmenys: Plotis (cm): 80,4 Gylis (cm): 40 Auk\u0161tis (cm): 59,5 Svoris (kg): 24 Techniniai duomenys: Spalva: Nendri\u0173 \u017ealia Med\u017eiaga: Laminuota plok\u0161t\u0117 \/ MDF plok\u0161t\u0117 Korpuso med\u017eiaga: Laminuota plok\u0161t\u0117 Korpuso spalva: Nendri\u0173 \u017ealia Fasad\u0173 med\u017eiaga: MDF plok\u0161t\u0117 Fasad\u0173 spalva: Nendri\u0173 \u017ealia Fasadai Strukt\u016bra: Frezuoti Vertikal\u016bs grioveliai Reikalingas surinkimas: Taip Tvirtinimo kai\u0161\u010diai pridedami: Taip, yra komplekte Tvirtinimo pakuot\u0117 komplekte: Taip Montavimo b\u016bdas patalpoje: Pakabinimui ant sienos Stal\u010di\u0173 kiekis: 2 stal\u010diai 1 stal\u010dius Konstrukcija: Pilnas dugnas su i\u0161pjova galin\u0117je juostel\u0117je \u2013 Rekomenduojama montuoti \u017eem\u0105 sienin\u012f sifon\u0105 \u2013 Sifonas nepridedamas 1 stal\u010dius Prailginimas: Prailginimas 3\/4 ilgio 2 stal\u010diui Prailginimas: Viso ilgio prailginimas Vir\u0161utinis stal\u010diaus organizatorius: Ne 1 stal\u010dius Svorio talpa: 3 Rankenos: Integruota Ranken\u0173 med\u017eiaga: MDF Ranken\u0173 spalva: Nendri\u0173 \u017ealia Suteikite savo vonios kambariui stiliaus ir funkcionalumo su 80 cm plo\u010dio \u201eLine Reed Green\u201c praustuvu i\u0161 \u201eComad\u201c. Eleganti\u0161ka nendri\u0173 \u017ealia spalva apdailintas \u0161is \u012frenginys yra tobulas estetikos ir prakti\u0161kumo derinys.<\/p>\n<p>Pagamintas i\u0161 auk\u0161tos kokyb\u0117s laminuotos plok\u0161t\u0117s ir MDF, baldas yra patvarus ir atsparus kasdieniam naudojimui. Jo korpusas ir priekin\u0117s dalys yra harmoningo nendri\u0173 \u017ealios spalvos atspalvio, o vertikal\u016bs frezuoti grioveliai suteikia modernumo.<\/p>\n<p>\u012erenginio plotis yra 80 cm, gylis 39 cm, o auk\u0161tis \u2013 57 cm, tod\u0117l jis kompakti\u0161kas ir idealiai tinka dar ma\u017eesniems vonios kambariams. \u012erenginys sveria 24 kg, o tai rodo jo tvirt\u0105 konstrukcij\u0105.<\/p>\n<p>Spintel\u0117s viduje yra du erdv\u016bs stal\u010diai, pritaikyti \u012fvairiems poreikiams. Pirmasis stal\u010dius su tvirtu dugnu ir i\u0161pjova galin\u0117je panel\u0117je rekomenduojamas \u017eemam sieniniam sifonui \u012frengti. Antrasis stal\u010dius yra visi\u0161kai i\u0161traukiamas, tod\u0117l lengva pasiekti laikomus priedus. Abu stal\u010diai turi integruotas rankenas, pagamintas i\u0161 \u017ealios MDF plok\u0161t\u0117s, kurios suteikia vientis\u0105 ir modern\u0173 vaizd\u0105.<\/p>\n<p>Spintel\u0117 skirta montuoti prie sienos, tod\u0117l j\u0105 lengva sumontuoti ir ji neu\u017eima daug vietos ant grind\u0173. Pridedami visi reikalingi tvirtinimo kai\u0161\u010diai ir surinkimo rinkinys. Spintel\u0119 reikia surinkti patiems, tod\u0117l d\u017eiaugsit\u0117s ne tik jos funkcionalumu, bet ir pasitenkinimu atlik\u0119 darb\u0105.<\/p>\n<p>Rinkit\u0117s \u201eComad\u201c \u201eLine Reed Green\u201c praustuvo spintel\u0119 ir suteikite savo vonios kambariui modernumo ir elegancijos!<\/p>","protected":false},"excerpt":{"rendered":"<p>Plotis (cm): 80,4<br \/>\nGylis (cm): 40<br \/>\n\u016agis (cm): 59,5<\/p>","protected":false},"featured_media":244542,"comment_status":"open","ping_status":"open","template":"","meta":[],"product_brand":[],"product_cat":[9117,2015,9187],"product_tag":[],"class_list":{"0":"post-244541","1":"product","2":"type-product","3":"status-publish","4":"has-post-thumbnail","6":"product_cat-bathroom","7":"product_cat-comad","8":"product_cat-washbasin-cabinet-comad","10":"first","11":"instock","12":"purchasable","13":"product-type-simple"},"_links":{"self":[{"href":"https:\/\/baldumarket.lt\/lt\/wp-json\/wp\/v2\/product\/244541","targetHints":{"allow":["GET"]}}],"collection":[{"href":"https:\/\/baldumarket.lt\/lt\/wp-json\/wp\/v2\/product"}],"about":[{"href":"https:\/\/baldumarket.lt\/lt\/wp-json\/wp\/v2\/types\/product"}],"replies":[{"embeddable":true,"href":"https:\/\/baldumarket.lt\/lt\/wp-json\/wp\/v2\/comments?post=244541"}],"wp:featuredmedia":[{"embeddable":true,"href":"https:\/\/baldumarket.lt\/lt\/wp-json\/wp\/v2\/media\/244542"}],"wp:attachment":[{"href":"https:\/\/baldumarket.lt\/lt\/wp-json\/wp\/v2\/media?parent=244541"}],"wp:term":[{"taxonomy":"product_brand","embeddable":true,"href":"https:\/\/baldumarket.lt\/lt\/wp-json\/wp\/v2\/product_brand?post=244541"},{"taxonomy":"product_cat","embeddable":true,"href":"https:\/\/baldumarket.lt\/lt\/wp-json\/wp\/v2\/product_cat?post=244541"},{"taxonomy":"product_tag","embeddable":true,"href":"https:\/\/baldumarket.lt\/lt\/wp-json\/wp\/v2\/product_tag?post=244541"}],"curies":[{"name":"wp","href":"https:\/\/api.w.org\/{rel}","templated":true}]}}