{"id":244537,"date":"2026-01-02T23:05:14","date_gmt":"2026-01-02T20:05:14","guid":{"rendered":"https:\/\/baldumarket.lt\/product\/szafka-pod-umywalke-z-blatem-60-cm-line-reed-green\/"},"modified":"2026-02-11T18:33:27","modified_gmt":"2026-02-11T15:33:27","slug":"szafka-pod-umywalke-z-blatem-60-cm-line-reed-green","status":"publish","type":"product","link":"https:\/\/baldumarket.lt\/lt\/product\/szafka-pod-umywalke-z-blatem-60-cm-line-reed-green\/","title":{"rendered":"Praustuvo spintel\u0117 su stalvir\u0161iu, 60 cm, \u201eLine Reed Green\u201c"},"content":{"rendered":"<p>60 cm \u201eLine Reed Green\u201c kriaukl\u0117s spintel\u0117 su stalvir\u0161iu. \u0160i eleganti\u0161ka 60 cm \u201eLine Reed Green\u201c kriaukl\u0117s spintel\u0117 i\u0161 \u201eComad\u201c pagaminta i\u0161 laminuotos plok\u0161t\u0117s ir MDF. Ji turi du erdvius stal\u010dius su frezuotais priekiais ir yra montuojama prie sienos. Puikiai derina funkcionalum\u0105 ir modern\u0173 dizain\u0105. Matmenys: Plotis (cm): 60 Gylis (cm): 39 Auk\u0161tis (cm): 57 Svoris (kg): 20 Techniniai duomenys: Spalva: Nendri\u0173 \u017ealia Med\u017eiaga: Laminuota plok\u0161t\u0117 \/ MDF plok\u0161t\u0117 Korpuso med\u017eiaga: Laminuota plok\u0161t\u0117 Korpuso spalva: Nendri\u0173 \u017ealia Fasad\u0173 med\u017eiaga: MDF plok\u0161t\u0117 Fasad\u0173 spalva: Nendri\u0173 \u017ealia Fasad\u0173 konstrukcija: Frezuoti vertikal\u016bs grioveliai Reikalingas surinkimas: Taip Tvirtinimo kai\u0161\u010diai pridedami: Taip, yra komplekte Tvirtinimo pakuot\u0117 komplekte: Taip Montavimo b\u016bdas patalpoje: Pakabinimui ant sienos Stal\u010di\u0173 kiekis: 2 stal\u010diai 1 stal\u010dius Konstrukcija: Pilnas dugnas su i\u0161pjova galin\u0117je juostel\u0117je \u2013 Rekomenduojama montuoti \u017eem\u0105 sienin\u012f sifon\u0105 \u2013 Sifonas nepridedamas 1 stal\u010dius Prailginimas: 3\/4 prailginimo Stal\u010diaus ilgis: Pilnas i\u0161traukimas, Vir\u0161utinis stal\u010diaus organizatorius: Ne, 1 stal\u010dius, Svorio talpa: 3, Rankenos: Integruotos, Ranken\u0173 med\u017eiaga: MDF, Ranken\u0173 spalva: Nendri\u0173 \u017ealia. Praskaidrinkite savo vonios kambar\u012f eleganti\u0161ka ir stilinga \u201eLine Reed Green\u201c praustuvo spintele su 60 cm stalvir\u0161iu i\u0161 \u201eComad\u201c. \u0160is gra\u017eus, 60 cm plo\u010dio, 39 cm gylio ir 57 cm auk\u0161\u010dio spintel\u0117 suteiks j\u016bs\u0173 interjerui unikalumo.<\/p>\n<p>Pagaminta i\u0161 auk\u0161tos kokyb\u0117s laminuotos plok\u0161t\u0117s ir MDF, \u0161i spintel\u0117 \u017eavi savo patvarumu ir atsparumu dr\u0117gmei, tod\u0117l puikiai tinka bet kuriam vonios kambariui. \u017dalios spalvos korpusas ir fasadai suteikia visam baldui modern\u0173 ir gaiv\u0173 vaizd\u0105. Fasadai puo\u0161ti vertikaliais frezuotais grioveliais, pabr\u0117\u017eian\u010diais \u0161io baldo elegancij\u0105 ir unikalum\u0105.<\/p>\n<p>Spintel\u0117je yra du prakti\u0161ki stal\u010diai, kurie pad\u0117s susitvarkyti vonios kambario aksesuarus. Pirmasis stal\u010dius turi tvirt\u0105 dugn\u0105 su i\u0161pjova galin\u0117je panel\u0117je, leid\u017eian\u010dia patogiai \u012frengti \u017eemo profilio sienin\u012f latako vamzd\u012f (\u012f komplekt\u0105 ne\u012feina). 3\/4 ilgio prailginimas leid\u017eia lengvai pasiekti turin\u012f. Antrasis stal\u010dius visi\u0161kai i\u0161traukiamas, tod\u0117l maksimaliai i\u0161naudojama erdv\u0117.<\/p>\n<p>\u201eLine Reed Green\u201c spintel\u0119 reikia surinkti patiems, o komplekte yra visi reikalingi kai\u0161\u010diai ir tvirtinimo rinkinys. Ji skirta montuoti prie sienos, tod\u0117l j\u0105 patogu naudoti ir lengva valyti grindis.<\/p>\n<p>Elegancija, funkcionalumas ir auk\u0161tos kokyb\u0117s meistri\u0161kumas \u2013 visa tai rasite 60 cm \u201eLine Reed Green\u201c praustuvo spintel\u0117je su stalvir\u0161iu i\u0161 \u201eComad\u201c. Suteikite savo vonios kambariui unikalaus stiliaus ir m\u0117gaukit\u0117s kasdieniu komfortu!<\/p>","protected":false},"excerpt":{"rendered":"<p>Plotis (cm): 60<br \/>\nGylis (cm): 39<br \/>\n\u016agis (cm): 57<\/p>","protected":false},"featured_media":244538,"comment_status":"open","ping_status":"open","template":"","meta":[],"product_brand":[],"product_cat":[9117,2015,9187],"product_tag":[],"class_list":{"0":"post-244537","1":"product","2":"type-product","3":"status-publish","4":"has-post-thumbnail","6":"product_cat-bathroom","7":"product_cat-comad","8":"product_cat-washbasin-cabinet-comad","10":"first","11":"instock","12":"purchasable","13":"product-type-simple"},"_links":{"self":[{"href":"https:\/\/baldumarket.lt\/lt\/wp-json\/wp\/v2\/product\/244537","targetHints":{"allow":["GET"]}}],"collection":[{"href":"https:\/\/baldumarket.lt\/lt\/wp-json\/wp\/v2\/product"}],"about":[{"href":"https:\/\/baldumarket.lt\/lt\/wp-json\/wp\/v2\/types\/product"}],"replies":[{"embeddable":true,"href":"https:\/\/baldumarket.lt\/lt\/wp-json\/wp\/v2\/comments?post=244537"}],"wp:featuredmedia":[{"embeddable":true,"href":"https:\/\/baldumarket.lt\/lt\/wp-json\/wp\/v2\/media\/244538"}],"wp:attachment":[{"href":"https:\/\/baldumarket.lt\/lt\/wp-json\/wp\/v2\/media?parent=244537"}],"wp:term":[{"taxonomy":"product_brand","embeddable":true,"href":"https:\/\/baldumarket.lt\/lt\/wp-json\/wp\/v2\/product_brand?post=244537"},{"taxonomy":"product_cat","embeddable":true,"href":"https:\/\/baldumarket.lt\/lt\/wp-json\/wp\/v2\/product_cat?post=244537"},{"taxonomy":"product_tag","embeddable":true,"href":"https:\/\/baldumarket.lt\/lt\/wp-json\/wp\/v2\/product_tag?post=244537"}],"curies":[{"name":"wp","href":"https:\/\/api.w.org\/{rel}","templated":true}]}}