{"id":244523,"date":"2026-01-02T23:05:09","date_gmt":"2026-01-02T20:05:09","guid":{"rendered":"https:\/\/baldumarket.lt\/product\/szafka-pod-umywalke-nablatowa-80-cm-2s-aruba-829-dab-craft-bialy-polysk_01\/"},"modified":"2026-02-11T18:33:27","modified_gmt":"2026-02-11T15:33:27","slug":"szafka-pod-umywalke-nablatowa-80-cm-2s-aruba-829-dab-craft-bialy-polysk_01","status":"publish","type":"product","link":"https:\/\/baldumarket.lt\/lt\/product\/szafka-pod-umywalke-nablatowa-80-cm-2s-aruba-829-dab-craft-bialy-polysk_01\/","title":{"rendered":"Stalvir\u0161io praustuvo spintel\u0117, 80 cm, 2S, Aruba 829, \u0105\u017euolo baltumo, blizgi, 01"},"content":{"rendered":"<p>\u201eAruba\u201c \u2013 tai unikali kolekcija, kuri \u017eavi savo lengvu ir moderniu dizainu. Med\u017eio spalvos spintel\u0117s kartu su baltais fasadais sukuria subtili\u0105 visum\u0105 su tropinio SPA atmosfera. Apval\u016bs vis\u0173 spinteli\u0173 kra\u0161tai suteikia kolekcijai unikalaus charakterio ir lengvumo, o fasadai be ranken\u0117li\u0173 atspindi naujausias interjero dizaino tendencijas. Kolekcij\u0105 sudaro \u012fvairi\u0173 variant\u0173 \u017eemos ir auk\u0161tos spintel\u0117s, leid\u017eian\u010dios susikurti asmenin\u012f ir unikal\u0173 komplekt\u0105. Neabejotinai \u012fdomus ir itin madingas sprendimas \u2013 vir\u0161 spintel\u0117s su praustuvu. LED ap\u0161viestas veidrodis puikiai papildo serij\u0105, suteikdamas visai serijai modern\u0173 charakter\u012f. \u201eAruba\u201c kolekcija patiks visiems, ie\u0161kantiems unikali\u0173 ir moderni\u0173 sprendim\u0173 savo vonios kambariui.<\/p>","protected":false},"excerpt":{"rendered":"<p>Plotis (cm): 80<br \/>\n\u016agis (cm): 59<br \/>\nGylis (cm): 46<\/p>","protected":false},"featured_media":244524,"comment_status":"open","ping_status":"open","template":"","meta":[],"product_brand":[],"product_cat":[9117,2015,9187],"product_tag":[],"class_list":{"0":"post-244523","1":"product","2":"type-product","3":"status-publish","4":"has-post-thumbnail","6":"product_cat-bathroom","7":"product_cat-comad","8":"product_cat-washbasin-cabinet-comad","10":"first","11":"instock","12":"purchasable","13":"product-type-simple"},"_links":{"self":[{"href":"https:\/\/baldumarket.lt\/lt\/wp-json\/wp\/v2\/product\/244523","targetHints":{"allow":["GET"]}}],"collection":[{"href":"https:\/\/baldumarket.lt\/lt\/wp-json\/wp\/v2\/product"}],"about":[{"href":"https:\/\/baldumarket.lt\/lt\/wp-json\/wp\/v2\/types\/product"}],"replies":[{"embeddable":true,"href":"https:\/\/baldumarket.lt\/lt\/wp-json\/wp\/v2\/comments?post=244523"}],"wp:featuredmedia":[{"embeddable":true,"href":"https:\/\/baldumarket.lt\/lt\/wp-json\/wp\/v2\/media\/244524"}],"wp:attachment":[{"href":"https:\/\/baldumarket.lt\/lt\/wp-json\/wp\/v2\/media?parent=244523"}],"wp:term":[{"taxonomy":"product_brand","embeddable":true,"href":"https:\/\/baldumarket.lt\/lt\/wp-json\/wp\/v2\/product_brand?post=244523"},{"taxonomy":"product_cat","embeddable":true,"href":"https:\/\/baldumarket.lt\/lt\/wp-json\/wp\/v2\/product_cat?post=244523"},{"taxonomy":"product_tag","embeddable":true,"href":"https:\/\/baldumarket.lt\/lt\/wp-json\/wp\/v2\/product_tag?post=244523"}],"curies":[{"name":"wp","href":"https:\/\/api.w.org\/{rel}","templated":true}]}}