{"id":244508,"date":"2026-01-02T23:05:02","date_gmt":"2026-01-02T20:05:02","guid":{"rendered":"https:\/\/baldumarket.lt\/product\/szafka-pod-umywalke-90-cm-ocean-black\/"},"modified":"2026-02-11T18:33:27","modified_gmt":"2026-02-11T15:33:27","slug":"szafka-pod-umywalke-90-cm-ocean-black","status":"publish","type":"product","link":"https:\/\/baldumarket.lt\/lt\/product\/szafka-pod-umywalke-90-cm-ocean-black\/","title":{"rendered":"Praustuvo spintel\u0117 90 cm, vandenyno juoda"},"content":{"rendered":"<p>Praustuvo spintel\u0117 90 cm OCEAN BLACK. \u201eComad\u201c OCEAN BLACK praustuvo spintel\u0117 derina modern\u0173 dizain\u0105 ir funkcionalum\u0105. Matin\u0117s juodos spalvos MDF priekis su frezuotu ra\u0161tu ir alyvuotu \u0105\u017euolo korpusu sukuria eleganti\u0161k\u0105 kontrast\u0105. Du stal\u010diai su \u0161velnaus u\u017edarymo mechanizmu ir lengvu tvirtinimu prie sienos. Matmenys: Plotis (cm): 90 Gylis (cm): 46 Auk\u0161tis (cm): 57 Svoris (kg): 32,5 Techniniai duomenys: Spalva: Matin\u0117 juoda, Alyvuotas \u0105\u017euolas Med\u017eiaga: Laminuota plok\u0161t\u0117 \/ MDF plok\u0161t\u0117 Korpuso med\u017eiaga: Laminuota plok\u0161t\u0117 Korpuso spalva: Alyvuotas \u0105\u017euolas Priekio med\u017eiaga: MDF plok\u0161t\u0117 Priekio spalva: Matin\u0117 juoda Priekio konstrukcija: Frezuotas ra\u0161tas Reikalingas surinkimas: Taip Tvirtinimo kai\u0161\u010diai pridedami: Taip Tvirtinimo rinkinys pridedamas: Taip Montavimo viduje b\u016bdas: Pakabinimui ant sienos Stal\u010di\u0173 kiekis: 2 stal\u010diai 1 stal\u010dius Konstrukcija: Tvirtas dugnas su i\u0161pjova gale Juostel\u0117s \u2013 Rekomenduojama montuoti \u017eem\u0105 sienin\u012f sifon\u0105 \u2013 Sifonas nepridedamas 1 stal\u010diaus prailginimas: 3\/4 prailginimo 2 stal\u010diaus prailginimas: Pilno i\u0161traukimo Vir\u0161utinio stal\u010diaus organizatorius: Ne 1 stal\u010diaus keliamoji galia: 5 Dur\u0173 skai\u010dius: Universal\u016bs Vyriai: \u0160velniai u\u017esidarantys Rankenos: Integruoti Ranken\u0173 med\u017eiaga: MDF plok\u0161t\u0117 Ranken\u0173 spalva: Matin\u0117 juoda Fiksuotos lentynos med\u017eiaga: Netaikoma Fiksuotos lentynos spalva: Netaikoma Fiksuotos lentynos keliamoji galia (kg): 0 Reguliuojamos lentynos med\u017eiaga: Netaikoma Reguliuojamos lentynos spalva: Netaikoma Reguliuojamos lentynos keliamoji galia (kg): 0 \u201eComad\u201c praustuvo spintel\u0117 \u201eOCEAN BLACK\u201c yra tikras meno k\u016brinys tarp vonios bald\u0173. Jos modernus dizainas puikiai dera prie naujausi\u0173 interjero tendencij\u0173, u\u017etikrindamas elegancij\u0105 ir rafinuotum\u0105 bet kuriame kambaryje. Matin\u0117s juodos spalvos fasadas kartu su alyvuotu \u0105\u017euolu sukuria unikali\u0105 kompozicij\u0105, kuri prad\u017eiugins net ir reikliausius vartotojus. \u201eOCEAN BLACK\u201c i\u0161skirtinum\u0105 daro ne tik i\u0161vaizda. Tai taip pat i\u0161skirtinai funkcionalus vonios kambario \u012frangos elementas. D\u0117l gerai apgalvoto dizaino ir tvirtos laminuotos plok\u0161t\u0117s bei MDF konstrukcijos spintel\u0117 yra patvari ir atspari kasdieniam naudojimui. Du erdv\u016bs stal\u010diai suteikia vietos visiems j\u016bs\u0173 reikalingiems aksesuarams, tod\u0117l visk\u0105 galite laikyti tvarkingai ir visada po ranka. Prie sienos tvirtinama \u201eOCEAN BLACK\u201c spintel\u0117 ne tik taupo viet\u0105 j\u016bs\u0173 vonios kambaryje, bet ir suteikia jai modern\u0173 vaizd\u0105. Minimalistin\u0117s, integruotos matin\u0117s juodos spalvos ranken\u0117l\u0117s pabr\u0117\u017eia jos stiling\u0105 charakter\u012f ir yra patogios naudoti. Surinkimas yra paprastas ir intuityvus, nes visos reikalingos tvirtinimo detal\u0117s yra komplekte. \u201eOCEAN BLACK\u201c yra elegancijos ir prakti\u0161kumo sinonimas. Frezuota fasad\u0173 strukt\u016bra suteikia bendram dizainui subtilios dinamikos, lau\u017eydama bet kurio vonios kambario dekoravimo rutin\u0105. Pasirink\u0119 \u0161i\u0105 spintel\u0119, \u012fgysite ne tik gra\u017ei\u0105 dekoracij\u0105, bet ir funkcional\u0173 element\u0105, kuris palengvins kasdienius gro\u017eio ritualus. \u012esitikinkite patys, kok\u012f did\u017eiul\u012f skirtum\u0105 gali padaryti vienas stilingas baldas.<\/p>","protected":false},"excerpt":{"rendered":"<p>Plotis (cm): 90<br \/>\nGylis (cm): 46<br \/>\n\u016agis (cm): 57<\/p>","protected":false},"featured_media":244509,"comment_status":"open","ping_status":"open","template":"","meta":[],"product_brand":[],"product_cat":[9117,2015,9187],"product_tag":[],"class_list":{"0":"post-244508","1":"product","2":"type-product","3":"status-publish","4":"has-post-thumbnail","6":"product_cat-bathroom","7":"product_cat-comad","8":"product_cat-washbasin-cabinet-comad","10":"first","11":"instock","12":"purchasable","13":"product-type-simple"},"_links":{"self":[{"href":"https:\/\/baldumarket.lt\/lt\/wp-json\/wp\/v2\/product\/244508","targetHints":{"allow":["GET"]}}],"collection":[{"href":"https:\/\/baldumarket.lt\/lt\/wp-json\/wp\/v2\/product"}],"about":[{"href":"https:\/\/baldumarket.lt\/lt\/wp-json\/wp\/v2\/types\/product"}],"replies":[{"embeddable":true,"href":"https:\/\/baldumarket.lt\/lt\/wp-json\/wp\/v2\/comments?post=244508"}],"wp:featuredmedia":[{"embeddable":true,"href":"https:\/\/baldumarket.lt\/lt\/wp-json\/wp\/v2\/media\/244509"}],"wp:attachment":[{"href":"https:\/\/baldumarket.lt\/lt\/wp-json\/wp\/v2\/media?parent=244508"}],"wp:term":[{"taxonomy":"product_brand","embeddable":true,"href":"https:\/\/baldumarket.lt\/lt\/wp-json\/wp\/v2\/product_brand?post=244508"},{"taxonomy":"product_cat","embeddable":true,"href":"https:\/\/baldumarket.lt\/lt\/wp-json\/wp\/v2\/product_cat?post=244508"},{"taxonomy":"product_tag","embeddable":true,"href":"https:\/\/baldumarket.lt\/lt\/wp-json\/wp\/v2\/product_tag?post=244508"}],"curies":[{"name":"wp","href":"https:\/\/api.w.org\/{rel}","templated":true}]}}